{"id":266457,"date":"2026-01-14T00:24:17","date_gmt":"2026-01-13T21:24:17","guid":{"rendered":"https:\/\/baldumarket.lt\/product\/szafa-flex-garderoba-150-cm-bialy\/"},"modified":"2026-02-11T18:18:24","modified_gmt":"2026-02-11T15:18:24","slug":"szafa-flex-garderoba-150-cm-bialy","status":"publish","type":"product","link":"https:\/\/baldumarket.lt\/lt\/product\/szafa-flex-garderoba-150-cm-bialy\/","title":{"rendered":"\u201eFlex\u201c spinta, 150 cm, balta"},"content":{"rendered":"<p>\u201eFlex\u201c spinta \u2013 stilius akimirksniu. Atviros lentynos puikiai tinka \u012fvairiems interjerams. Jei vertinate tvark\u0105 ir greit\u0105 prieig\u0105 prie drabu\u017ei\u0173, \u201eFlex\u201c spinta be dur\u0173 yra puikus sprendimas. Ryte galite i\u0161 karto matyti turin\u012f ir i\u0161sirinkti tinkam\u0105 aprang\u0105. Tai suteiks jums papildom\u0173 minu\u010di\u0173 poilsiui ar ramiai kavai! Atvira spinta, kurios matmenys 150 x 240 x 66 cm, puikiai tinka net ma\u017eesn\u0117se erdv\u0117se, tuo pa\u010diu i\u0161naudodama turim\u0105 auk\u0161t\u012f. Tai gali b\u016bti puikus pasirinkimas miegamajam, nereikalaujant atskiros patalpos. Optimalus vidinis i\u0161d\u0117stymas leid\u017eia laikyti \u012fvairius drabu\u017eius. Spintos viduje yra 12 kompakti\u0161k\u0173 skyri\u0173 palaidin\u0117ms, megztiniams ar keln\u0117ms, taip pat du pakabos b\u0117geliai, puikiai tinkantys eleganti\u0161kiems drabu\u017ei\u0173 spintos daiktams. Apatinius drabu\u017eius ir aksesuarus galima laikyti 6 stal\u010diuose. Pilno i\u0161traukimo rutuliniai guoliai ir \u0161velnaus u\u017edarymo funkcija u\u017etikrina patog\u0173 naudojim\u0105. Spinta su atviromis lentynomis yra universali spalv\u0173 gama. Baltas korpusas ir pilka drob\u0117s apdaila puikiai tinka \u012fvairiems interjero stiliams \u2013 nuo bohemi\u0161ko ir skandinavi\u0161ko iki modernaus ir prabangaus. \u0160ios prislopintos spalvos si\u016blo plat\u0173 dizaino variant\u0173 pasirinkim\u0105 ir puikiai tinka j\u016bs\u0173 garderobui.<\/p>\n<p>Prek\u0117s kodas F57-SZAFA_ZESTAW_107-BI Simbolis ZM EAN Plotis 150 cm Gylis 66 cm Auk\u0161tis 240 cm Kolekcija \u201eFlex\u201c Spalva balta Atspalvis baltas Stilius modernus Med\u017eiaga laminatas Stal\u010di\u0173 skai\u010dius 5 ir daugiau stal\u010di\u0173 Ap\u0161vietimas pasirenkamas Gamintojas Juoda Raudona Balta Baldo tipas Spintos PVM mokestis 23% EAN 5906123847391<\/p>","protected":false},"excerpt":{"rendered":"<p>\u201eFlex\u201c spinta \u2013 stilius akimirksniu. Atviros lentynos puikiai tinka \u012fvairiems interjerams. Jei vertinate tvark\u0105 ir greit\u0105 prieig\u0105 prie drabu\u017ei\u0173, \u201eFlex\u201c spinta be dur\u0173 yra puikus sprendimas. Ryte gal\u0117site i\u0161 karto matyti turin\u012f ir i\u0161sirinkti tinkam\u0105 aprang\u0105. Tai pad\u0117s [\u2026]<\/p>","protected":false},"featured_media":0,"comment_status":"open","ping_status":"open","template":"","meta":[],"product_brand":[],"product_cat":[9200,1177],"product_tag":[],"class_list":{"0":"post-266457","1":"product","2":"type-product","3":"status-publish","5":"product_cat-black-red-white","6":"product_cat-wardrobes","8":"first","9":"instock","10":"purchasable","11":"product-type-simple"},"_links":{"self":[{"href":"https:\/\/baldumarket.lt\/lt\/wp-json\/wp\/v2\/product\/266457","targetHints":{"allow":["GET"]}}],"collection":[{"href":"https:\/\/baldumarket.lt\/lt\/wp-json\/wp\/v2\/product"}],"about":[{"href":"https:\/\/baldumarket.lt\/lt\/wp-json\/wp\/v2\/types\/product"}],"replies":[{"embeddable":true,"href":"https:\/\/baldumarket.lt\/lt\/wp-json\/wp\/v2\/comments?post=266457"}],"wp:attachment":[{"href":"https:\/\/baldumarket.lt\/lt\/wp-json\/wp\/v2\/media?parent=266457"}],"wp:term":[{"taxonomy":"product_brand","embeddable":true,"href":"https:\/\/baldumarket.lt\/lt\/wp-json\/wp\/v2\/product_brand?post=266457"},{"taxonomy":"product_cat","embeddable":true,"href":"https:\/\/baldumarket.lt\/lt\/wp-json\/wp\/v2\/product_cat?post=266457"},{"taxonomy":"product_tag","embeddable":true,"href":"https:\/\/baldumarket.lt\/lt\/wp-json\/wp\/v2\/product_tag?post=266457"}],"curies":[{"name":"wp","href":"https:\/\/api.w.org\/{rel}","templated":true}]}}