{"id":266445,"date":"2026-01-14T00:24:07","date_gmt":"2026-01-13T21:24:07","guid":{"rendered":"https:\/\/baldumarket.lt\/product\/szafa-dwudrzwiowa-z-szuflada-zele-dab-wotan\/"},"modified":"2026-02-11T18:18:24","modified_gmt":"2026-02-11T15:18:24","slug":"szafa-dwudrzwiowa-z-szuflada-zele-dab-wotan","status":"publish","type":"product","link":"https:\/\/baldumarket.lt\/lt\/product\/szafa-dwudrzwiowa-z-szuflada-zele-dab-wotan\/","title":{"rendered":"Dviej\u0173 dur\u0173 spinta su stal\u010diumi ZELE, \u0105\u017euolo spalvos, Wotan"},"content":{"rendered":"<p>\u201eZele\u201c spinta \u2013 funkcionalumas ir minimalistinis stilius. \u201eZele\u201c kolekcija \u2013 puikus pasirinkimas modernaus dizaino ir minimalistinio interjero m\u0117g\u0117jams. \u201eZele\u201c spinta yra b\u016btinas bet kurio modernaus miegamojo elementas, derinantis funkcionalum\u0105 su estetika. \u201eZele\u201c spinta \u2013 puikus sprendimas ie\u0161kantiems paprastos ir funkcionalios spintos savo miegamajam ar paauglio kambariui. Dvidur\u0117 \u201eZele\u201c spinta suteikia vietos drabu\u017eiams ir aksesuarams laikyti. Viduje yra pakabinimo b\u0117gelis drabu\u017eiams pakabinti, kad jie b\u016bt\u0173 tvarkingai sutvarkyti. Be to, funkcionalus stal\u010dius spintos apa\u010dioje leid\u017eia lengvai laikyti atsargin\u0119 patalyn\u0119 ar kitus smulkius daiktus. \u201eZele\u201c spinta si\u016blo \u012fvairi\u0173 spalv\u0173 variant\u0173. \u201eWotan Oak\u201c apdaila suteikia interjerui \u0161ilto ir nat\u016bralaus charakterio, o blizgios baltos fasadai \u2013 modern\u0173 vaizd\u0105. \u0160is derinys leid\u017eia \u201eZele\u201c spintai harmoningai der\u0117ti prie \u012fvairi\u0173 miegam\u0173j\u0173 stili\u0173. Minimalistin\u0117 rankena, integruota \u012f fasad\u0173 kra\u0161tus, pabr\u0117\u017eia baldo charakter\u012f ir suteikia jam elegancijos. \u201eZele\u201c spinta ne tik atlieka praktin\u0119 funkcij\u0105, bet ir suteikia j\u016bs\u0173 interjerui modernumo bei stiliaus. Derinkite erdvi\u0105 \u201eZele\u201c spint\u0105 su kitais \u201eZele\u201c kolekcijos baldais, kad sukurtum\u0117te darni\u0105 ir ergonomi\u0161k\u0105 erdv\u0119 savo miegamajame ar jaunimo kambaryje. \u0160is baldas ne tik padeda palaikyti tvark\u0105, bet ir pagerina j\u016bs\u0173 interjero charakter\u012f bei suteikia elegancijos.<\/p>\n<p>Prek\u0117s kodas S383-SZF2D1S-DWO Simbolis ZM EAN Plotis 90,5 cm Gylis 56,5 cm Auk\u0161tis 195 cm Kolekcija Zele Spalva wotan \u0105\u017euolas Gaubtas \u0161viesi mediena Stilius modernus Med\u017eiaga laminatas Dur\u0173 skai\u010dius 2 dur\u0173 Stal\u010di\u0173 skai\u010dius 1 stal\u010dius Rankena su rankenomis Gamintojas Juoda Raudona Balta Baldo tipas Spintos PVM mokestis 23% EAN 5906123929066<\/p>","protected":false},"excerpt":{"rendered":"<p>\u201eZele\u201c spinta \u2013 funkcionalumas ir minimalistinis stilius. \u201eZele\u201c kolekcija \u2013 puikus pasirinkimas modernaus dizaino ir minimalistinio interjero m\u0117g\u0117jams. \u201eZele\u201c spinta yra esminis bet kurio modernaus miegamojo elementas, derinantis funkcionalum\u0105 ir estetik\u0105. \u201eZele\u201c spinta \u2013 puikus sprendimas ie\u0161kantiems paprastos ir funkcionalios spintos savo [\u2026]<\/p>","protected":false},"featured_media":266446,"comment_status":"open","ping_status":"open","template":"","meta":[],"product_brand":[],"product_cat":[9200,1177],"product_tag":[],"class_list":{"0":"post-266445","1":"product","2":"type-product","3":"status-publish","4":"has-post-thumbnail","6":"product_cat-black-red-white","7":"product_cat-wardrobes","9":"first","10":"instock","11":"purchasable","12":"product-type-simple"},"_links":{"self":[{"href":"https:\/\/baldumarket.lt\/lt\/wp-json\/wp\/v2\/product\/266445","targetHints":{"allow":["GET"]}}],"collection":[{"href":"https:\/\/baldumarket.lt\/lt\/wp-json\/wp\/v2\/product"}],"about":[{"href":"https:\/\/baldumarket.lt\/lt\/wp-json\/wp\/v2\/types\/product"}],"replies":[{"embeddable":true,"href":"https:\/\/baldumarket.lt\/lt\/wp-json\/wp\/v2\/comments?post=266445"}],"wp:featuredmedia":[{"embeddable":true,"href":"https:\/\/baldumarket.lt\/lt\/wp-json\/wp\/v2\/media\/266446"}],"wp:attachment":[{"href":"https:\/\/baldumarket.lt\/lt\/wp-json\/wp\/v2\/media?parent=266445"}],"wp:term":[{"taxonomy":"product_brand","embeddable":true,"href":"https:\/\/baldumarket.lt\/lt\/wp-json\/wp\/v2\/product_brand?post=266445"},{"taxonomy":"product_cat","embeddable":true,"href":"https:\/\/baldumarket.lt\/lt\/wp-json\/wp\/v2\/product_cat?post=266445"},{"taxonomy":"product_tag","embeddable":true,"href":"https:\/\/baldumarket.lt\/lt\/wp-json\/wp\/v2\/product_tag?post=266445"}],"curies":[{"name":"wp","href":"https:\/\/api.w.org\/{rel}","templated":true}]}}