{"id":266441,"date":"2026-01-14T00:24:03","date_gmt":"2026-01-13T21:24:03","guid":{"rendered":"https:\/\/baldumarket.lt\/product\/szafa-dwudrzwiowa-z-szuflada-torin-102-cm-dab-ribbeck-braz\/"},"modified":"2026-02-11T18:18:24","modified_gmt":"2026-02-11T15:18:24","slug":"szafa-dwudrzwiowa-z-szuflada-torin-102-cm-dab-ribbeck-braz","status":"publish","type":"product","link":"https:\/\/baldumarket.lt\/lt\/product\/szafa-dwudrzwiowa-z-szuflada-torin-102-cm-dab-ribbeck-braz\/","title":{"rendered":"TORIN dvidur\u0117 spinta su stal\u010diumi, 102 cm, \u0105\u017euolo rudos spalvos, briaunotas ra\u0161tas"},"content":{"rendered":"<p>\u201eTorin\u201c spinta \u2013 stilinga j\u016bs\u0173 svetain\u0117s organizavimo priemon\u0117. Jei ie\u0161kote unikalaus svetain\u0117s dizaino, labai rekomenduojame \u201eTorin\u201c kolekcij\u0105. \u0160i tvirto stiliaus bald\u0173 linija, pasi\u017eyminti ry\u0161kiomis \u0161onin\u0117mis linijomis, puikiai der\u0117s prie bet kokio interjero. Be to, metalin\u0117s rankenos, po stalvir\u0161iu montuojamas ap\u0161vietimas ir dizaineri\u0173 sukurti aksesuarai \u201eTorin\u201c spint\u0105 daro ne tik prakti\u0161k\u0105, bet ir esteti\u0161kai patraukli\u0105. Dviej\u0173 dur\u0173 spinta si\u016blo erdv\u0173 organizatori\u0173, kuriame lengva laikyti drabu\u017eius ar dokumentus. Prakti\u0161kas vidus leid\u017eia lengvai rasti tai, ko jums reikia, ir sukurti vietos \u012fvairiems daiktams. 102 x 200 cm spintos viduje rasite: \u2013 sekcij\u0105 su pakaba pakabinti, idealiai tinkan\u010di\u0105 paltams, suknel\u0117ms ir kostiumams laikyti; \u2013 tris prakti\u0161kas lentynas d\u017einsams, megztiniams ar dokumentams; \u2013 plat\u0173 stal\u010di\u0173 patalynei ar stalties\u0117ms. V\u0117si \u201eRibbecko\u201c rudo \u0105\u017euolo spalva puikiai perteikia nat\u016bral\u0173 medienos ra\u0161to gro\u017e\u012f. Tvirt\u0105 stili\u0173 apib\u016bdina pastorinti \u0161onai ir metalin\u0117s rankenos, taip pat nereik\u0117t\u0173 pamir\u0161ti ir ry\u0161kios grioveli\u0173 juostos \u201evenge magic oak\u201c spalvos. Tinkam\u0105 ap\u0161vietim\u0105 u\u017etikrina energij\u0105 taupantis LED ap\u0161vietimas. Stal\u010diai ir fasadai skland\u017eiai u\u017esidaro d\u0117l \u0161velnaus u\u017edarymo mechanizm\u0173 ir metalini\u0173 ranken\u0117li\u0173. \u201eTorin\u201c spinta puikiai atrodo ir pati savaime, ta\u010diau i\u0161ties \u012fgauna savit\u0105 charakter\u012f derinama su kitais kolekcijos elementais. Derinkite juos, kad sukurtum\u0117te ergonomi\u0161k\u0105 ir stiling\u0105 erdv\u0119 savo svetain\u0117je.<\/p>\n<p>Prek\u0117s kodas S481-SZF2D1S-DRB Simbolis ZM EAN Plotis 102 cm Gylis 62 cm Auk\u0161tis 200 cm Kolekcija Torin Spalva riev\u0117ta \u0105\u017euolo ruda Atspalvis tamsi mediena Stilius modernus Med\u017eiaga laminatas Dureli\u0173 skai\u010dius 2 dur\u0173 Stal\u010di\u0173 skai\u010dius 1 stal\u010dius Rankena su ranken\u0117l\u0117mis Ap\u0161vietimas su ap\u0161vietimu Gamintojas Juoda Raudona Balta Baldo tipas Spintos PVM 23% EAN 5906123708166<\/p>","protected":false},"excerpt":{"rendered":"<p>The Torin Wardrobe \u2013 Classy Organization for Your Living Room. If you&#8217;re looking for a unique living room design, we highly recommend the Torin collection. Characterized by bold sides, this solid-style furniture line will blend seamlessly into any interior. Furthermore, metal handles, under-counter lighting, and designer accessories make the Torin wardrobe not only practical but [&hellip;]<\/p>","protected":false},"featured_media":266442,"comment_status":"open","ping_status":"open","template":"","meta":[],"product_brand":[],"product_cat":[9200,1177],"product_tag":[],"class_list":{"0":"post-266441","1":"product","2":"type-product","3":"status-publish","4":"has-post-thumbnail","6":"product_cat-black-red-white","7":"product_cat-wardrobes","9":"first","10":"instock","11":"purchasable","12":"product-type-simple"},"_links":{"self":[{"href":"https:\/\/baldumarket.lt\/lt\/wp-json\/wp\/v2\/product\/266441","targetHints":{"allow":["GET"]}}],"collection":[{"href":"https:\/\/baldumarket.lt\/lt\/wp-json\/wp\/v2\/product"}],"about":[{"href":"https:\/\/baldumarket.lt\/lt\/wp-json\/wp\/v2\/types\/product"}],"replies":[{"embeddable":true,"href":"https:\/\/baldumarket.lt\/lt\/wp-json\/wp\/v2\/comments?post=266441"}],"wp:featuredmedia":[{"embeddable":true,"href":"https:\/\/baldumarket.lt\/lt\/wp-json\/wp\/v2\/media\/266442"}],"wp:attachment":[{"href":"https:\/\/baldumarket.lt\/lt\/wp-json\/wp\/v2\/media?parent=266441"}],"wp:term":[{"taxonomy":"product_brand","embeddable":true,"href":"https:\/\/baldumarket.lt\/lt\/wp-json\/wp\/v2\/product_brand?post=266441"},{"taxonomy":"product_cat","embeddable":true,"href":"https:\/\/baldumarket.lt\/lt\/wp-json\/wp\/v2\/product_cat?post=266441"},{"taxonomy":"product_tag","embeddable":true,"href":"https:\/\/baldumarket.lt\/lt\/wp-json\/wp\/v2\/product_tag?post=266441"}],"curies":[{"name":"wp","href":"https:\/\/api.w.org\/{rel}","templated":true}]}}