{"id":266425,"date":"2026-01-14T00:23:45","date_gmt":"2026-01-13T21:23:45","guid":{"rendered":"https:\/\/baldumarket.lt\/product\/szafa-dwudrzwiowa-z-szuflada-ruso-104-cm-dab-april-czarny-mat\/"},"modified":"2026-02-11T18:18:24","modified_gmt":"2026-02-11T15:18:24","slug":"szafa-dwudrzwiowa-z-szuflada-ruso-104-cm-dab-april-czarny-mat","status":"publish","type":"product","link":"https:\/\/baldumarket.lt\/lt\/product\/szafa-dwudrzwiowa-z-szuflada-ruso-104-cm-dab-april-czarny-mat\/","title":{"rendered":"Dviej\u0173 dur\u0173 spinta su stal\u010diumi RUSO 104 cm, baland\u017eio \u0105\u017euolo spalvos\/matin\u0117s juodos spalvos"},"content":{"rendered":"<p>\u201eRuso\u201c spinta \u2013 erdv\u0117 naujoms galimyb\u0117ms. \u201eRuso\u201c kolekcija \u2013 puikus pasirinkimas tiems, kurie vertina klasikin\u012f interjero dizain\u0105. \u0160tai kod\u0117l tur\u0117tum\u0117te apsvarstyti \u201eRuso\u201c spint\u0105: trij\u0173 dur\u0173 \u201eRuso\u201c spinta si\u016blo daug vietos drabu\u017eiams ir aksesuarams laikyti. Joje yra vir\u0161utin\u0117 lentyna, pakaba ir erdvus stal\u010dius apatin\u0117je dalyje, puikiai tinkantis asmeniniams daiktams. Baldo spalvos \u0105\u017euolo spalvos korpusas sukuria ry\u0161k\u0173 \u012fr\u0117minim\u0105 lygioms matin\u0117s juodos spalvos fasadams. I\u0161skirtinis medienos ra\u0161tas suteikia baldui klasikin\u012f charakter\u012f. Dekoratyviniai cokolio elementai ir \u012fdubimai fasaduose, kurie taip pat atlieka ranken\u0173 funkcij\u0105, suteikia baldui modernumo ir i\u0161skiria j\u012f i\u0161 kit\u0173. Komplekte yra matin\u0117s spalvos juostel\u0117, kuri\u0105 galima \u012fmontuoti \u012f fasad\u0173 \u012fdubimus, suteikiant jam elegancijos. \u201eRuso\u201c spinta apr\u016bpinta \u0161velnaus u\u017edarymo priedais, u\u017etikrinan\u010diais skland\u0173 ir tyl\u0173 dureli\u0173 atidarym\u0105 ir u\u017edarym\u0105. \u201eRuso\u201c spint\u0105 galima derinti su kitais \u201eRuso\u201c kolekcijos baldais, tod\u0117l galite sukurti darni\u0105 erdv\u0119 savo svetain\u0117je, miegamajame ar darbo kambaryje. Trumpai tariant, \u201eRuso\u201c spinta yra puikus sprendimas tiems, kurie vertina klasikin\u012f dizain\u0105 ir funkcionalum\u0105. D\u0117l didel\u0117s talpos ir kruop\u0161taus dizaino \u0161i spinta ne tik pad\u0117s laikyti drabu\u017eius, bet ir taps eleganti\u0161ku j\u016bs\u0173 interjero elementu. Spinta gali b\u016bti derinama su kitais \u201eRuso\u201c kolekcijos baldais, sukuriant darni\u0105 ir harmoning\u0105 erdv\u0119.<\/p>\n<p>Prek\u0117s kodas S407-SZF2D1S-DARL\/CAM Simbolis ZM EAN Plotis 104 cm Gylis 60,5 cm Auk\u0161tis 204,5 cm Kolekcija Ruso Spalva baland\u017eio spalvos \u0105\u017euolas\/matin\u0117 juoda Atspalvis tamsi mediena Stilius modernus Med\u017eiaga laminatas Dureli\u0173 skai\u010dius 2 dur\u0173 Stal\u010di\u0173 skai\u010dius 1 stal\u010dius Rankena be ranken\u0117li\u0173 Gamintojas Juoda Raudona Balta Baldo tipas Spintos PVM 23% EAN 5906123944892<\/p>","protected":false},"excerpt":{"rendered":"<p>Ruso Wardrobe \u2013 A Space for New PossibilitiesThe Ruso collection is the perfect choice for those who value classic interior design. Here&#8217;s why you should consider the Ruso wardrobe: The three-door Ruso wardrobe offers ample space for storing clothes and accessories. It features a top shelf, a hanging rail, and a spacious drawer in the [&hellip;]<\/p>","protected":false},"featured_media":266426,"comment_status":"open","ping_status":"open","template":"","meta":[],"product_brand":[],"product_cat":[9200,1177],"product_tag":[],"class_list":{"0":"post-266425","1":"product","2":"type-product","3":"status-publish","4":"has-post-thumbnail","6":"product_cat-black-red-white","7":"product_cat-wardrobes","9":"first","10":"instock","11":"purchasable","12":"product-type-simple"},"_links":{"self":[{"href":"https:\/\/baldumarket.lt\/lt\/wp-json\/wp\/v2\/product\/266425","targetHints":{"allow":["GET"]}}],"collection":[{"href":"https:\/\/baldumarket.lt\/lt\/wp-json\/wp\/v2\/product"}],"about":[{"href":"https:\/\/baldumarket.lt\/lt\/wp-json\/wp\/v2\/types\/product"}],"replies":[{"embeddable":true,"href":"https:\/\/baldumarket.lt\/lt\/wp-json\/wp\/v2\/comments?post=266425"}],"wp:featuredmedia":[{"embeddable":true,"href":"https:\/\/baldumarket.lt\/lt\/wp-json\/wp\/v2\/media\/266426"}],"wp:attachment":[{"href":"https:\/\/baldumarket.lt\/lt\/wp-json\/wp\/v2\/media?parent=266425"}],"wp:term":[{"taxonomy":"product_brand","embeddable":true,"href":"https:\/\/baldumarket.lt\/lt\/wp-json\/wp\/v2\/product_brand?post=266425"},{"taxonomy":"product_cat","embeddable":true,"href":"https:\/\/baldumarket.lt\/lt\/wp-json\/wp\/v2\/product_cat?post=266425"},{"taxonomy":"product_tag","embeddable":true,"href":"https:\/\/baldumarket.lt\/lt\/wp-json\/wp\/v2\/product_tag?post=266425"}],"curies":[{"name":"wp","href":"https:\/\/api.w.org\/{rel}","templated":true}]}}