{"id":266421,"date":"2026-01-14T00:23:42","date_gmt":"2026-01-13T21:23:42","guid":{"rendered":"https:\/\/baldumarket.lt\/product\/szafa-dwudrzwiowa-z-szuflada-nandu-90-cm-jasny-szary-dab-polski-bialy-polysk\/"},"modified":"2026-02-11T18:18:24","modified_gmt":"2026-02-11T15:18:24","slug":"szafa-dwudrzwiowa-z-szuflada-nandu-90-cm-jasny-szary-dab-polski-bialy-polysk","status":"publish","type":"product","link":"https:\/\/baldumarket.lt\/lt\/product\/szafa-dwudrzwiowa-z-szuflada-nandu-90-cm-jasny-szary-dab-polski-bialy-polysk\/","title":{"rendered":"NANDU 90 cm dviej\u0173 dur\u0173 spinta su stal\u010diumi, \u0161viesiai pilka\/poliruoto \u0105\u017euolo\/blizgios baltos spalvos"},"content":{"rendered":"<p>\u201eNandu\u201c spinta \u2013 funkcionali daikt\u0173 laikymo sistema su unikaliu prisilietimu. Su\u017einokite, kaip \u201eNandu\u201c spinta gali tapti ne tik prakti\u0161ka daikt\u0173 laikymo vieta, bet ir dizainerio elementu jaunimo kambaryje. Tai ne tik baldas \u2013 tai erdvus organizatorius su asmeniniu prisilietimu. \u201eNandu\u201c spinta \u2013 puikus sprendimas drabu\u017eiams, avalynei ir aksesuarams laikyti. Keturios prakti\u0161kos lentynos ir pakabos pakabinimui u\u017etikrina optimali\u0105 organizacij\u0105, o erdvus stal\u010dius spintos apa\u010dioje puikiai tinka apatiniams drabu\u017eiams ir smulkiems lobiams. Atvir\u0105 erdv\u0119 galite laisvai pritaikyti pagal savo poreikius. Pilkas r\u0117mas kartu su lenki\u0161ku \u0105\u017euolu sukuria subtil\u0173 pagrind\u0105 \u0161viesiai pilkiems ir blizgiai baltiems fasadams. Nor\u0117dami dar daugiau originalumo, rinkit\u0117s stal\u010di\u0173 su skaitmeniniu komiks\u0173 spaudiniu, kuris pabr\u0117\u0161 j\u016bs\u0173 vaiko asmenyb\u0119. Lyg\u016bs, be ranken\u0117li\u0173 dviej\u0173 dur\u0173 spintos fasadai pabr\u0117\u017eia modernias baldo linijas, suteikdami jiems eleganti\u0161k\u0105 i\u0161vaizd\u0105. Tai puikus sprendimas tiems, kurie vertina paprastum\u0105 ir minimalistin\u012f dizain\u0105. \u0160velniai u\u017esidarantys vyriai u\u017etikrina, kad spinta atsidaryt\u0173 ir u\u017esidaryt\u0173 tyliai. Tai ypa\u010d svarbu ryte, kai visi nori i\u0161likti ram\u016bs, ruo\u0161damiesi dienai. \u201eNandu\u201c spinta yra ne tik prakti\u0161ka drabu\u017ei\u0173 organizatorius, bet ir ne\u012fkainojamas kolekcijos elementas, padedantis sukurti funkcionali\u0105 erdv\u0119 augimui. Derinkite j\u0105 su kitais \u201eNandu\u201c kolekcijos elementais, kad sukurtum\u0117te harmoning\u0105 erdv\u0119, kurioje j\u016bs\u0173 vaikas vystysis.<\/p>\n<p>Prek\u0117s kodas S441-SZF2D1S-JSZ\/DP\/BIP Simbolis ZM EAN Plotis 90 cm Gylis 55 cm Auk\u0161tis 200,5 cm Kolekcija Nandu Spalva \u0161viesiai pilka\/poliruoto \u0105\u017euolo\/blizgi balta Pilkos spalvos atspalvis Stilius modernus Med\u017eiaga laminatas Dureli\u0173 skai\u010dius 2 dur\u0173 Stal\u010di\u0173 skai\u010dius 1 stal\u010dius Rankena be ranken\u0117li\u0173 Gamintojas Juoda Raudona Balta Baldo tipas Spintos PVM 23% EAN 5906123952637<\/p>","protected":false},"excerpt":{"rendered":"<p>Nandu Wardrobe \u2013 Functional Storage with a Unique Touch. Discover how the Nandu wardrobe can become not only practical storage but also a designer element in a youth room. It&#8217;s not just a piece of furniture \u2013 it&#8217;s a spacious organizer with a personal touch. The Nandu wardrobe is the perfect solution for storing clothing, [&hellip;]<\/p>","protected":false},"featured_media":266422,"comment_status":"open","ping_status":"open","template":"","meta":[],"product_brand":[],"product_cat":[9200,1177],"product_tag":[],"class_list":{"0":"post-266421","1":"product","2":"type-product","3":"status-publish","4":"has-post-thumbnail","6":"product_cat-black-red-white","7":"product_cat-wardrobes","9":"first","10":"instock","11":"purchasable","12":"product-type-simple"},"_links":{"self":[{"href":"https:\/\/baldumarket.lt\/lt\/wp-json\/wp\/v2\/product\/266421","targetHints":{"allow":["GET"]}}],"collection":[{"href":"https:\/\/baldumarket.lt\/lt\/wp-json\/wp\/v2\/product"}],"about":[{"href":"https:\/\/baldumarket.lt\/lt\/wp-json\/wp\/v2\/types\/product"}],"replies":[{"embeddable":true,"href":"https:\/\/baldumarket.lt\/lt\/wp-json\/wp\/v2\/comments?post=266421"}],"wp:featuredmedia":[{"embeddable":true,"href":"https:\/\/baldumarket.lt\/lt\/wp-json\/wp\/v2\/media\/266422"}],"wp:attachment":[{"href":"https:\/\/baldumarket.lt\/lt\/wp-json\/wp\/v2\/media?parent=266421"}],"wp:term":[{"taxonomy":"product_brand","embeddable":true,"href":"https:\/\/baldumarket.lt\/lt\/wp-json\/wp\/v2\/product_brand?post=266421"},{"taxonomy":"product_cat","embeddable":true,"href":"https:\/\/baldumarket.lt\/lt\/wp-json\/wp\/v2\/product_cat?post=266421"},{"taxonomy":"product_tag","embeddable":true,"href":"https:\/\/baldumarket.lt\/lt\/wp-json\/wp\/v2\/product_tag?post=266421"}],"curies":[{"name":"wp","href":"https:\/\/api.w.org\/{rel}","templated":true}]}}