{"id":266409,"date":"2026-01-14T00:23:32","date_gmt":"2026-01-13T21:23:32","guid":{"rendered":"https:\/\/baldumarket.lt\/product\/szafa-dwudrzwiowa-z-szuflada-holten-106-cm-dab-waterford\/"},"modified":"2026-02-11T18:18:25","modified_gmt":"2026-02-11T15:18:25","slug":"szafa-dwudrzwiowa-z-szuflada-holten-106-cm-dab-waterford","status":"publish","type":"product","link":"https:\/\/baldumarket.lt\/lt\/product\/szafa-dwudrzwiowa-z-szuflada-holten-106-cm-dab-waterford\/","title":{"rendered":"HOLTEN 106 cm Waterford \u0105\u017euolo spalvos dviej\u0173 dur\u0173 spinta su stal\u010diumi"},"content":{"rendered":"<p>\u201eHolten\u201c spinta \u2013 tobula vieta daiktams susid\u0117ti. Kiekvienuose namuose reikia vietos daiktams susid\u0117ti \u2013 nuo drabu\u017ei\u0173 iki \u012fvairi\u0173 kasdieni\u0173 daikt\u0173. \u201eHolten\u201c spinta \u2013 tai baldas, kuris ne tik leid\u017eia laikyti visk\u0105, ko reikia, bet ir suteikia erdvei elegancijos. \u0160i dviej\u0173 dur\u0173 \u201eHolten\u201c spinta si\u016blo daug vietos drabu\u017eiams ir daugeliui kit\u0173 daikt\u0173 susid\u0117ti. Pagrindiniame spintos skyriuje yra pakabos skersinis, ant kurio galite pakabinti drabu\u017eius, kad jie b\u016bt\u0173 tvarkingi ir lengvai pasiekiami. Be to, patogi vir\u0161utin\u0117 lentyna leid\u017eia laikyti daiktus, kuri\u0173 neb\u016btinai reikia kabinti. Tai puiki vieta patalynei, rank\u0161luos\u010diams ar kitiems nam\u0173 apyvokos daiktams. Prakti\u0161kas stal\u010dius spintos apa\u010dioje leid\u017eia efektyviai susitvarkyti erdv\u0119. Galite laikyti daiktus, kuriuos norite tur\u0117ti po ranka, tuo pa\u010diu i\u0161laikydami tvark\u0105 spintoje. \u201eHolten\u201c spintos dizainas \u2013 tai elegancijos ir funkcionalumo derinys. Baldo korpusas yra matin\u0117s baltos spalvos, suteikian\u010dios jam modern\u0173 charakter\u012f ir subtil\u0173 \u017eaves\u012f. Priekin\u0117s dalys yra lakuotos, suteikian\u010dios baldui ry\u0161k\u0173 blizges\u012f ir elegancij\u0105. Unikalus akcentas \u2013 \u201eWotan Oak\u201c apdailos stalvir\u0161is su i\u0161skirtiniu ra\u0161tu, suteikian\u010diu baldui nat\u016bralaus \u017eavesio ir \u0161ilumos. Tvirtos korpuso lentjuost\u0117s puikiai atspindi modern\u0173 spintos stili\u0173, o lygus fasad\u0173 be ranken\u0117li\u0173 pavir\u0161ius suteikia minimalistin\u012f akcent\u0105. \u0160velnaus u\u017edarymo b\u0117geliai padidina komfort\u0105, tod\u0117l spintos atidarymas ir u\u017edarymas vyksta skland\u017eiai ir be garso. \u201eHolten\u201c kolekcija si\u016blo \u012fvairius elementus, leid\u017eian\u010dius sukurti darn\u0173 svetain\u0117s i\u0161d\u0117stym\u0105. Galite derinti \u012fvairius baldus ir aksesuarus, kad sukurtum\u0117te unikali\u0105 erdv\u0119, atspindin\u010di\u0105 j\u016bs\u0173 asmenin\u012f stili\u0173 ir poreikius. Trumpai tariant, \u201eHolten\u201c spinta yra ne tik daikt\u0173 laikymo vieta, bet ir eleganti\u0161kas baldas, suteikiantis j\u016bs\u0173 erdvei unikalumo. D\u0117mesys funkcionalumui ir estetikai, \u0161i spinta atitiks modernaus dizaino m\u0117g\u0117j\u0173 ir t\u0173, kurie vertina tvark\u0105 ir organizuotum\u0105 savo namuose, l\u016bkes\u010dius.<\/p>\n<p>Prek\u0117s kodas S493-SZF2D1S-DWF Simbolis ZM EAN Plotis 106 cm Gylis 56,5 cm Auk\u0161tis 203,5 cm Kolekcija Holten Spalva Waterford \u0105\u017euolas Atspalvis tamsi mediena Stilius modernus Dur\u0173 skai\u010dius 2 dur\u0173 Stal\u010di\u0173 skai\u010dius 1 stal\u010dius Rankena be ranken\u0117li\u0173 Gamintojas Juoda Raudona Balta Baldo tipas Spintos PVM 23% EAN 5906123710046<\/p>","protected":false},"excerpt":{"rendered":"<p>\u201eHolten\u201c spinta \u2013 tobula daikt\u0173 laikymo vieta. Kiekvienuose namuose reikia vietos daiktams susid\u0117ti \u2013 nuo drabu\u017ei\u0173 iki \u012fvairi\u0173 kasdieni\u0173 daikt\u0173. \u201eHolten\u201c spinta \u2013 tai baldas, kuris ne tik leid\u017eia laikyti visk\u0105, ko reikia, bet ir suteikia erdvei elegancijos. \u0160i dviej\u0173 dur\u0173 \u201eHolten\u201c spinta si\u016blo daug vietos j\u016bs\u0173 [\u2026]<\/p>","protected":false},"featured_media":266410,"comment_status":"open","ping_status":"open","template":"","meta":[],"product_brand":[],"product_cat":[9200,1177],"product_tag":[],"class_list":{"0":"post-266409","1":"product","2":"type-product","3":"status-publish","4":"has-post-thumbnail","6":"product_cat-black-red-white","7":"product_cat-wardrobes","9":"first","10":"instock","11":"purchasable","12":"product-type-simple"},"_links":{"self":[{"href":"https:\/\/baldumarket.lt\/lt\/wp-json\/wp\/v2\/product\/266409","targetHints":{"allow":["GET"]}}],"collection":[{"href":"https:\/\/baldumarket.lt\/lt\/wp-json\/wp\/v2\/product"}],"about":[{"href":"https:\/\/baldumarket.lt\/lt\/wp-json\/wp\/v2\/types\/product"}],"replies":[{"embeddable":true,"href":"https:\/\/baldumarket.lt\/lt\/wp-json\/wp\/v2\/comments?post=266409"}],"wp:featuredmedia":[{"embeddable":true,"href":"https:\/\/baldumarket.lt\/lt\/wp-json\/wp\/v2\/media\/266410"}],"wp:attachment":[{"href":"https:\/\/baldumarket.lt\/lt\/wp-json\/wp\/v2\/media?parent=266409"}],"wp:term":[{"taxonomy":"product_brand","embeddable":true,"href":"https:\/\/baldumarket.lt\/lt\/wp-json\/wp\/v2\/product_brand?post=266409"},{"taxonomy":"product_cat","embeddable":true,"href":"https:\/\/baldumarket.lt\/lt\/wp-json\/wp\/v2\/product_cat?post=266409"},{"taxonomy":"product_tag","embeddable":true,"href":"https:\/\/baldumarket.lt\/lt\/wp-json\/wp\/v2\/product_tag?post=266409"}],"curies":[{"name":"wp","href":"https:\/\/api.w.org\/{rel}","templated":true}]}}