{"id":266397,"date":"2026-01-14T00:23:22","date_gmt":"2026-01-13T21:23:22","guid":{"rendered":"https:\/\/baldumarket.lt\/product\/szafa-dwudrzwiowa-z-szuflada-hesen-101-cm-grafit-dab-artisan\/"},"modified":"2026-02-11T18:18:25","modified_gmt":"2026-02-11T15:18:25","slug":"szafa-dwudrzwiowa-z-szuflada-hesen-101-cm-grafit-dab-artisan","status":"publish","type":"product","link":"https:\/\/baldumarket.lt\/lt\/product\/szafa-dwudrzwiowa-z-szuflada-hesen-101-cm-grafit-dab-artisan\/","title":{"rendered":"HESEN 101 cm grafito\/artisan \u0105\u017euolo dviej\u0173 dur\u0173 spinta su stal\u010diumi"},"content":{"rendered":"<p>\u201eHesen\u201c spinta \u2013 sutvarkykite savo daiktus ir laikykite drabu\u017eius tvarkingai. Jei m\u0117gstate minimalizm\u0105 ir klas\u0119, bet vis tiek norite, kad j\u016bs\u0173 drabu\u017eiai b\u016bt\u0173 tvarkingi, \u201eHesen\u201c kolekcija yra puikus pasirinkimas. \u201eHesen\u201c spinta puikiai tinka prie\u0161kambariui ar miegamajam, kur planuojate sukurti erdv\u0119 savo drabu\u017ei\u0173 spintai. Viduje rasite vietos drabu\u017eiams, kuriuos reikia pakabinti, pavyzd\u017eiui, ilgiems paltams, striuk\u0117ms, apsiaustams ar kostiumams. Vir\u0161utin\u0117je dalyje rasite daikt\u0173, kuri\u0173 retai pasiekiate, o apatin\u0117je dalyje \u2013 bat\u0173 ir aksesuar\u0173. 101 x 203 cm spintoje yra patogios vietos daiktams susid\u0117ti: \u2013 pakabinimo vieta su pakaba, \u2013 \u012fmontuota drabu\u017ein\u0117, \u2013 vienas stal\u010dius apatin\u0117je dalyje. Jei jums reikia daugiau vietos daiktams susid\u0117ti, \u201eHesen\u201c spintoje galite \u012frengti pertvar\u0105 su lentynomis. \u201eHesen\u201c kolekcija patraukia d\u0117mes\u012f eleganti\u0161ku spalv\u0173 \u017eaismu \u2013 v\u0117s\u0173 grafito atspalv\u012f derina gra\u017ei stalvir\u0161io imitacija, imituojanti meni\u0161k\u0105 \u0105\u017euol\u0105. Antroje spalv\u0173 versijoje si\u016blomi \u0161vies\u016bs Sibiu maumed\u017eio karkasai ir Larico pu\u0161ies stalvir\u0161is. Subtilus frezavimas ir ranken\u0117l\u0117s formos ranken\u0117l\u0117s, tokios pa\u010dios spalvos kaip ir fasadai, suteikia baldams minimalistin\u012f charakter\u012f. \u201eHesen\u201c spinta turi \u0161velnaus u\u017edarymo vyrius, tod\u0117l fasadai juda skland\u017eiai ir tyliai. Stal\u010diai tvirtinami ant pilno i\u0161traukimo b\u0117geli\u0173. Per\u017ei\u016br\u0117kite kitus \u201eHesen\u201c kolekcijos elementus ir sukurkite darn\u0173 i\u0161d\u0117stym\u0105 savo koridoriuje, miegamajame ar kituose kambariuose. \u0160i bald\u0173 kolekcija pad\u0117s palaikyti tvark\u0105 ir elegancij\u0105 j\u016bs\u0173 interjere.<\/p>\n<p>Prek\u0117s kodas S515-SZF2D1S\/20\/10-GF\/DASN Simbolis ZM EAN Plotis 101 cm Gylis 57 cm Auk\u0161tis 203 cm Kolekcija Hesen Spalva grafito\/artisan \u0105\u017euolo Atspalvis grafito Stilius Skandinavi\u0161kas Dur\u0173 skai\u010dius 2 dur\u0173 Stal\u010di\u0173 skai\u010dius 1 stal\u010dius Rankena su rankenomis Gamintojas Juoda Raudona Balta Baldo tipas Spintos PVM 23% EAN 5906123812726<\/p>","protected":false},"excerpt":{"rendered":"<p>\u201eHesen\u201c spinta \u2013 sutvarkykite savo daiktus ir laikykite drabu\u017eius tvarkingai. Jei m\u0117gstate minimalizm\u0105 ir klas\u0119, bet vis tiek norite, kad j\u016bs\u0173 drabu\u017eiai b\u016bt\u0173 tvarkingi, \u201eHesen\u201c kolekcija yra puikus pasirinkimas. \u201eHesen\u201c spinta puikiai tinka prie\u0161kambariui ar miegamajam, kur planuojate sukurti erdv\u0119 savo drabu\u017ei\u0173 spintai. Viduje, [\u2026]<\/p>","protected":false},"featured_media":266398,"comment_status":"open","ping_status":"open","template":"","meta":[],"product_brand":[],"product_cat":[9200,1177],"product_tag":[],"class_list":{"0":"post-266397","1":"product","2":"type-product","3":"status-publish","4":"has-post-thumbnail","6":"product_cat-black-red-white","7":"product_cat-wardrobes","9":"first","10":"instock","11":"purchasable","12":"product-type-simple"},"_links":{"self":[{"href":"https:\/\/baldumarket.lt\/lt\/wp-json\/wp\/v2\/product\/266397","targetHints":{"allow":["GET"]}}],"collection":[{"href":"https:\/\/baldumarket.lt\/lt\/wp-json\/wp\/v2\/product"}],"about":[{"href":"https:\/\/baldumarket.lt\/lt\/wp-json\/wp\/v2\/types\/product"}],"replies":[{"embeddable":true,"href":"https:\/\/baldumarket.lt\/lt\/wp-json\/wp\/v2\/comments?post=266397"}],"wp:featuredmedia":[{"embeddable":true,"href":"https:\/\/baldumarket.lt\/lt\/wp-json\/wp\/v2\/media\/266398"}],"wp:attachment":[{"href":"https:\/\/baldumarket.lt\/lt\/wp-json\/wp\/v2\/media?parent=266397"}],"wp:term":[{"taxonomy":"product_brand","embeddable":true,"href":"https:\/\/baldumarket.lt\/lt\/wp-json\/wp\/v2\/product_brand?post=266397"},{"taxonomy":"product_cat","embeddable":true,"href":"https:\/\/baldumarket.lt\/lt\/wp-json\/wp\/v2\/product_cat?post=266397"},{"taxonomy":"product_tag","embeddable":true,"href":"https:\/\/baldumarket.lt\/lt\/wp-json\/wp\/v2\/product_tag?post=266397"}],"curies":[{"name":"wp","href":"https:\/\/api.w.org\/{rel}","templated":true}]}}