{"id":266389,"date":"2026-01-14T00:23:14","date_gmt":"2026-01-13T21:23:14","guid":{"rendered":"https:\/\/baldumarket.lt\/product\/szafa-dwudrzwiowa-z-szuflada-bergen-102-cm-modrzew-sibiu-zloty\/"},"modified":"2026-02-11T18:18:25","modified_gmt":"2026-02-11T15:18:25","slug":"szafa-dwudrzwiowa-z-szuflada-bergen-102-cm-modrzew-sibiu-zloty","status":"publish","type":"product","link":"https:\/\/baldumarket.lt\/lt\/product\/szafa-dwudrzwiowa-z-szuflada-bergen-102-cm-modrzew-sibiu-zloty\/","title":{"rendered":"BERGEN dvidur\u0117 spinta su stal\u010diumi, 102 cm, Sibiu maumed\u017eio, auksin\u0117 spalva"},"content":{"rendered":"<p>Bergen spinta \u2013 prakti\u0161ka ir erdvi. Bergen kolekcija \u2013 tai harmoningas geometrini\u0173 form\u0173, rafinuot\u0173 detali\u0173 ir prislopint\u0173 spalv\u0173 derinys, puikiai papildantis tiek svetain\u0117s, tiek miegamojo interjer\u0105. \u0160ioje kolekcijoje esanti Bergen dvidur\u0117 spinta \u2013 tai baldas, kuris visi\u0161kai patenkins j\u016bs\u0173 daikt\u0173 laikymo poreikius. \u0160tai kod\u0117l verta j\u0105 atid\u017eiau ap\u017ei\u016br\u0117ti. Bergen spinta \u2013 puikus sprendimas drabu\u017eiams laikyti. U\u017e tvirt\u0173 fasad\u0173 rasite prakti\u0161k\u0105 pakab\u0105 ir erdvi\u0105 erdv\u0119 apa\u010dioje, puikiai tinkan\u010di\u0105 talpiems konteineriams ar sezoniniams aksesuarams laikyti. Apatin\u0117je spintos dalyje yra platus stal\u010dius, puikiai tinkantis patalyn\u0117s ar kit\u0173 aksesuar\u0173 laikymui. Paprast\u0105 spintos form\u0105 puo\u0161ia i\u0161skirtinis \u201c\u012fdubimas\u201d \u0161oniniuose kra\u0161tuose, taip pat i\u0161siki\u0161\u0119s, tiesus cokolis ir nuo\u017eulninti priekiniai kra\u0161tai, suteikiantys baldui modern\u0173 ir eleganti\u0161k\u0105 vaizd\u0105. \u0160ilta auksin\u0117s Sibiu maumed\u017eio medienos spalva sukuria unikali\u0105 atmosfer\u0105 kambaryje ir suteikia pagrind\u0105 stilingoms kompozicijoms kurti. Ypa\u010d vertos d\u0117mesio tokios detal\u0117s kaip auk\u0161tos, nuo\u017eulnios kojel\u0117s ir metalin\u0117s rankenos, suteikian\u010dios \u0161iai funkcionaliai spintai charakterio. Firminiai aksesuarai su \u0161velnaus u\u017edarymo sistema garantuoja kasdienio naudojimo komfort\u0105. B\u0117gikl\u0117s su specialiais stabd\u017eiais u\u017etikrina, kad bald\u0173 fasadai u\u017esidaryt\u0173 beveik tyliai, taip padidindami naudojimo komfort\u0105. \u201eBergen\u201c kolekcija si\u016blo \u012fvairi\u0173 form\u0173 baldus, kuriuos galite laisvai derinti ir sukurti funkcional\u0173 i\u0161d\u0117stym\u0105, pritaikyt\u0105 j\u016bs\u0173 \u0161eimos poreikiams. Nesvarbu, ar jums reikia daugiau vietos daiktams laikyti, ar norite sukurti stiling\u0105 erdv\u0119, \u201eBergen\u201c kolekcija suteikia galimyb\u0119 k\u016brybi\u0161kai susikurti savo interjer\u0105. Trumpai tariant, \u201eBergen\u201c spinta yra ne tik vieta drabu\u017eiams laikyti; tai taip pat funkcionalus dekoratyvinis elementas, kuris pagerina j\u016bs\u0173 erdv\u0117s stili\u0173. Eleganti\u0161kas dizainas, tvirta konstrukcija ir pritaikomos parinktys puikiai papildo bet kok\u012f interjer\u0105. \u201eBergen\u201c \u2013 tai kolekcija, kurioje derinamas prakti\u0161kumas ir estetika, leid\u017eianti m\u0117gautis gra\u017eia ir funkcionalia aplinka kasdieniame gyvenime.<\/p>\n<p>Prek\u0117s kodas S359-SZF2D1S-MSZ Simbolis ZM EAN Plotis 102 cm Gylis 63 cm Auk\u0161tis 202 cm Kolekcija Bergen Spalva auksin\u0117 Sibiu maumedis Atspalvis tamsi mediena Stilius klasikinis Med\u017eiaga laminatas Dureli\u0173 skai\u010dius 2 dur\u0173 Stal\u010di\u0173 skai\u010dius 1 stal\u010dius Rankena su rankenomis Gamintojas Juoda Raudona Balta Baldo tipas Spintos PVM 23% EAN 5906123926935<\/p>","protected":false},"excerpt":{"rendered":"<p>Bergen spinta \u2013 prakti\u0161ka ir erdvi. Bergen kolekcija \u2013 tai harmoningas geometrini\u0173 form\u0173, rafinuot\u0173 detali\u0173 ir prislopint\u0173 spalv\u0173 derinys, puikiai papildantis tiek svetain\u0117s, tiek miegamojo interjer\u0105. \u0160ioje kolekcijoje dviej\u0173 dur\u0173 Bergen spinta yra baldas, kuris visi\u0161kai patenkins j\u016bs\u0173 daikt\u0173 laikymo poreikius. \u0160tai kod\u0117l verta atid\u017eiau panagrin\u0117ti [\u2026]<\/p>","protected":false},"featured_media":266390,"comment_status":"open","ping_status":"open","template":"","meta":[],"product_brand":[],"product_cat":[9200,1177],"product_tag":[],"class_list":{"0":"post-266389","1":"product","2":"type-product","3":"status-publish","4":"has-post-thumbnail","6":"product_cat-black-red-white","7":"product_cat-wardrobes","9":"first","10":"instock","11":"purchasable","12":"product-type-simple"},"_links":{"self":[{"href":"https:\/\/baldumarket.lt\/lt\/wp-json\/wp\/v2\/product\/266389","targetHints":{"allow":["GET"]}}],"collection":[{"href":"https:\/\/baldumarket.lt\/lt\/wp-json\/wp\/v2\/product"}],"about":[{"href":"https:\/\/baldumarket.lt\/lt\/wp-json\/wp\/v2\/types\/product"}],"replies":[{"embeddable":true,"href":"https:\/\/baldumarket.lt\/lt\/wp-json\/wp\/v2\/comments?post=266389"}],"wp:featuredmedia":[{"embeddable":true,"href":"https:\/\/baldumarket.lt\/lt\/wp-json\/wp\/v2\/media\/266390"}],"wp:attachment":[{"href":"https:\/\/baldumarket.lt\/lt\/wp-json\/wp\/v2\/media?parent=266389"}],"wp:term":[{"taxonomy":"product_brand","embeddable":true,"href":"https:\/\/baldumarket.lt\/lt\/wp-json\/wp\/v2\/product_brand?post=266389"},{"taxonomy":"product_cat","embeddable":true,"href":"https:\/\/baldumarket.lt\/lt\/wp-json\/wp\/v2\/product_cat?post=266389"},{"taxonomy":"product_tag","embeddable":true,"href":"https:\/\/baldumarket.lt\/lt\/wp-json\/wp\/v2\/product_tag?post=266389"}],"curies":[{"name":"wp","href":"https:\/\/api.w.org\/{rel}","templated":true}]}}