{"id":266381,"date":"2026-01-14T00:23:08","date_gmt":"2026-01-13T21:23:08","guid":{"rendered":"https:\/\/baldumarket.lt\/product\/szafa-dwudrzwiowa-z-lustrem-flex-75-cm-bialy-szary\/"},"modified":"2026-02-11T18:18:25","modified_gmt":"2026-02-11T15:18:25","slug":"szafa-dwudrzwiowa-z-lustrem-flex-75-cm-bialy-szary","status":"publish","type":"product","link":"https:\/\/baldumarket.lt\/lt\/product\/szafa-dwudrzwiowa-z-lustrem-flex-75-cm-bialy-szary\/","title":{"rendered":"FLEX 75 cm dviej\u0173 dur\u0173 spinta su veidrod\u017eiu, balta\/pilka"},"content":{"rendered":"<p>\u201eFlex\u201c spinta \u2013 ma\u017ea, bet erdvi! Planuojate \u012frengti savo miegam\u0105j\u012f moderniu arba skandinavi\u0161ku stiliumi? \u0160tai minimalistin\u0117 spinta, kuri puikiai papildys j\u016bs\u0173 interjero dizain\u0105. Spintos priekin\u0119 dal\u012f puo\u0161ia veidrodinis skydelis ir blizgi balta apdaila. \u0160is baltos ir veidrod\u017eio derinys vizualiai padidins kambar\u012f, padarys j\u012f \u0161viesesn\u012f ir jaukesn\u012f. Spintos vidus apdailintas prakti\u0161ka pilka drobe. Spintos organizavimas yra labai intuityvus. Apatin\u0117je dalyje yra trys stal\u010diai, kiekvienas su pilnu i\u0161traukimu ir \u0161velnaus u\u017edarymo funkcija, puikiai tinkantys apatiniams drabu\u017eiams ar aksesuarams laikyti. Metalinis b\u0117gelis kr\u016btin\u0117s auk\u0161tyje puikiai tinka pakabinti drabu\u017eius, tokius kaip striuk\u0117s, suknel\u0117s ar keln\u0117s. Vir\u0161 b\u0117gelio yra erdvi lentyna, puikiai tinkanti \u012fvairiems mados aksesuarams. Jei vertinate tvark\u0105 ir tiksl\u0173 kiekvieno spintos elemento i\u0161d\u0117stym\u0105, \u201eFlex\u201c spinta yra sprendimas jums! Spintos matmenys yra 75 x 218 x 66 cm, tod\u0117l ji kompakti\u0161ka ir idealiai tinka ma\u017eesn\u0117ms erdv\u0117ms, kur svarbus kiekvienas centimetras. Tuo pa\u010diu metu, d\u0117l modernaus dizaino ji puikiai tinka erdviems interjerams, ypa\u010d derinama su kitais \u201eFlex\u201c kolekcijos moduliais. \u201eFlex\u201c spinta si\u016blo tikr\u0105 lankstum\u0105 \u2013 rinkit\u0117s jau paruo\u0161t\u0105 sprendim\u0105 arba naudokite konfig\u016bratori\u0173, kad pritaikytum\u0117te j\u012f pagal savo individualius poreikius. Nurodytas gylis neapima fasad\u0173 storio.<\/p>\n<p>Prek\u0117s kodas F57-SZAFA_ZESTAW_14-BI\/BLP\/SZ Simbolis ZM EAN Plotis 75 cm Gylis 66 cm Auk\u0161tis 218 cm Kolekcija \u201eFlex\u201c Spalva balta\/balta blizgi (laminatas)\/pilka Gaubtas baltas Stilius modernus Med\u017eiaga laminatas Dureli\u0173 skai\u010dius 2 dur\u0173 Stal\u010di\u0173 skai\u010dius 3 stal\u010diai Rankena su ranken\u0117l\u0117mis Ap\u0161vietimas pasirenkamas Gamintojas Juoda Raudona Balta Baldo tipas Spintos PVM mokestis 23% EAN 5906123847896<\/p>","protected":false},"excerpt":{"rendered":"<p>\u201eFlex\u201c spinta \u2013 ma\u017ea, bet erdvi! Planuojate \u012frengti savo miegam\u0105j\u012f moderniu arba skandinavi\u0161ku stiliumi? \u0160tai minimalistin\u0117 spinta, kuri puikiai papildys j\u016bs\u0173 interjero dizain\u0105. Spintos priekin\u0119 dal\u012f puo\u0161ia veidrodinis skydelis ir blizgi balta apdaila. \u0160is baltos spalvos ir veidrod\u017eio derinys vizualiai padidins kambar\u012f, tod\u0117l [\u2026]<\/p>","protected":false},"featured_media":266382,"comment_status":"open","ping_status":"open","template":"","meta":[],"product_brand":[],"product_cat":[9200,1177],"product_tag":[],"class_list":{"0":"post-266381","1":"product","2":"type-product","3":"status-publish","4":"has-post-thumbnail","6":"product_cat-black-red-white","7":"product_cat-wardrobes","9":"first","10":"instock","11":"purchasable","12":"product-type-simple"},"_links":{"self":[{"href":"https:\/\/baldumarket.lt\/lt\/wp-json\/wp\/v2\/product\/266381","targetHints":{"allow":["GET"]}}],"collection":[{"href":"https:\/\/baldumarket.lt\/lt\/wp-json\/wp\/v2\/product"}],"about":[{"href":"https:\/\/baldumarket.lt\/lt\/wp-json\/wp\/v2\/types\/product"}],"replies":[{"embeddable":true,"href":"https:\/\/baldumarket.lt\/lt\/wp-json\/wp\/v2\/comments?post=266381"}],"wp:featuredmedia":[{"embeddable":true,"href":"https:\/\/baldumarket.lt\/lt\/wp-json\/wp\/v2\/media\/266382"}],"wp:attachment":[{"href":"https:\/\/baldumarket.lt\/lt\/wp-json\/wp\/v2\/media?parent=266381"}],"wp:term":[{"taxonomy":"product_brand","embeddable":true,"href":"https:\/\/baldumarket.lt\/lt\/wp-json\/wp\/v2\/product_brand?post=266381"},{"taxonomy":"product_cat","embeddable":true,"href":"https:\/\/baldumarket.lt\/lt\/wp-json\/wp\/v2\/product_cat?post=266381"},{"taxonomy":"product_tag","embeddable":true,"href":"https:\/\/baldumarket.lt\/lt\/wp-json\/wp\/v2\/product_tag?post=266381"}],"curies":[{"name":"wp","href":"https:\/\/api.w.org\/{rel}","templated":true}]}}