{"id":266373,"date":"2026-01-14T00:23:02","date_gmt":"2026-01-13T21:23:02","guid":{"rendered":"https:\/\/baldumarket.lt\/product\/szafa-dwudrzwiowa-z-lustrem-flex-75-cm-bialy\/"},"modified":"2026-02-11T18:18:25","modified_gmt":"2026-02-11T15:18:25","slug":"szafa-dwudrzwiowa-z-lustrem-flex-75-cm-bialy","status":"publish","type":"product","link":"https:\/\/baldumarket.lt\/lt\/product\/szafa-dwudrzwiowa-z-lustrem-flex-75-cm-bialy\/","title":{"rendered":"FLEX 75 cm dviej\u0173 dur\u0173 spinta su veidrod\u017eiu, balta"},"content":{"rendered":"<p>\u201eFlex\u201c spinta \u2013 maksimalus funkcionalumas minimalioje erdv\u0117je. Jei j\u016bs\u0173 erdv\u0117 ma\u017ea, bet vis tiek svajojate apie funkcionali\u0105 spint\u0105, \u201eFlex\u201c spinta yra puikus sprendimas. \u0160ioje siauroje spintoje ne tik tilps j\u016bs\u0173 daiktai, bet ir \u0161viesios spalvos bei veidrodin\u0117s panel\u0117s suteiks erdvei didesn\u012f ir erdvesn\u012f vaizd\u0105. 75 x 66 x 240 cm dyd\u017eio spinta puikiai tinka ma\u017eiems koridoriams ar kitoms patalpoms, kuriose svarbus kiekvienas centimetras. Nepaisant kompakti\u0161ko dyd\u017eio, \u201eFlex\u201c spintoje yra: \u00b7 2 vir\u0161utin\u0117s lentynos su prakti\u0161kais skirtukais, \u00b7 3 stal\u010di\u0173 komplektas su lentyna, puikiai tinkantis apatiniams drabu\u017eiams ir aksesuarams, \u00b7 pakabos stovas, \u00b7 2 varstomos durys. Su varstomomis durel\u0117mis \u0161i spinta pasi\u017eymi tradiciniu \u017eavesiu ir modernumo prisilietimu. Jos vidus kruop\u0161\u010diai suskirstytas \u012f prakti\u0161kas zonas, kad b\u016bt\u0173 lengva sutvarkyti drabu\u017eius. Drabu\u017eiai, kuriuos reikia pakabinti, taip pat smulk\u016bs daiktai ir batai \u2013 visi ras savo viet\u0105. Baltas r\u0117mas puikiai papildo balt\u0105 r\u0117m\u0105 priekyje ir veidrodin\u0119 priekin\u0119 panel\u0119. Juoda rankena suteikia kontrasto, sukurdama \u012fdomi\u0105 kompozicij\u0105. Spintos vidus apdailintas pilka drobe. Stal\u010di\u0173 b\u0117geliai su rutuliniais guoliais garantuoja visi\u0161k\u0105 i\u0161traukim\u0105, o \u0161velnaus u\u017edarymo funkcija leid\u017eia spint\u0105 atidaryti ir u\u017edaryti tyliai ir skland\u017eiai. \u201eFlex\u201c spintos si\u016blo begales galimybi\u0173 \u2013 rinkit\u0117s jau paruo\u0161t\u0105 sprendim\u0105 arba naudokite konfig\u016bratori\u0173, kad pritaikytum\u0117te spint\u0105 pagal savo poreikius. Maksimalus funkcionalumas minimalioje erdv\u0117je!<\/p>\n<p>Prek\u0117s kodas F57-SZAFA_ZESTAW_20-BI\/BI Simbolis ZM EAN Plotis 75 cm Gylis 66 cm Auk\u0161tis 240 cm Kolekcija \u201eFlex\u201c Spalva balta\/balta Gaubtas baltas Stilius modernus Med\u017eiaga laminatas Dureli\u0173 skai\u010dius 2 dur\u0173 Stal\u010di\u0173 skai\u010dius 3 stal\u010diai Rankena su ranken\u0117l\u0117mis Ap\u0161vietimas pasirenkamas Gamintojas Juoda Raudona Balta Baldo tipas Spintos PVM mokestis 23% EAN 5906123847995<\/p>","protected":false},"excerpt":{"rendered":"<p>\u201eFlex\u201c spinta \u2013 maksimalus funkcionalumas minimalioje erdv\u0117je. Jei j\u016bs\u0173 erdv\u0117 ma\u017ea, bet vis tiek svajojate apie funkcionali\u0105 spint\u0105, \u201eFlex\u201c spinta yra puikus sprendimas. \u0160ioje siauroje spintoje ne tik tilps j\u016bs\u0173 daiktai, bet ir \u0161viesios spalvos bei veidrodiniai elementai padarys erdv\u0119 didesn\u0117s ir erdvesn\u0117s. [\u2026]<\/p>","protected":false},"featured_media":266374,"comment_status":"open","ping_status":"open","template":"","meta":[],"product_brand":[],"product_cat":[9200,1177],"product_tag":[],"class_list":{"0":"post-266373","1":"product","2":"type-product","3":"status-publish","4":"has-post-thumbnail","6":"product_cat-black-red-white","7":"product_cat-wardrobes","9":"first","10":"instock","11":"purchasable","12":"product-type-simple"},"_links":{"self":[{"href":"https:\/\/baldumarket.lt\/lt\/wp-json\/wp\/v2\/product\/266373","targetHints":{"allow":["GET"]}}],"collection":[{"href":"https:\/\/baldumarket.lt\/lt\/wp-json\/wp\/v2\/product"}],"about":[{"href":"https:\/\/baldumarket.lt\/lt\/wp-json\/wp\/v2\/types\/product"}],"replies":[{"embeddable":true,"href":"https:\/\/baldumarket.lt\/lt\/wp-json\/wp\/v2\/comments?post=266373"}],"wp:featuredmedia":[{"embeddable":true,"href":"https:\/\/baldumarket.lt\/lt\/wp-json\/wp\/v2\/media\/266374"}],"wp:attachment":[{"href":"https:\/\/baldumarket.lt\/lt\/wp-json\/wp\/v2\/media?parent=266373"}],"wp:term":[{"taxonomy":"product_brand","embeddable":true,"href":"https:\/\/baldumarket.lt\/lt\/wp-json\/wp\/v2\/product_brand?post=266373"},{"taxonomy":"product_cat","embeddable":true,"href":"https:\/\/baldumarket.lt\/lt\/wp-json\/wp\/v2\/product_cat?post=266373"},{"taxonomy":"product_tag","embeddable":true,"href":"https:\/\/baldumarket.lt\/lt\/wp-json\/wp\/v2\/product_tag?post=266373"}],"curies":[{"name":"wp","href":"https:\/\/api.w.org\/{rel}","templated":true}]}}