{"id":266370,"date":"2026-01-14T00:23:00","date_gmt":"2026-01-13T21:23:00","guid":{"rendered":"https:\/\/baldumarket.lt\/product\/szafa-dwudrzwiowa-z-lustrami-flex-100-cm-dab-sonoma\/"},"modified":"2026-02-11T18:18:25","modified_gmt":"2026-02-11T15:18:25","slug":"szafa-dwudrzwiowa-z-lustrami-flex-100-cm-dab-sonoma","status":"publish","type":"product","link":"https:\/\/baldumarket.lt\/lt\/product\/szafa-dwudrzwiowa-z-lustrami-flex-100-cm-dab-sonoma\/","title":{"rendered":"FLEX 100 cm dviej\u0173 dur\u0173 spinta su veidrod\u017eiu, Sonoma \u0105\u017euolas"},"content":{"rendered":"<p>\u201eFlex\u201c spinta \u2013 dizaino ir funkcionalumo harmonija. Ie\u0161kote erdvaus, modernaus baldo, kuris sumaniai i\u0161naudot\u0173 erdv\u0119 ma\u017eame miegamajame, prie\u0161kambaryje ar jaunimo kambaryje? Dvidur\u0117 \u201eFlex\u201c spinta, kurios matmenys yra 100 x 240 x 66 cm, puikiai atitinka \u0161iuos poreikius, si\u016blydama paprast\u0105 form\u0105, funkcionalum\u0105 ir mading\u0105 dizain\u0105. \u201eFlex\u201c spintos r\u0117mai yra apdailinti \u0161iltu Sonoma \u0105\u017euolo atspalviu, o varstomos durys yra veidrodin\u0117s, tod\u0117l baldas bus prakti\u0161kas ir stilingas j\u016bs\u0173 erdv\u0117je. Veidrodis ant dur\u0173 ne tik suteikia \u017eavesio, bet ir leid\u017eia greitai patikrinti savo i\u0161vaizd\u0105 prie\u0161 i\u0161vykstant \u012f darb\u0105, universitet\u0105 ar susitikim\u0105 su draugais. \u201eFlex\u201c spintos vidus sukurtas taip, kad optimaliai sutvarkytum\u0117te visus savo aprangos daiktus. Kair\u0117je pus\u0117je du b\u0117geliai idealiai tinka pakabinti striukes, \u0161varkus ar mar\u0161kinius, pa\u0161alinant j\u0173 susiglam\u017eymo problem\u0105 ir lyginimo poreik\u012f. Trys stal\u010diai de\u0161in\u0117je pus\u0117je puikiai tinka apatiniams drabu\u017eiams, aksesuarams ar kojin\u0117ms laikyti. Lentynos vir\u0161 j\u0173 sukuria vietos sulankstytiems drabu\u017eiams, pavyzd\u017eiui, d\u017eemperiams, megztiniams ar mar\u0161kin\u0117liams. Vir\u0161utin\u0117 erdv\u0117, padalinta \u012f keturias zonas, gali b\u016bti naudojama re\u010diau naudojamiems daiktams laikyti. \u201eFlex\u201c spintos vidus apdailintas prakti\u0161ka pilka drobe, o stal\u010diai apr\u016bpinti \u0161velnaus u\u017edarymo ir pilno i\u0161traukimo b\u0117geliais, u\u017etikrinan\u010diais patog\u0173 ir tyl\u0173 naudojim\u0105. Rinkit\u0117s i\u0161skirtin\u012f dizain\u0105 ir gerai organizuot\u0105 erdv\u0119, kuri\u0105 si\u016blo dviej\u0173 dur\u0173 \u201eFlex\u201c spinta. Tai sukurs funkcional\u0173 ir esteti\u0161kai patraukl\u0173 interjer\u0105, kuriame visi nam\u0173 \u016bkio nariai jausis patogiai.<\/p>\n<p>Prek\u0117s kodas F57-SZAFA_ZESTAW_143-DSO Simbolis ZM EAN Plotis 100 cm Gylis 66 cm Auk\u0161tis 240 cm Kolekcija \u201eFlex\u201c Spalva sonoma \u0105\u017euolas Gaubtas \u0161viesi mediena Stilius modernus Med\u017eiaga laminatas Dureli\u0173 skai\u010dius 2 dur\u0173 Stal\u010di\u0173 skai\u010dius 3 stal\u010diai Rankena su ranken\u0117l\u0117mis Ap\u0161vietimas pasirenkamas Gamintojas Juoda Raudona Balta Baldo tipas Spintos PVM mokestis 23% EAN 5906123847865<\/p>","protected":false},"excerpt":{"rendered":"<p>\u201eFlex\u201c spinta \u2013 dizaino ir funkcionalumo harmonija. Ie\u0161kote erdvaus, modernaus baldo, kuris sumaniai i\u0161naudot\u0173 erdv\u0119 ma\u017eame miegamajame, prie\u0161kambaryje ar jaunimo kambaryje? Dvidur\u0117 \u201eFlex\u201c spinta, kurios matmenys \u2013 100 x 240 x 66 cm, puikiai atitinka \u0161iuos poreikius, si\u016blydama paprast\u0105 form\u0105, funkcionalum\u0105 ir mading\u0105 dizain\u0105. \u201eFlex\u201c spintos [\u2026]<\/p>","protected":false},"featured_media":266371,"comment_status":"open","ping_status":"open","template":"","meta":[],"product_brand":[],"product_cat":[9200,1177],"product_tag":[],"class_list":{"0":"post-266370","1":"product","2":"type-product","3":"status-publish","4":"has-post-thumbnail","6":"product_cat-black-red-white","7":"product_cat-wardrobes","9":"first","10":"instock","11":"purchasable","12":"product-type-simple"},"_links":{"self":[{"href":"https:\/\/baldumarket.lt\/lt\/wp-json\/wp\/v2\/product\/266370","targetHints":{"allow":["GET"]}}],"collection":[{"href":"https:\/\/baldumarket.lt\/lt\/wp-json\/wp\/v2\/product"}],"about":[{"href":"https:\/\/baldumarket.lt\/lt\/wp-json\/wp\/v2\/types\/product"}],"replies":[{"embeddable":true,"href":"https:\/\/baldumarket.lt\/lt\/wp-json\/wp\/v2\/comments?post=266370"}],"wp:featuredmedia":[{"embeddable":true,"href":"https:\/\/baldumarket.lt\/lt\/wp-json\/wp\/v2\/media\/266371"}],"wp:attachment":[{"href":"https:\/\/baldumarket.lt\/lt\/wp-json\/wp\/v2\/media?parent=266370"}],"wp:term":[{"taxonomy":"product_brand","embeddable":true,"href":"https:\/\/baldumarket.lt\/lt\/wp-json\/wp\/v2\/product_brand?post=266370"},{"taxonomy":"product_cat","embeddable":true,"href":"https:\/\/baldumarket.lt\/lt\/wp-json\/wp\/v2\/product_cat?post=266370"},{"taxonomy":"product_tag","embeddable":true,"href":"https:\/\/baldumarket.lt\/lt\/wp-json\/wp\/v2\/product_tag?post=266370"}],"curies":[{"name":"wp","href":"https:\/\/api.w.org\/{rel}","templated":true}]}}