{"id":266367,"date":"2026-01-14T00:22:57","date_gmt":"2026-01-13T21:22:57","guid":{"rendered":"https:\/\/baldumarket.lt\/product\/szafa-dwudrzwiowa-z-lustrami-flex-100-cm-bialy\/"},"modified":"2026-02-11T18:18:25","modified_gmt":"2026-02-11T15:18:25","slug":"szafa-dwudrzwiowa-z-lustrami-flex-100-cm-bialy","status":"publish","type":"product","link":"https:\/\/baldumarket.lt\/lt\/product\/szafa-dwudrzwiowa-z-lustrami-flex-100-cm-bialy\/","title":{"rendered":"Dviej\u0173 dur\u0173 spinta su veidrod\u017eiais FLEX 100 cm, balta"},"content":{"rendered":"<p>\u201eFlex\u201c spinta \u2013 dizaino ir funkcionalumo derinys. Jei ie\u0161kote erdvaus, modernaus baldo, kuris efektyviai i\u0161naudot\u0173 ribot\u0105 erdv\u0119 ma\u017eame miegamajame, prie\u0161kambaryje ar jaunimo kambaryje, dviej\u0173 dur\u0173 \u201eFlex\u201c spinta, kurios matmenys 100 x 240 x 66 cm, pateisins j\u016bs\u0173 l\u016bkes\u010dius. Tai sprendimas tiems, kurie vertina paprast\u0105 form\u0105, funkcionalum\u0105 ir mading\u0105 dizain\u0105. \u201eFlex\u201c spinta atrodo eleganti\u0161kai d\u0117l savo balt\u0173 r\u0117m\u0173 ir veidrodini\u0173 fasad\u0173. Nesvarbu, kur j\u012f pastatysite, veidrodis tampa prakti\u0161ku ir stilingu elementu, leid\u017eian\u010diu greitai patikrinti savo i\u0161vaizd\u0105 prie\u0161 i\u0161einant. Spintos vidus kruop\u0161\u010diai suplanuotas siekiant u\u017etikrinti optimal\u0173 spintos organizavim\u0105. Kair\u0117je pus\u0117je du b\u0117geliai idealiai tinka pakabinti \u0161varkus, \u0161varkus, \u0161varkus ar mar\u0161kinius, tod\u0117l nereik\u0117s vargti d\u0117l rauk\u0161li\u0173 ir lyginimo. De\u0161in\u0117je pus\u0117je esantys trys stal\u010diai puikiai tinka apatiniams drabu\u017eiams, aksesuarams ar kojin\u0117ms laikyti. Vir\u0161 j\u0173 esan\u010diose lentynose yra vietos sulankstytiems drabu\u017eiams, pavyzd\u017eiui, d\u017eemperiams, megztiniams ar mar\u0161kin\u0117liams. Vir\u0161utin\u0117je erdv\u0117je, padalintoje \u012f keturias zonas, galima laikyti re\u010diau naudojamus daiktus. \u201eFlex\u201c spintos vidus apdailintas prakti\u0161ka pilka drobe, suteikian\u010dia baldui universal\u0173 charakter\u012f. Stal\u010diai turi \u0161velnaus u\u017edarymo ir pilno i\u0161traukimo b\u0117gelius, u\u017etikrinan\u010dius patog\u0173 ir tyl\u0173 naudojim\u0105. Rinkit\u0117s \u201eFlex\u201c spint\u0105, kuri ne tik i\u0161siskiria i\u0161skirtiniu dizainu, bet ir si\u016blo gerai organizuot\u0105 erdv\u0119. Tai suteiks jums funkcional\u0173 ir esteti\u0161kai patraukl\u0173 interjer\u0105, kuriame kiekvienas j\u016bs\u0173 namuose jausis patogiai.<\/p>\n<p>Prek\u0117s kodas F57-SZAFA_ZESTAW_142-BI Simbolis ZM EAN Plotis 100 cm Gylis 66 cm Auk\u0161tis 240 cm Kolekcija \u201eFlex\u201c Spalva balta Atspalvis baltas Stilius modernus Med\u017eiaga laminatas Dureli\u0173 skai\u010dius 2 dur\u0173 Stal\u010di\u0173 skai\u010dius 3 stal\u010diai Rankena su ranken\u0117l\u0117mis Ap\u0161vietimas pasirenkamas Gamintojas Juoda Raudona Balta Baldo tipas Spintos PVM mokestis 23% EAN 5906123847858<\/p>","protected":false},"excerpt":{"rendered":"<p>\u201eFlex\u201c spinta \u2013 dizaino ir funkcionalumo derinys. Jei ie\u0161kote erdvaus, modernaus baldo, kuris efektyviai i\u0161naudot\u0173 ribot\u0105 erdv\u0119 ma\u017eame miegamajame, prie\u0161kambaryje ar jaunimo kambaryje, dviej\u0173 dur\u0173 \u201eFlex\u201c spinta, kurios matmenys 100 x 240 x 66 cm, pateisins j\u016bs\u0173 l\u016bkes\u010dius. Tai sprendimas tiems, kurie vertina paprastum\u0105 [\u2026]<\/p>","protected":false},"featured_media":266368,"comment_status":"open","ping_status":"open","template":"","meta":[],"product_brand":[],"product_cat":[9200,1177],"product_tag":[],"class_list":{"0":"post-266367","1":"product","2":"type-product","3":"status-publish","4":"has-post-thumbnail","6":"product_cat-black-red-white","7":"product_cat-wardrobes","9":"first","10":"instock","11":"purchasable","12":"product-type-simple"},"_links":{"self":[{"href":"https:\/\/baldumarket.lt\/lt\/wp-json\/wp\/v2\/product\/266367","targetHints":{"allow":["GET"]}}],"collection":[{"href":"https:\/\/baldumarket.lt\/lt\/wp-json\/wp\/v2\/product"}],"about":[{"href":"https:\/\/baldumarket.lt\/lt\/wp-json\/wp\/v2\/types\/product"}],"replies":[{"embeddable":true,"href":"https:\/\/baldumarket.lt\/lt\/wp-json\/wp\/v2\/comments?post=266367"}],"wp:featuredmedia":[{"embeddable":true,"href":"https:\/\/baldumarket.lt\/lt\/wp-json\/wp\/v2\/media\/266368"}],"wp:attachment":[{"href":"https:\/\/baldumarket.lt\/lt\/wp-json\/wp\/v2\/media?parent=266367"}],"wp:term":[{"taxonomy":"product_brand","embeddable":true,"href":"https:\/\/baldumarket.lt\/lt\/wp-json\/wp\/v2\/product_brand?post=266367"},{"taxonomy":"product_cat","embeddable":true,"href":"https:\/\/baldumarket.lt\/lt\/wp-json\/wp\/v2\/product_cat?post=266367"},{"taxonomy":"product_tag","embeddable":true,"href":"https:\/\/baldumarket.lt\/lt\/wp-json\/wp\/v2\/product_tag?post=266367"}],"curies":[{"name":"wp","href":"https:\/\/api.w.org\/{rel}","templated":true}]}}