{"id":266359,"date":"2026-01-14T00:22:45","date_gmt":"2026-01-13T21:22:45","guid":{"rendered":"https:\/\/baldumarket.lt\/product\/szafa-dwudrzwiowa-z-dwoma-szufladami-weston-90-cm-sosna-old-style-ciemna-matera\/"},"modified":"2026-02-11T18:18:25","modified_gmt":"2026-02-11T15:18:25","slug":"szafa-dwudrzwiowa-z-dwoma-szufladami-weston-90-cm-sosna-old-style-ciemna-matera","status":"publish","type":"product","link":"https:\/\/baldumarket.lt\/lt\/product\/szafa-dwudrzwiowa-z-dwoma-szufladami-weston-90-cm-sosna-old-style-ciemna-matera\/","title":{"rendered":"Dviej\u0173 dur\u0173 spinta su dviem stal\u010diais WESTON 90 cm, senovinio stiliaus, tamsi pu\u0161is\/\u010diu\u017einys"},"content":{"rendered":"<p>\u201eWeston\u201c spinta \u2013 stilingas ir funkcionalus jaunimo kambario elementas. Paauglyst\u0117 \u2013 tai daugelio poky\u010di\u0173 metas, \u012fskaitant ir kambario interjero dizain\u0105. \u201eWeston\u201c jaunimo bald\u0173 kolekcija \u2013 puikus atsakas \u012f besivystan\u010dio vaiko poreikius. \u0160ios kolekcijos \u201eWeston\u201c spinta ne tik talpina daugyb\u0119 drabu\u017ei\u0173 ir aksesuar\u0173, bet ir suteikia kambariui lofto stiliaus atmosfer\u0105. Spinta turi pakab\u0105, tod\u0117l lengva susid\u0117ti mar\u0161kinius, striukes ir sukneles. Keturios prakti\u0161kos lentynos suteikia vietos mar\u0161kin\u0117liams, keln\u0117ms ir megztiniams, o du kompakti\u0161ki stal\u010diai puikiai tinka apatiniams drabu\u017eiams laikyti. Baldo stili\u0173 pabr\u0117\u017eia pastorinti \u0161onai ir vir\u0161us bei tvirtos rankenos, suteikian\u010dios tvirtumo. Meni\u0161ko \u0105\u017euolo fasad\u0173 ir tamsaus \u201eMatera\u201c korpuso derinys sukuria darni\u0105 ir moderni\u0105 visum\u0105. 90 x 55 x 200,5 cm dyd\u017eio spinta yra prakti\u0161kas baldas, puikiai tinkantis net ma\u017eoms erdv\u0117ms ir si\u016blantis daug vietos drabu\u017eiams bei aksesuarams laikyti. Dvidur\u0117 \u201eWeston\u201c spinta gali b\u016bti statoma \u0161alia lovos, lentyn\u0173, komod\u0173 ar stalo, tod\u0117l jaunimo kambaryje galima lanks\u010diai i\u0161d\u0117styti erdv\u0119. Dviej\u0173 spalv\u0173 (senovinio stiliaus pu\u0161is\/matera ir meni\u0161kas \u0105\u017euolas\/matera) pasirinkimas leid\u017eia pritaikyti spint\u0105 pagal individualius pageidavimus ir interjero stili\u0173. Trumpai tariant, \u201eWeston\u201c spinta yra ne tik funkcionalus drabu\u017ei\u0173 laikymo elementas, bet ir dizainerio sukurtas baldas, suteikiantis jaunimo kambariui modernumo ir tvarkos.<\/p>\n<p>Prek\u0117s kodas S483-SZF2D2S-SOSTC\/MTA Simbolis ZM EAN Plotis 90 cm Gylis 55 cm Auk\u0161tis 200,5 cm Kolekcija Weston Spalva senovinio stiliaus tamsi pu\u0161is\/matera Gaubtas tamsi mediena Stilius modernus Med\u017eiaga laminatas Dur\u0173 skai\u010dius 2 dur\u0173 Stal\u010di\u0173 skai\u010dius 2 stal\u010diai Rankena su rankenomis Gamintojas Juoda Raudona Balta Baldo tipas Spintos PVM mokestis 23% EAN 5906123708562<\/p>","protected":false},"excerpt":{"rendered":"<p>\u201eWeston\u201c spinta \u2013 stilingas ir funkcionalus jaunimo kambario elementas. Paauglyst\u0117 \u2013 tai daugelio poky\u010di\u0173 metas, \u012fskaitant ir kambario interjero dizain\u0105. \u201eWeston\u201c jaunimo bald\u0173 kolekcija puikiai atitinka besivystan\u010dio vaiko poreikius. \u201eWeston\u201c spinta, kuri yra \u0161ios kolekcijos dalis, ne tik talpina daugyb\u0119 [\u2026]<\/p>","protected":false},"featured_media":266360,"comment_status":"open","ping_status":"open","template":"","meta":[],"product_brand":[],"product_cat":[9200,1177],"product_tag":[],"class_list":{"0":"post-266359","1":"product","2":"type-product","3":"status-publish","4":"has-post-thumbnail","6":"product_cat-black-red-white","7":"product_cat-wardrobes","9":"first","10":"instock","11":"purchasable","12":"product-type-simple"},"_links":{"self":[{"href":"https:\/\/baldumarket.lt\/lt\/wp-json\/wp\/v2\/product\/266359","targetHints":{"allow":["GET"]}}],"collection":[{"href":"https:\/\/baldumarket.lt\/lt\/wp-json\/wp\/v2\/product"}],"about":[{"href":"https:\/\/baldumarket.lt\/lt\/wp-json\/wp\/v2\/types\/product"}],"replies":[{"embeddable":true,"href":"https:\/\/baldumarket.lt\/lt\/wp-json\/wp\/v2\/comments?post=266359"}],"wp:featuredmedia":[{"embeddable":true,"href":"https:\/\/baldumarket.lt\/lt\/wp-json\/wp\/v2\/media\/266360"}],"wp:attachment":[{"href":"https:\/\/baldumarket.lt\/lt\/wp-json\/wp\/v2\/media?parent=266359"}],"wp:term":[{"taxonomy":"product_brand","embeddable":true,"href":"https:\/\/baldumarket.lt\/lt\/wp-json\/wp\/v2\/product_brand?post=266359"},{"taxonomy":"product_cat","embeddable":true,"href":"https:\/\/baldumarket.lt\/lt\/wp-json\/wp\/v2\/product_cat?post=266359"},{"taxonomy":"product_tag","embeddable":true,"href":"https:\/\/baldumarket.lt\/lt\/wp-json\/wp\/v2\/product_tag?post=266359"}],"curies":[{"name":"wp","href":"https:\/\/api.w.org\/{rel}","templated":true}]}}