{"id":266351,"date":"2026-01-14T00:22:38","date_gmt":"2026-01-13T21:22:38","guid":{"rendered":"https:\/\/baldumarket.lt\/product\/szafa-dwudrzwiowa-z-dwoma-szufladami-ostia-1005-cm-dab-artisan-czarny-blask\/"},"modified":"2026-02-11T18:18:25","modified_gmt":"2026-02-11T15:18:25","slug":"szafa-dwudrzwiowa-z-dwoma-szufladami-ostia-1005-cm-dab-artisan-czarny-blask","status":"publish","type":"product","link":"https:\/\/baldumarket.lt\/lt\/product\/szafa-dwudrzwiowa-z-dwoma-szufladami-ostia-1005-cm-dab-artisan-czarny-blask\/","title":{"rendered":"OSTIA dviej\u0173 dur\u0173 spinta su dviem stal\u010diais, 100,5 cm, dirbtinio \u0105\u017euolo imitacija\/blizgi juoda spalva"},"content":{"rendered":"<p>\u201eOstia\u201c spinta \u2013 eleganti\u0161ka drabu\u017ei\u0173 laikymo sistema. Jei ie\u0161kote stilingo ir funkcionalaus interjero, \u201eOstia\u201c kolekcija gali b\u016bti puikus pasirinkimas. \u0160is bald\u0173 komplektas atspindi tvirt\u0105 stili\u0173, pasi\u017eymint\u012f nesenstan\u010diu stiliumi, ry\u0161kiomis \u0161onin\u0117mis detal\u0117mis, dekoratyviniais lipdiniais ir LED ap\u0161vietimu. D\u0117l \u012fvairi\u0173 kolekcijos form\u0173 galite \u012frengti savo svetain\u0119, valgom\u0105j\u012f ar miegam\u0105j\u012f pagal savo skon\u012f. \u201eOstia\u201c spinta patenkina j\u016bs\u0173 drabu\u017ei\u0173 laikymo ir organizavimo poreikius. Pakabos leid\u017eia pakabinti sukneles, kostium\u0117lius ir d\u017einsus, o erdvi erdv\u0117 su pakaba suteikia vietos ilgiems drabu\u017eiams. Lentynos leid\u017eia laikyti palaidines, mar\u0161kin\u0117lius ir megztinius, o du dideli stal\u010diai spintos apa\u010dioje idealiai tinka apatiniams drabu\u017eiams laikyti. \u201eOstia\u201c kolekcija i\u0161siskiria ry\u0161kiomis \u0161onin\u0117mis detal\u0117mis ir nat\u016bralia meni\u0161ko \u0105\u017euolo spalva. Degtos medienos lipdiniai ir LED ap\u0161vietimas sustiprina \u0161io baldo elegancij\u0105. Juodas pagrindas suteikia charakterio bendrai i\u0161vaizdai. \u201eOstia\u201c spinta puikiai tinka miegamajam, persirengimo kambariui, prie\u0161kambariui ar svetainei, kur ji bus puiki vieta drabu\u017eiams laikyti. \u201eOstia\u201c kolekcijoje si\u016blomos \u012fvairios formos, kurios pad\u0117s jums sukurti harmoning\u0105 ir funkcional\u0173 interjer\u0105 svetain\u0117je, valgomajame ar miegamajame.<\/p>\n<p>Prek\u0117s kodas S467-SZF2D2S-DASN\/CABL Simbolis ZM EAN Plotis 100,5 cm Gylis 56 cm Auk\u0161tis 199 cm Kolekcija Ostia Spalva meni\u0161kas \u0105\u017euolas\/blizgi juoda Gaubtas \u0161viesus medis Stilius modernus Dur\u0173 skai\u010dius 2 dur\u0173 Stal\u010di\u0173 skai\u010dius 2 stal\u010diai Rankena su rankenomis Gamintojas Juoda Raudona Balta Baldo tipas Spintos PVM 23% EAN 5906123705233<\/p>","protected":false},"excerpt":{"rendered":"<p>\u201eOstia\u201c spinta \u2013 eleganti\u0161ka drabu\u017ei\u0173 laikymo spinta. Jei ie\u0161kote stilingo ir funkcionalaus interjero, \u201eOstia\u201c kolekcija gali b\u016bti puikus pasirinkimas. \u0160is bald\u0173 komplektas atspindi tvirt\u0105 stili\u0173, kuriam b\u016bdingas nesenstantis stilius, ry\u0161kios pus\u0117s, dekoratyvin\u0117s apdailos ir LED ap\u0161vietimas. D\u0117l \u012fvairi\u0173 kolekcijos form\u0173 galite apstatyti savo svetain\u0119, valgom\u0105j\u012f, [\u2026]<\/p>","protected":false},"featured_media":266352,"comment_status":"open","ping_status":"open","template":"","meta":[],"product_brand":[],"product_cat":[9200,1177],"product_tag":[],"class_list":{"0":"post-266351","1":"product","2":"type-product","3":"status-publish","4":"has-post-thumbnail","6":"product_cat-black-red-white","7":"product_cat-wardrobes","9":"first","10":"instock","11":"purchasable","12":"product-type-simple"},"_links":{"self":[{"href":"https:\/\/baldumarket.lt\/lt\/wp-json\/wp\/v2\/product\/266351","targetHints":{"allow":["GET"]}}],"collection":[{"href":"https:\/\/baldumarket.lt\/lt\/wp-json\/wp\/v2\/product"}],"about":[{"href":"https:\/\/baldumarket.lt\/lt\/wp-json\/wp\/v2\/types\/product"}],"replies":[{"embeddable":true,"href":"https:\/\/baldumarket.lt\/lt\/wp-json\/wp\/v2\/comments?post=266351"}],"wp:featuredmedia":[{"embeddable":true,"href":"https:\/\/baldumarket.lt\/lt\/wp-json\/wp\/v2\/media\/266352"}],"wp:attachment":[{"href":"https:\/\/baldumarket.lt\/lt\/wp-json\/wp\/v2\/media?parent=266351"}],"wp:term":[{"taxonomy":"product_brand","embeddable":true,"href":"https:\/\/baldumarket.lt\/lt\/wp-json\/wp\/v2\/product_brand?post=266351"},{"taxonomy":"product_cat","embeddable":true,"href":"https:\/\/baldumarket.lt\/lt\/wp-json\/wp\/v2\/product_cat?post=266351"},{"taxonomy":"product_tag","embeddable":true,"href":"https:\/\/baldumarket.lt\/lt\/wp-json\/wp\/v2\/product_tag?post=266351"}],"curies":[{"name":"wp","href":"https:\/\/api.w.org\/{rel}","templated":true}]}}