{"id":266348,"date":"2026-01-14T00:22:35","date_gmt":"2026-01-13T21:22:35","guid":{"rendered":"https:\/\/baldumarket.lt\/product\/szafa-dwudrzwiowa-z-dwoma-szufladami-malcolm-80-cm-dab-monument-dab-monument-z-nadrukiem\/"},"modified":"2026-02-11T18:18:25","modified_gmt":"2026-02-11T15:18:25","slug":"szafa-dwudrzwiowa-z-dwoma-szufladami-malcolm-80-cm-dab-monument-dab-monument-z-nadrukiem","status":"publish","type":"product","link":"https:\/\/baldumarket.lt\/lt\/product\/szafa-dwudrzwiowa-z-dwoma-szufladami-malcolm-80-cm-dab-monument-dab-monument-z-nadrukiem\/","title":{"rendered":"Dvidur\u0117 spinta su dviem stal\u010diais MALCOLM 80 cm, paminklinio \u0105\u017euolo imitacija\/paminklinio \u0105\u017euolo imitacija su ra\u0161tu"},"content":{"rendered":"<p>\u201eMalcolm\u201c spinta \u2013 puikus sprendimas tvarkingai laikyti drabu\u017eius. \u201eMalcolm\u201c kolekcija \u2013 tai novatori\u0161kas po\u017ei\u016bris \u012f jaunimo baldus, derinantis modern\u0173 dizain\u0105 su tradicine apdaila. Erdvi \u201eMalcolm\u201c spinta yra puikus sprendimas, ypa\u010d kai reikia vietos daiktams susid\u0117ti, bet erdv\u0117 ribota. Viduje rasite drabu\u017ei\u0173 kabykl\u0105 ir auk\u0161t\u0105 lentyn\u0105 re\u010diau naudojamiems daiktams. Be to, du erdv\u016bs stal\u010diai spintos apa\u010dioje suteikia prakti\u0161k\u0105 viet\u0105 \u012fvairiems smulkiems daiktams laikyti. \u201eMalcolm\u201c kolekcija pasi\u017eymi prislopinta \u201eCanyon Monument Oak\u201c apdaila, pary\u0161kinta vilkramo pilkumo akcentu. \u0160is derinys suteikia baldams eleganti\u0161k\u0105 ir modern\u0173 vaizd\u0105, puikiai papildant\u012f jaunimo kambario dizain\u0105. Jaunatvi\u0161k\u0105 spintos charakter\u012f pabr\u0117\u017eia modern\u016bs raid\u017ei\u0173 ra\u0161tai ir didel\u0117s, patogios sendinto nikelio spalvos rankenos, kurios leid\u017eia ja naudotis. Svarbu tai, kad atskirus \u201eMalcolm\u201c kolekcijos elementus galima derinti bet kokiu b\u016bdu, tod\u0117l puikiai pritaikysite kambario i\u0161planavim\u0105 prie jo specifikos ir individuali\u0173 vaiko poreiki\u0173. Tai leid\u017eia sukurti funkcionali\u0105 ir esteti\u0161kai patraukli\u0105 erdv\u0119, kuri skatina organizuotum\u0105 ir tvarkos palaikym\u0105. \u201eMalcolm\u201c spinta yra ne tik drabu\u017ei\u0173 laikymo vieta, bet ir dizainerio elementas, suteikiantis jaunimo kambariui charakterio. Jos d\u0117ka drabu\u017eius tvarkingai laikyti tampa lengviau ir efektyviau.<\/p>\n<p>Prek\u0117s kodas S325-SZF2D2S-DAMO\/SZW\/DAMON Simbolis ZM EAN Plotis 80 cm Gylis 57 cm Auk\u0161tis 205,5 cm Kolekcija Malcolm Spalva monumentalus \u0105\u017euolas\/pilkas volframas\/monumentalus \u0105\u017euolas su ra\u0161tu Gaubtas tamsi mediena Stilius modernus Med\u017eiaga laminatas Dureli\u0173 skai\u010dius 2 dur\u0173 Stal\u010di\u0173 skai\u010dius 2 stal\u010diai Rankena su rankenomis Gamintojas Juoda Raudona Balta Baldo tipas Spintos PVM mokestis 23% EAN 5906123925488<\/p>","protected":false},"excerpt":{"rendered":"<p>\u201eMalcolm\u201c spinta \u2013 puikus sprendimas tvarkingai laikyti drabu\u017eius. \u201eMalcolm\u201c kolekcija \u2013 tai novatori\u0161kas po\u017ei\u016bris \u012f jaunimo baldus, derinantis modern\u0173 dizain\u0105 su tradicine apdaila. Erdvi \u201eMalcolm\u201c spinta yra puikus sprendimas, ypa\u010d kai reikia vietos daiktams susid\u0117ti, bet erdv\u0117 ribota. Viduje rasite drabu\u017ei\u0173 pakab\u0105 ir auk\u0161t\u0105 [\u2026]<\/p>","protected":false},"featured_media":266349,"comment_status":"open","ping_status":"open","template":"","meta":[],"product_brand":[],"product_cat":[9200,1177],"product_tag":[],"class_list":{"0":"post-266348","1":"product","2":"type-product","3":"status-publish","4":"has-post-thumbnail","6":"product_cat-black-red-white","7":"product_cat-wardrobes","9":"first","10":"instock","11":"purchasable","12":"product-type-simple"},"_links":{"self":[{"href":"https:\/\/baldumarket.lt\/lt\/wp-json\/wp\/v2\/product\/266348","targetHints":{"allow":["GET"]}}],"collection":[{"href":"https:\/\/baldumarket.lt\/lt\/wp-json\/wp\/v2\/product"}],"about":[{"href":"https:\/\/baldumarket.lt\/lt\/wp-json\/wp\/v2\/types\/product"}],"replies":[{"embeddable":true,"href":"https:\/\/baldumarket.lt\/lt\/wp-json\/wp\/v2\/comments?post=266348"}],"wp:featuredmedia":[{"embeddable":true,"href":"https:\/\/baldumarket.lt\/lt\/wp-json\/wp\/v2\/media\/266349"}],"wp:attachment":[{"href":"https:\/\/baldumarket.lt\/lt\/wp-json\/wp\/v2\/media?parent=266348"}],"wp:term":[{"taxonomy":"product_brand","embeddable":true,"href":"https:\/\/baldumarket.lt\/lt\/wp-json\/wp\/v2\/product_brand?post=266348"},{"taxonomy":"product_cat","embeddable":true,"href":"https:\/\/baldumarket.lt\/lt\/wp-json\/wp\/v2\/product_cat?post=266348"},{"taxonomy":"product_tag","embeddable":true,"href":"https:\/\/baldumarket.lt\/lt\/wp-json\/wp\/v2\/product_tag?post=266348"}],"curies":[{"name":"wp","href":"https:\/\/api.w.org\/{rel}","templated":true}]}}