{"id":266340,"date":"2026-01-14T00:22:28","date_gmt":"2026-01-13T21:22:28","guid":{"rendered":"https:\/\/baldumarket.lt\/product\/szafa-dwudrzwiowa-z-dwoma-szufladami-lara-90-cm-jesion-belarus\/"},"modified":"2026-02-11T18:18:26","modified_gmt":"2026-02-11T15:18:26","slug":"szafa-dwudrzwiowa-z-dwoma-szufladami-lara-90-cm-jesion-belarus","status":"publish","type":"product","link":"https:\/\/baldumarket.lt\/lt\/product\/szafa-dwudrzwiowa-z-dwoma-szufladami-lara-90-cm-jesion-belarus\/","title":{"rendered":"Dviej\u0173 dur\u0173 spinta su dviem stal\u010diais LARA 90 cm baltarusi\u0161kas uosis"},"content":{"rendered":"<p>\u2019Lara\u201c spinta \u2013 j\u016bs\u0173 drabu\u017ei\u0173 organizavimo centras. \u012erengiant paauglio kambar\u012f, reikia atsi\u017evelgti \u012f daugel\u012f aspekt\u0173. Vienas i\u0161 pagrindini\u0173 element\u0173 \u2013 tinkamas funkcionalumas ir estetika, patraukli jaunam \u017emogui. \u201eLara\u201c kolekcija neabejotinai pateisina \u0161iuos l\u016bkes\u010dius d\u0117l savo unikalaus dizaino ir universalumo, leid\u017eian\u010dio prid\u0117ti spalving\u0173 akcent\u0173. \u201eLara\u201c spinta \u2013 puikus sprendimas paaugli\u0173 drabu\u017eiams laikyti. Erdviame jos viduje tilps megztiniai, sportiniai megztiniai, d\u017einsai, mar\u0161kin\u0117liai ir daug daugiau. Padalijus spint\u0105 \u012f sekcij\u0105 su pakaba ir sekcij\u0105 su lentynomis, daikt\u0173 tvarkymas tampa paprastesnis ir organizuotesnis. Be to, du stal\u010diai leid\u017eia tvarkingai laikyti apatinius ir kitus smulkius daiktus. \u201eLara\u201c spinta \u017eavi ne tik savo funkcionalumu, bet ir estetika. Baltarusijos uosio fanera imituoja nat\u016brali\u0105 medienos tekst\u016br\u0105, suteikdama baldui \u0161ilt\u0105 ir jauki\u0105 i\u0161vaizd\u0105. Unikalios aplikacijos kra\u0161tuose suskaido paprastas formas, suteikdamos spintai lofto charakter\u012f. Juodos rankenos suteikia kolekcijai i\u0161skirtinumo. Kalbant apie kasdien\u012f bald\u0173 naudojim\u0105, svarbiausia yra patogumas. Spinta \u201eLara\u201c pasi\u017eymi \u0161velnaus u\u017edarymo sistema, tod\u0117l dureli\u0173 atidarymas ir u\u017edarymas yra beveik tylus. \u0160i\u0105 detal\u0119 \u012fvertins tiek paaugliai, tiek suaugusieji. Dviej\u0173 dur\u0173 spinta \u201eLara\u201c puikiai dera su kitais kolekcijos elementais. J\u0105 galite derinti su komoda, lentyna, ra\u0161omuoju stalu arba kampine spinta, taip sukurdami darn\u0173 ir funkcional\u0173 paauglio kambario i\u0161d\u0117stym\u0105. Tai leid\u017eia pilnai i\u0161naudoti erdv\u0119 ir sukurti harmoning\u0105 aplink\u0105. Trumpai tariant, spinta \u201eLara\u201c yra ne tik vieta drabu\u017eiams laikyti, bet ir svarbus paauglio kambario elementas. Jos funkcionalumas, estetinis patrauklumas ir galimyb\u0117 derinti j\u0105 su kitais kolekcijos elementais leid\u017eia patenkinti tiek jaun\u0173, tiek reikli\u0173 vartotoj\u0173 l\u016bkes\u010dius. Jos d\u0117ka drabu\u017eiai visada yra vienoje vietoje, o kambarys \u012fgauna charakterio ir stiliaus. Spinta \u201eLara\u201c \u2013 sutvarkykite savo erdv\u0119 moderniai ir efektyviai.<\/p>\n<p>Prek\u0117s kodas S463-SZF2D2S-JBE Simbolis ZM EAN Plotis 90 cm Gylis 56 cm Auk\u0161tis 197,5 cm Kolekcija Lara Spalva Baltarusijos uosis Gaubtas \u0161viesi mediena Stilius loft Med\u017eiaga laminatas Dur\u0173 skai\u010dius 2 dur\u0173 Stal\u010di\u0173 skai\u010dius 2 stal\u010diai Rankena su rankenomis Gamintojas Juoda Raudona Balta Baldo tipas Spintos PVM mokestis 23% EAN 5906123608060<\/p>","protected":false},"excerpt":{"rendered":"<p>\u201eLara\u201c drabu\u017ein\u0117 \u2013 j\u016bs\u0173 drabu\u017ei\u0173 organizavimo centras. \u012erengiant paauglio kambar\u012f, reikia atsi\u017evelgti \u012f daugel\u012f aspekt\u0173. Vienas i\u0161 svarbiausi\u0173 element\u0173 \u2013 tinkamas funkcionalumas ir estetika, patraukli jaunam \u017emogui. \u201eLara\u201c kolekcija neabejotinai pateisina \u0161iuos l\u016bkes\u010dius d\u0117l savo unikalaus dizaino ir universalumo, leid\u017eian\u010dio prid\u0117ti spalving\u0173 akcent\u0173. [\u2026]<\/p>","protected":false},"featured_media":266341,"comment_status":"open","ping_status":"open","template":"","meta":[],"product_brand":[],"product_cat":[9200,1177],"product_tag":[],"class_list":{"0":"post-266340","1":"product","2":"type-product","3":"status-publish","4":"has-post-thumbnail","6":"product_cat-black-red-white","7":"product_cat-wardrobes","9":"first","10":"instock","11":"purchasable","12":"product-type-simple"},"_links":{"self":[{"href":"https:\/\/baldumarket.lt\/lt\/wp-json\/wp\/v2\/product\/266340","targetHints":{"allow":["GET"]}}],"collection":[{"href":"https:\/\/baldumarket.lt\/lt\/wp-json\/wp\/v2\/product"}],"about":[{"href":"https:\/\/baldumarket.lt\/lt\/wp-json\/wp\/v2\/types\/product"}],"replies":[{"embeddable":true,"href":"https:\/\/baldumarket.lt\/lt\/wp-json\/wp\/v2\/comments?post=266340"}],"wp:featuredmedia":[{"embeddable":true,"href":"https:\/\/baldumarket.lt\/lt\/wp-json\/wp\/v2\/media\/266341"}],"wp:attachment":[{"href":"https:\/\/baldumarket.lt\/lt\/wp-json\/wp\/v2\/media?parent=266340"}],"wp:term":[{"taxonomy":"product_brand","embeddable":true,"href":"https:\/\/baldumarket.lt\/lt\/wp-json\/wp\/v2\/product_brand?post=266340"},{"taxonomy":"product_cat","embeddable":true,"href":"https:\/\/baldumarket.lt\/lt\/wp-json\/wp\/v2\/product_cat?post=266340"},{"taxonomy":"product_tag","embeddable":true,"href":"https:\/\/baldumarket.lt\/lt\/wp-json\/wp\/v2\/product_tag?post=266340"}],"curies":[{"name":"wp","href":"https:\/\/api.w.org\/{rel}","templated":true}]}}