{"id":266321,"date":"2026-01-14T00:22:07","date_gmt":"2026-01-13T21:22:07","guid":{"rendered":"https:\/\/baldumarket.lt\/product\/szafa-dwudrzwiowa-z-dwoma-szufladami-kaspian-90-cm-bialy-dab-sonoma\/"},"modified":"2026-02-11T18:18:26","modified_gmt":"2026-02-11T15:18:26","slug":"szafa-dwudrzwiowa-z-dwoma-szufladami-kaspian-90-cm-bialy-dab-sonoma","status":"publish","type":"product","link":"https:\/\/baldumarket.lt\/lt\/product\/szafa-dwudrzwiowa-z-dwoma-szufladami-kaspian-90-cm-bialy-dab-sonoma\/","title":{"rendered":"Dviej\u0173 dur\u0173 spinta su dviem stal\u010diais KASPIAN 90 cm balta\/sonoma \u0105\u017euolas"},"content":{"rendered":"<p>\u201eKaspian\u201c dviej\u0173 dur\u0173 spinta \u2013 talpa ir funkcionalumas j\u016bs\u0173 interjerui. \u201eKaspian\u201c dviej\u0173 dur\u0173 spinta yra puikus pasirinkimas visiems, kurie vertina funkcionalum\u0105 ir prakti\u0161kum\u0105 savo interjero dizaine. \u0160tai kod\u0117l verta j\u0105 apsvarstyti: Funkcionali daikt\u0173 laikymo erdv\u0117<br \/>\nDviej\u0173 dur\u0173 \u201eKaspian\u201c spinta si\u016blo daug ir funkcionalios vietos daiktams susid\u0117ti. Viduje drabu\u017ei\u0173 kabykla leid\u017eia lengvai susitvarkyti drabu\u017eius. Be to, du stal\u010diai apatin\u0117je spintos dalyje leid\u017eia prakti\u0161kai valdyti erdv\u0119, puikiai tinkantys smulkiems daiktams, apatiniams drabu\u017eiams ar aksesuarams laikyti.<br \/>\n\u0160iek tiek pastorinti spintos \u0161onai ne tik suteikia tvirtumo ir stabilumo, bet ir pagerina jos vizualin\u012f patrauklum\u0105. \u0160is baldas yra ir patvarus, ir esteti\u0161kai patrauklus. Firminiai vyriai patogumui.<br \/>\nSpinta apr\u016bpinta firminiais vyriais, kurie u\u017etikrina skland\u0173 fasad\u0173 atidarym\u0105. Be to, jie leid\u017eia tiksliai reguliuoti duris trimis matmenimis, tod\u0117l galite tiksliai pritaikyti baldus pagal savo poreikius. Platus fasad\u0173 spalv\u0173 pasirinkimas leid\u017eia pritaikyti spint\u0105 prie savo asmeninio stiliaus ir interjero dizaino. \u0160is baldas leid\u017eia \u012frengti interjer\u0105 pagal j\u016bs\u0173 pageidavimus. \u201eKaspian\u201c spinta yra universalus baldas, kuris gali rasti viet\u0105 miegamajame, persirengimo kambaryje ar prie\u0161kambaryje. Universali spalv\u0173 gama taip pat leid\u017eia j\u0105 derinti su moduliais i\u0161 kit\u0173 \u201eBlack Red White\u201c kolekcij\u0173, suteikiant didesn\u0119 dizaino laisv\u0119. Verta pamin\u0117ti, kad lentynos ne\u012feina \u012f spintos komplekt\u0105, ta\u010diau jas galima \u012fsigyti atskirai u\u017e papildom\u0105 mokest\u012f, tod\u0117l galite dar labiau pritaikyti baldus pagal savo poreikius. Trumpai tariant, \u201eKaspian\u201c dviej\u0173 dur\u0173 spinta yra ne tik vieta drabu\u017eiams ir aksesuarams laikyti; tai taip pat dekoratyvinis elementas, kuris pagerins j\u016bs\u0173 interjero charakter\u012f. Jei ie\u0161kote erdvios, funkcionalios ir esteti\u0161kai patrauklios spintos, atitinkan\u010dios j\u016bs\u0173 l\u016bkes\u010dius, \u201eKaspian\u201c spinta tikrai bus puikus j\u016bs\u0173 interjero papildymas.<\/p>\n<p>Prek\u0117s kodas S128-SZF2D2S-BI\/DSO Simbolis ZM EAN Plotis 90 cm Gylis 55,5 cm Auk\u0161tis 200,5 cm Kolekcija Kaspian Spalva balta\/sonoma \u0105\u017euolas Gaubtas \u0161viesios medienos Stilius modernus Dur\u0173 skai\u010dius 2 dur\u0173 Stal\u010di\u0173 skai\u010dius 2 stal\u010diai Rankena be ranken\u0117li\u0173 Gamintojas Juoda Raudona Balta Baldo tipas Spintos PVM mokestis 23% EAN 5906123920889<\/p>","protected":false},"excerpt":{"rendered":"<p>\u201eKaspian\u201c dviej\u0173 dur\u0173 spinta \u2013 talpa ir funkcionalumas j\u016bs\u0173 interjerui. \u201eKaspian\u201c dviej\u0173 dur\u0173 spinta yra puikus pasirinkimas visiems, kurie vertina funkcionalum\u0105 ir prakti\u0161kum\u0105 savo interjero dizaine. \u0160tai kod\u0117l verta j\u0105 apsvarstyti: Funkcionali daikt\u0173 laikymo vieta. \u201eKaspian\u201c dviej\u0173 dur\u0173 spinta si\u016blo daug ir funkcionalios daikt\u0173 laikymo vietos. Viduje drabu\u017ei\u0173 kabykla leid\u017eia lengvai susid\u0117lioti drabu\u017eius. [\u2026]<\/p>","protected":false},"featured_media":266322,"comment_status":"open","ping_status":"open","template":"","meta":[],"product_brand":[],"product_cat":[9200,1177],"product_tag":[],"class_list":{"0":"post-266321","1":"product","2":"type-product","3":"status-publish","4":"has-post-thumbnail","6":"product_cat-black-red-white","7":"product_cat-wardrobes","9":"first","10":"instock","11":"purchasable","12":"product-type-simple"},"_links":{"self":[{"href":"https:\/\/baldumarket.lt\/lt\/wp-json\/wp\/v2\/product\/266321","targetHints":{"allow":["GET"]}}],"collection":[{"href":"https:\/\/baldumarket.lt\/lt\/wp-json\/wp\/v2\/product"}],"about":[{"href":"https:\/\/baldumarket.lt\/lt\/wp-json\/wp\/v2\/types\/product"}],"replies":[{"embeddable":true,"href":"https:\/\/baldumarket.lt\/lt\/wp-json\/wp\/v2\/comments?post=266321"}],"wp:featuredmedia":[{"embeddable":true,"href":"https:\/\/baldumarket.lt\/lt\/wp-json\/wp\/v2\/media\/266322"}],"wp:attachment":[{"href":"https:\/\/baldumarket.lt\/lt\/wp-json\/wp\/v2\/media?parent=266321"}],"wp:term":[{"taxonomy":"product_brand","embeddable":true,"href":"https:\/\/baldumarket.lt\/lt\/wp-json\/wp\/v2\/product_brand?post=266321"},{"taxonomy":"product_cat","embeddable":true,"href":"https:\/\/baldumarket.lt\/lt\/wp-json\/wp\/v2\/product_cat?post=266321"},{"taxonomy":"product_tag","embeddable":true,"href":"https:\/\/baldumarket.lt\/lt\/wp-json\/wp\/v2\/product_tag?post=266321"}],"curies":[{"name":"wp","href":"https:\/\/api.w.org\/{rel}","templated":true}]}}