{"id":266309,"date":"2026-01-14T00:21:58","date_gmt":"2026-01-13T21:21:58","guid":{"rendered":"https:\/\/baldumarket.lt\/product\/szafa-dwudrzwiowa-z-dwoma-szufladami-forn-94-cm-dab-delano-ciemny-czarny-mat\/"},"modified":"2026-02-11T18:18:26","modified_gmt":"2026-02-11T15:18:26","slug":"szafa-dwudrzwiowa-z-dwoma-szufladami-forn-94-cm-dab-delano-ciemny-czarny-mat","status":"publish","type":"product","link":"https:\/\/baldumarket.lt\/lt\/product\/szafa-dwudrzwiowa-z-dwoma-szufladami-forn-94-cm-dab-delano-ciemny-czarny-mat\/","title":{"rendered":"FORN dviej\u0173 dur\u0173 spinta su dviem stal\u010diais, 94 cm, Delano tamsaus \u0105\u017euolo\/matin\u0117s juodos spalvos"},"content":{"rendered":"<p>\u201eForn\u201c spinta \u2013 puikus sprendimas ma\u017eai, modernaus stiliaus spintai. \u201eForn\u201c kolekcijos baldai pakeis j\u016bs\u0173 svetain\u0119 ar valgom\u0105j\u012f, suteikdami interjerui modernumo. Raminan\u010dios spalvos ir \u0161viesios formos suteikia gaivumo ir sukuria tobul\u0105 fon\u0105 \u012fvairiems aksesuarams. \u201eForn\u201c spinta \u2013 puikus sprendimas ma\u017eai spintai svetain\u0117je, prie\u0161kambaryje, miegamajame ar vaik\u0173 kambaryje. Spintos vidus sukurtas atsi\u017evelgiant \u012f funkcionalum\u0105. Drabu\u017eius, kuriuos reikia pakabinti, pavyzd\u017eiui, mar\u0161kinius, striukes ar sukneles, galite laikyti naudodami du prakti\u0161kus pakabinimo b\u0117gelius. Likusi\u0105 spintos dal\u012f galite sutvarkyti keturiose lentynose ir dviejuose patogiuose stal\u010diuose. 94 x 200 cm dyd\u017eio spinta turi vyrius su \u012fmontuota \u0161velnaus u\u017edarymo sistema, u\u017etikrinan\u010dia skland\u0173 ir tyl\u0173 dur\u0173 u\u017edarym\u0105. Viso i\u0161traukimo stal\u010di\u0173 b\u0117geliai yra dar viena savyb\u0117, padidinanti naudojimo patogum\u0105. Unikal\u0173 \u201eForn\u201c kolekcijos stili\u0173 pabr\u0117\u017eia spalv\u0173 gama, kuri\u0105 galima \u012fsigyti keturi\u0173 variant\u0173: blizgios baltos, tamsaus \u201eDelano\u201c \u0105\u017euolo \/ matin\u0117s juodos, tamsaus \u201eDelano\u201c \u0105\u017euolo \/ blizgios baltos ir blizgios baltos \/ matin\u0117s juodos. Tikrai rasite variant\u0105, atitinkant\u012f j\u016bs\u0173 pageidavimus. Su\u017einokite, kaip kiti \u201eForn\u201c kolekcijos elementai gali pakeisti j\u016bs\u0173 svetain\u0117s dizain\u0105, ir per\u017ei\u016br\u0117kite vis\u0105 \u0161eimos interjero katalog\u0105.<\/p>\n<p>Prek\u0117s kodas S471-SZF2D2S-DDC\/CAM Simbolis ZM EAN Plotis 94 cm Gylis 56,5 cm Auk\u0161tis 200,5 cm Kolekcija Forn Spalva tamsus Delano \u0105\u017euolas\/matin\u0117 juoda \u0160e\u0161\u0117lis tamsus medis Stilius modernus Dur\u0173 skai\u010dius 2 dur\u0173 Stal\u010di\u0173 skai\u010dius 2 stal\u010diai Rankena su rankenomis Gamintojas Juoda Raudona Balta Baldo tipas Spintos PVM 23% EAN 5906123706353<\/p>","protected":false},"excerpt":{"rendered":"<p>\u201eForn\u201c spinta \u2013 puikus sprendimas ma\u017eai, modernaus stiliaus spintai. \u201eForn\u201c kolekcijos baldai pakeis j\u016bs\u0173 svetain\u0119 ar valgom\u0105j\u012f, suteikdami interjerui modernumo. Raminan\u010dios spalvos ir \u0161viesios formos suteikia gaivumo ir sukuria tobul\u0105 fon\u0105 \u012fvairiems aksesuarams. \u201eForn\u201c spinta \u2013 puikus [\u2026]<\/p>","protected":false},"featured_media":266310,"comment_status":"open","ping_status":"open","template":"","meta":[],"product_brand":[],"product_cat":[9200,1177],"product_tag":[],"class_list":{"0":"post-266309","1":"product","2":"type-product","3":"status-publish","4":"has-post-thumbnail","6":"product_cat-black-red-white","7":"product_cat-wardrobes","9":"first","10":"instock","11":"purchasable","12":"product-type-simple"},"_links":{"self":[{"href":"https:\/\/baldumarket.lt\/lt\/wp-json\/wp\/v2\/product\/266309","targetHints":{"allow":["GET"]}}],"collection":[{"href":"https:\/\/baldumarket.lt\/lt\/wp-json\/wp\/v2\/product"}],"about":[{"href":"https:\/\/baldumarket.lt\/lt\/wp-json\/wp\/v2\/types\/product"}],"replies":[{"embeddable":true,"href":"https:\/\/baldumarket.lt\/lt\/wp-json\/wp\/v2\/comments?post=266309"}],"wp:featuredmedia":[{"embeddable":true,"href":"https:\/\/baldumarket.lt\/lt\/wp-json\/wp\/v2\/media\/266310"}],"wp:attachment":[{"href":"https:\/\/baldumarket.lt\/lt\/wp-json\/wp\/v2\/media?parent=266309"}],"wp:term":[{"taxonomy":"product_brand","embeddable":true,"href":"https:\/\/baldumarket.lt\/lt\/wp-json\/wp\/v2\/product_brand?post=266309"},{"taxonomy":"product_cat","embeddable":true,"href":"https:\/\/baldumarket.lt\/lt\/wp-json\/wp\/v2\/product_cat?post=266309"},{"taxonomy":"product_tag","embeddable":true,"href":"https:\/\/baldumarket.lt\/lt\/wp-json\/wp\/v2\/product_tag?post=266309"}],"curies":[{"name":"wp","href":"https:\/\/api.w.org\/{rel}","templated":true}]}}