{"id":266277,"date":"2026-01-14T00:21:35","date_gmt":"2026-01-13T21:21:35","guid":{"rendered":"https:\/\/baldumarket.lt\/product\/szafa-dwudrzwiowa-z-dwoma-szufladami-casao-bialy-textil\/"},"modified":"2026-02-11T18:18:26","modified_gmt":"2026-02-11T15:18:26","slug":"szafa-dwudrzwiowa-z-dwoma-szufladami-casao-bialy-textil","status":"publish","type":"product","link":"https:\/\/baldumarket.lt\/lt\/product\/szafa-dwudrzwiowa-z-dwoma-szufladami-casao-bialy-textil\/","title":{"rendered":"Dviej\u0173 dur\u0173 spinta su dviem stal\u010diais CASAO balta\/tekstil\u0117"},"content":{"rendered":"<p>\u201eCasao\u201c spinta \u2013 tvarka ir stilius ma\u017eose erdv\u0117se. \u201eCasao\u201c spinta yra daugiau nei tik daiktad\u0117\u017e\u0117; tai tikras s\u0105jungininkas palaikant tvark\u0105 bet kuriame interjere. Optimal\u016bs 91 x 197 x 54 cm matmenys leid\u017eia jai puikiai tinka net ir ma\u017eose erdv\u0117se, pasi\u017eymint funkcionalumu ir estetika. Koridoriuje, miegamajame ar jaunimo kambaryje \u201eCasao\u201c spinta taps pagrindiniu spintos organizavimo elementu. Minimalistinis dizainas puikiai tinka tiek moderniam, tiek klasikiniam interjerui. Universali balta spintos spalva leid\u017eia j\u0105 lengvai derinti su kitais dekoro elementais. Dviej\u0173 dur\u0173 spintos dizainas skirtas prakti\u0161kam \u012fvairi\u0173 garderobo daikt\u0173 laikymui. Kair\u0117je pus\u0117je yra striuki\u0173, palaidini\u0173 ar mar\u0161kini\u0173 pakabinimo skersinis, kuris pa\u0161alina rauk\u0161li\u0173 problem\u0105. De\u0161in\u0117je pus\u0117je yra patalyn\u0117s skyrius sulankstytiems drabu\u017eiams, o apa\u010dioje \u2013 du erdv\u016bs stal\u010diai, puikiai tinkantys kojin\u0117ms ar aksesuarams. Dvi vir\u0161utin\u0117s lentynos puikiai tinka re\u010diau naudojamiems daiktams, pavyzd\u017eiui, antklod\u0117ms ar sezoniniams drabu\u017eiams. Ergonomi\u0161kos pilkos rankenos leid\u017eia \u201eCasao\u201c spint\u0105 naudoti ne tik funkcionaliai, bet ir patogiai kasdien. Trumpai tariant, \u201eCasao\u201c spinta yra ne tik prakti\u0161kas baldas, bet ir modernus dizaino elementas, leid\u017eiantis optimaliai i\u0161naudoti erdv\u0119 net ir ma\u017eose erdv\u0117se. Tai puikus sprendimas tiems, kurie vertina tvark\u0105, estetik\u0105 ir funkcionalum\u0105 viename.<\/p>\n<p>Prek\u0117s kodas F79-SZF2D2S-BI\/TX Simbolis ZM EAN Plotis 91 cm Gylis 54 cm Auk\u0161tis 197 cm Kolekcija Casao Spalva balta\/tekstil\u0117 Gaubtas baltas Stilius modernus Med\u017eiaga laminatas Dureli\u0173 skai\u010dius 2 dur\u0173 Stal\u010di\u0173 skai\u010dius 2 stal\u010diai Rankena su ranken\u0117l\u0117mis Gamintojas Juoda Raudona Balta Baldo tipas Spintos PVM 23% EAN 5906123851121<\/p>","protected":false},"excerpt":{"rendered":"<p>\u201eCasao\u201c spinta \u2013 tvarka ir stilius ma\u017eose erdv\u0117se. \u201eCasao\u201c spinta yra daugiau nei tik daikt\u0173 laikymo spinta; tai tikras s\u0105jungininkas palaikant tvark\u0105 bet kuriame interjere. Optimal\u016bs 91 x 197 x 54 cm matmenys puikiai tinka net ma\u017eose erdv\u0117se, si\u016blydami funkcionalum\u0105 ir estetik\u0105. Koridoriuje [\u2026]<\/p>","protected":false},"featured_media":266278,"comment_status":"open","ping_status":"open","template":"","meta":[],"product_brand":[],"product_cat":[9200,1177],"product_tag":[],"class_list":{"0":"post-266277","1":"product","2":"type-product","3":"status-publish","4":"has-post-thumbnail","6":"product_cat-black-red-white","7":"product_cat-wardrobes","9":"first","10":"instock","11":"purchasable","12":"product-type-simple"},"_links":{"self":[{"href":"https:\/\/baldumarket.lt\/lt\/wp-json\/wp\/v2\/product\/266277","targetHints":{"allow":["GET"]}}],"collection":[{"href":"https:\/\/baldumarket.lt\/lt\/wp-json\/wp\/v2\/product"}],"about":[{"href":"https:\/\/baldumarket.lt\/lt\/wp-json\/wp\/v2\/types\/product"}],"replies":[{"embeddable":true,"href":"https:\/\/baldumarket.lt\/lt\/wp-json\/wp\/v2\/comments?post=266277"}],"wp:featuredmedia":[{"embeddable":true,"href":"https:\/\/baldumarket.lt\/lt\/wp-json\/wp\/v2\/media\/266278"}],"wp:attachment":[{"href":"https:\/\/baldumarket.lt\/lt\/wp-json\/wp\/v2\/media?parent=266277"}],"wp:term":[{"taxonomy":"product_brand","embeddable":true,"href":"https:\/\/baldumarket.lt\/lt\/wp-json\/wp\/v2\/product_brand?post=266277"},{"taxonomy":"product_cat","embeddable":true,"href":"https:\/\/baldumarket.lt\/lt\/wp-json\/wp\/v2\/product_cat?post=266277"},{"taxonomy":"product_tag","embeddable":true,"href":"https:\/\/baldumarket.lt\/lt\/wp-json\/wp\/v2\/product_tag?post=266277"}],"curies":[{"name":"wp","href":"https:\/\/api.w.org\/{rel}","templated":true}]}}