{"id":266269,"date":"2026-01-14T00:21:29","date_gmt":"2026-01-13T21:21:29","guid":{"rendered":"https:\/\/baldumarket.lt\/product\/szafa-dwudrzwiowa-z-dwoma-szufladami-alameda-102-cm-bialy-polysk-dab-westminster\/"},"modified":"2026-02-11T18:18:26","modified_gmt":"2026-02-11T15:18:26","slug":"szafa-dwudrzwiowa-z-dwoma-szufladami-alameda-102-cm-bialy-polysk-dab-westminster","status":"publish","type":"product","link":"https:\/\/baldumarket.lt\/lt\/product\/szafa-dwudrzwiowa-z-dwoma-szufladami-alameda-102-cm-bialy-polysk-dab-westminster\/","title":{"rendered":"ALAMEDA 102 cm dviej\u0173 dur\u0173 spinta su dviem stal\u010diais, balta blizgi\/vestminsterio \u0105\u017euolas"},"content":{"rendered":"<p>\u201eAlameda\u201c spinta \u2013 tai funkcionalus ir stilingas sprendimas svetain\u0117s ar prie\u0161kambario tvarkymui. Drabu\u017ei\u0173 ir aksesuar\u0173 laikymas: \u201eAlameda\u201c spintoje yra daug vietos daiktams susid\u0117ti. Joje yra du pakabos mar\u0161kiniams, suknel\u0117ms ir kitiems daiktams pakabinti, taip pat trys prakti\u0161kos lentynos, padedan\u010dios sutvarkyti daiktus ir aksesuarus. Be to, du kompakti\u0161ki stal\u010diai \u2013 puiki vieta smulkiems daiktams ir daiktams, kuriuos norite laikyti pasl\u0117ptus. LED ap\u0161vietimas: Spintoje \u012frengtas energij\u0105 taupantis LED ap\u0161vietimas po vir\u0161utine dalimi. \u0160is ap\u0161vietimas ne tik suteikia baldui elegancijos, bet ir leid\u017eia lengviau rasti tinkamus drabu\u017eius bei aksesuarus net esant prastam ap\u0161vietimui. \u201eAlameda\u201c spinta pasi\u017eymi moderniu dizainu, kuriam b\u016bdingos paprastos, geometrin\u0117s formos. Spintos fasadai yra balti ir blizg\u016bs, suteikiantys baldui elegancijos. Vir\u0161us ir pagrindas pagaminti i\u0161 Vestminsterio \u0105\u017euolo, kuris suteikia \u0161ilumos ir nat\u016bralaus \u017eavesio. Spintos korpusas padengtas blizgia balta apdaila. Naudojimo paprastumas: \u201eAlameda\u201c spintoje yra \u0161velnaus u\u017edarymo vyriai, leid\u017eiantys fasadams u\u017esidaryti beveik tyliai. \u0160is sprendimas garantuoja patog\u0173 naudojim\u0105. Suderinamumas su kitais kolekcijos gaminiais: \u201eAlameda\u201c spint\u0105 galima derinti su kitais \u201eAlameda\u201c kolekcijos gaminiais, sukuriant darni\u0105 ir funkcionali\u0105 erdv\u0119 j\u016bs\u0173 namuose. Su \u201eAlameda\u201c spinta tur\u0117site daug vietos drabu\u017eiams ir aksesuarams laikyti, pad\u0117s palaikyti tvark\u0105 j\u016bs\u0173 svetain\u0117je ar prie\u0161kambaryje. \u0160i spinta derina funkcionalum\u0105 ir estetik\u0105, tod\u0117l yra vertingas interjero dizaino elementas.<\/p>\n<p>Prek\u0117s kodas S420-SZF2D2S-BIP\/DWM\/BIP Simbolis ZM EAN Plotis 102 cm Gylis 60 cm Auk\u0161tis 201 cm Kolekcija Alameda Spalva balta blizgi \/ Vestminsterio \u0105\u017euolas \/ balta blizgi Atspalvis baltas Stilius modernus Dur\u0173 skai\u010dius 2 dur\u0173 Stal\u010di\u0173 skai\u010dius 2 stal\u010diai Rankena be ranken\u0117li\u0173 Ap\u0161vietimas su ap\u0161vietimu Gamintojas Juoda Raudona Balta Baldo tipas Spintos PVM 23% EAN 5906123946674<\/p>","protected":false},"excerpt":{"rendered":"<p>\u201eAlameda\u201c spinta \u2013 tai funkcionalus ir stilingas sprendimas j\u016bs\u0173 svetainei ar prie\u0161kambariui sutvarkyti. Drabu\u017ei\u0173 ir aksesuar\u0173 laikymas: \u201eAlameda\u201c spinta si\u016blo daug vietos daiktams susid\u0117ti. Joje yra du pakabos mar\u0161kiniams, suknel\u0117ms ir kitiems daiktams pakabinti, taip pat trys prakti\u0161kos lentynos, padedan\u010dios sutvarkyti daiktus ir aksesuarus. Be to, du kompakti\u0161ki stal\u010diai [\u2026]<\/p>","protected":false},"featured_media":266270,"comment_status":"open","ping_status":"open","template":"","meta":[],"product_brand":[],"product_cat":[9200,1177],"product_tag":[],"class_list":{"0":"post-266269","1":"product","2":"type-product","3":"status-publish","4":"has-post-thumbnail","6":"product_cat-black-red-white","7":"product_cat-wardrobes","9":"first","10":"instock","11":"purchasable","12":"product-type-simple"},"_links":{"self":[{"href":"https:\/\/baldumarket.lt\/lt\/wp-json\/wp\/v2\/product\/266269","targetHints":{"allow":["GET"]}}],"collection":[{"href":"https:\/\/baldumarket.lt\/lt\/wp-json\/wp\/v2\/product"}],"about":[{"href":"https:\/\/baldumarket.lt\/lt\/wp-json\/wp\/v2\/types\/product"}],"replies":[{"embeddable":true,"href":"https:\/\/baldumarket.lt\/lt\/wp-json\/wp\/v2\/comments?post=266269"}],"wp:featuredmedia":[{"embeddable":true,"href":"https:\/\/baldumarket.lt\/lt\/wp-json\/wp\/v2\/media\/266270"}],"wp:attachment":[{"href":"https:\/\/baldumarket.lt\/lt\/wp-json\/wp\/v2\/media?parent=266269"}],"wp:term":[{"taxonomy":"product_brand","embeddable":true,"href":"https:\/\/baldumarket.lt\/lt\/wp-json\/wp\/v2\/product_brand?post=266269"},{"taxonomy":"product_cat","embeddable":true,"href":"https:\/\/baldumarket.lt\/lt\/wp-json\/wp\/v2\/product_cat?post=266269"},{"taxonomy":"product_tag","embeddable":true,"href":"https:\/\/baldumarket.lt\/lt\/wp-json\/wp\/v2\/product_tag?post=266269"}],"curies":[{"name":"wp","href":"https:\/\/api.w.org\/{rel}","templated":true}]}}