{"id":266261,"date":"2026-01-14T00:21:23","date_gmt":"2026-01-13T21:21:23","guid":{"rendered":"https:\/\/baldumarket.lt\/product\/szafa-dwudrzwiowa-z-czterema-szufladami-i-lustrem-brando-2-dab-artisan-textil-bialy\/"},"modified":"2026-02-11T18:18:27","modified_gmt":"2026-02-11T15:18:27","slug":"szafa-dwudrzwiowa-z-czterema-szufladami-i-lustrem-brando-2-dab-artisan-textil-bialy","status":"publish","type":"product","link":"https:\/\/baldumarket.lt\/lt\/product\/szafa-dwudrzwiowa-z-czterema-szufladami-i-lustrem-brando-2-dab-artisan-textil-bialy\/","title":{"rendered":"Dviej\u0173 dur\u0173 spinta su keturiais stal\u010diais ir veidrod\u017eiu BRANDO 2, \u0105\u017euolo\/tekstil\u0117s\/baltos spalvos"},"content":{"rendered":"<p>\u201eBrando 2\u201c spinta \u2013 minimalistinis dizainas ir i\u0161manus funkcionalumas tobulai drabu\u017ei\u0173 erdvei. \u201eBrando 2\u201c spinta yra daugiau nei baldas; tai tikras j\u016bs\u0173 drabu\u017ei\u0173 ir asmenini\u0173 daikt\u0173 organizavimo centras. D\u0117l i\u0161skirtinio minimalistinio dizaino ir i\u0161mani\u0173 sprendim\u0173 \u0161i spinta atitiks t\u0173, kurie vertina paprastum\u0105, funkcionalum\u0105 ir unikal\u0173 stili\u0173, l\u016bkes\u010dius. D\u0117l erdvaus vidaus \u201eBrando 2\u201c spinta puikiai tinka drabu\u017eiams ir kitiems daiktams, kuriuos norite pasl\u0117pti nuo smalsi\u0173 aki\u0173, laikyti. Meni\u0161ko \u0105\u017euolo ir matin\u0117s baltos spalv\u0173 gama sukuria darn\u0173, original\u0173 vaizd\u0105, puikiai papildant\u012f modern\u0173 miegam\u0105j\u012f, prie\u0161kambar\u012f ar svetain\u0119. Spintos de\u0161iniajame priekyje yra prakti\u0161kas veidrodis, leid\u017eiantis lengvai greitai \u012fvertinti savo i\u0161vaizd\u0105 prie\u0161 i\u0161einant. Sidabrin\u0117s, ergonomi\u0161kos rankenos ne tik papildo bendr\u0105 dizain\u0105, bet ir u\u017etikrina patogum\u0105 kasdien naudojant. \u201eBrando 2\u201c spinta buvo sukurta atsi\u017evelgiant \u012f prakti\u0161kum\u0105. Kair\u0117je spintos pus\u0117je yra lentynos, idealiai tinkan\u010dios apatiniams drabu\u017eiams, mar\u0161kin\u0117liams ar megztiniams laikyti. De\u0161in\u0117je pus\u0117je yra patogus pakabos b\u0117gelis, puikiai tinkantis mar\u0161kiniams, striuk\u0117ms ir keln\u0117ms laikyti, tod\u0117l nereikia da\u017enai lyginti. Spintos apa\u010dioje yra keturi stal\u010diai \u2013 du negil\u016bs ir du gilesni, kuriuose puikiai tinka laikyti kosmetik\u0105, papuo\u0161alus ir didesnius daiktus, tokius kaip kuprin\u0117s, krep\u0161iai, antklod\u0117s ir rank\u0161luos\u010diai. Viskas, ko jums reikia, visada bus ranka pasiekiama. Priderinkite \u201eBrando 2\u201c spint\u0105 prie savo interjero ir m\u0117gaukit\u0117s organizuota bei tvarkinga erdve, kuri ne tik patenkins visus j\u016bs\u0173 daikt\u0173 laikymo poreikius, bet ir papildys j\u016bs\u0173 nam\u0173 estetik\u0105.<\/p>\n<p>Prek\u0117s kodas F80-SZF1L1D4S-DASN\/TX\/BI Simbolis ZM EAN Plotis 91 cm Gylis 58 cm Auk\u0161tis 199 cm Kolekcija Brando Spalva meni\u0161kas \u0105\u017euolas\/tekstil\u0117\/balta Gaubtas \u0161viesi mediena Stilius modernus Med\u017eiaga laminatas Dureli\u0173 skai\u010dius 2 dur\u0173 Stal\u010di\u0173 skai\u010dius 4 stal\u010diai Rankena su rankenomis Gamintojas Juoda Raudona Balta Baldo tipas Spintos PVM 23% EAN 5906123851275<\/p>","protected":false},"excerpt":{"rendered":"<p>\u201eBrando 2\u201c spinta \u2013 minimalistinis dizainas ir i\u0161manus funkcionalumas tobulai drabu\u017ei\u0173 erdvei. \u201eBrando 2\u201c spinta yra daugiau nei baldas; tai tikras j\u016bs\u0173 drabu\u017ei\u0173 ir asmenini\u0173 daikt\u0173 organizavimo centras. D\u0117l i\u0161skirtinio minimalistinio dizaino ir i\u0161mani\u0173 sprendim\u0173 \u0161i spinta atitiks t\u0173, kurie vertina [\u2026], l\u016bkes\u010dius.<\/p>","protected":false},"featured_media":266262,"comment_status":"open","ping_status":"open","template":"","meta":[],"product_brand":[],"product_cat":[9200,1177],"product_tag":[],"class_list":{"0":"post-266261","1":"product","2":"type-product","3":"status-publish","4":"has-post-thumbnail","6":"product_cat-black-red-white","7":"product_cat-wardrobes","9":"first","10":"instock","11":"purchasable","12":"product-type-simple"},"_links":{"self":[{"href":"https:\/\/baldumarket.lt\/lt\/wp-json\/wp\/v2\/product\/266261","targetHints":{"allow":["GET"]}}],"collection":[{"href":"https:\/\/baldumarket.lt\/lt\/wp-json\/wp\/v2\/product"}],"about":[{"href":"https:\/\/baldumarket.lt\/lt\/wp-json\/wp\/v2\/types\/product"}],"replies":[{"embeddable":true,"href":"https:\/\/baldumarket.lt\/lt\/wp-json\/wp\/v2\/comments?post=266261"}],"wp:featuredmedia":[{"embeddable":true,"href":"https:\/\/baldumarket.lt\/lt\/wp-json\/wp\/v2\/media\/266262"}],"wp:attachment":[{"href":"https:\/\/baldumarket.lt\/lt\/wp-json\/wp\/v2\/media?parent=266261"}],"wp:term":[{"taxonomy":"product_brand","embeddable":true,"href":"https:\/\/baldumarket.lt\/lt\/wp-json\/wp\/v2\/product_brand?post=266261"},{"taxonomy":"product_cat","embeddable":true,"href":"https:\/\/baldumarket.lt\/lt\/wp-json\/wp\/v2\/product_cat?post=266261"},{"taxonomy":"product_tag","embeddable":true,"href":"https:\/\/baldumarket.lt\/lt\/wp-json\/wp\/v2\/product_tag?post=266261"}],"curies":[{"name":"wp","href":"https:\/\/api.w.org\/{rel}","templated":true}]}}