{"id":266253,"date":"2026-01-14T00:21:15","date_gmt":"2026-01-13T21:21:15","guid":{"rendered":"https:\/\/baldumarket.lt\/product\/szafa-dwudrzwiowa-z-czterema-szufladami-brando-2-dab-flagstaff-ciemny-textil-grafit\/"},"modified":"2026-02-11T18:18:27","modified_gmt":"2026-02-11T15:18:27","slug":"szafa-dwudrzwiowa-z-czterema-szufladami-brando-2-dab-flagstaff-ciemny-textil-grafit","status":"publish","type":"product","link":"https:\/\/baldumarket.lt\/lt\/product\/szafa-dwudrzwiowa-z-czterema-szufladami-brando-2-dab-flagstaff-ciemny-textil-grafit\/","title":{"rendered":"Dvidur\u0117 spinta su keturiais stal\u010diais BRANDO 2, tamsaus \u0105\u017euolo v\u0117liav\u0117l\u0117s spalva\/tekstil\u0117\/grafitas"},"content":{"rendered":"<p>\u201eBrando 2\u201c spinta \u2013 paprasta elegancija ir funkcionalumas j\u016bs\u0173 interjere. \u201eBrando 2\u201c spinta yra daugiau nei tiesiog baldas; ji derina minimalistin\u012f dizain\u0105 su i\u0161maniais sprendimais, sukurdama tobul\u0105 erdv\u0119 j\u016bs\u0173 drabu\u017eiams ir kitiems daiktams. Jei ie\u0161kote paprastumo, funkcionalumo ir patrauklaus stiliaus, tai puikus pasirinkimas. Flagstaff \u0105\u017euolo ir grafito spalv\u0173 derinys suteikia baldui darni\u0105 ir originali\u0105 i\u0161vaizd\u0105. \u201eBrando 2\u201c spinta puikiai dera prie modernaus miegamojo, prie\u0161kambario ar svetain\u0117s dizaino, pasi\u017eym\u0117dama elegancija ir prakti\u0161kumu. Sidabrin\u0117s, ergonomi\u0161kos rankenos ne tik puikiai atlieka savo funkcij\u0105 kasdieniam naudojimui, bet ir skland\u017eiai dera prie bendro dizaino, suteikdamos charakterio. Kair\u0117je spintos pus\u0117je \u012frengtos prakti\u0161kos lentynos, idealiai tinkan\u010dios apatiniams drabu\u017eiams, mar\u0161kin\u0117liams ar megztiniams laikyti. De\u0161in\u0117je pus\u0117je, kita vertus, yra patogus pakabos b\u0117gelis, puikiai tinkantis mar\u0161kiniams, striuk\u0117ms ar keln\u0117ms laikyti, tod\u0117l nereikia da\u017enai lyginti. Spintos apa\u010dioje yra keturi stal\u010diai \u2013 du negil\u016bs ir du gilesni. Ma\u017eesniuose spintel\u0117se lengvai susid\u0117ti kosmetik\u0105, papuo\u0161alus ar mados aksesuarus, o didesniuose \u2013 kuprin\u0119, krep\u0161ius, antklodes ar rank\u0161luos\u010dius. Tokiu b\u016bdu viskas, ko jums reikia, visada bus lengvai pasiekiama. Priderinkite \u201eBrando 2\u201c drabu\u017ei\u0173 spint\u0105 prie savo interjero ir gausite ne tik eleganti\u0161k\u0105, bet ir organizuot\u0105 daikt\u0173 laikymo sistem\u0105. M\u0117gaukit\u0117s tvarkinga erdve, kuri atspindi j\u016bs\u0173 gyvenimo b\u016bd\u0105.<\/p>\n<p>Prek\u0117s kodas F80-SZF2D4S-DFC\/TX\/GF Simbolis ZM EAN Plotis 91 cm Gylis 58 cm Auk\u0161tis 199 cm Kolekcija Brando Spalva tamsus v\u0117liav\u0117l\u0117s imitacijos \u0105\u017euolas\/tekstil\u0117\/grafitas Atspalvis tamsi mediena Stilius modernus Med\u017eiaga laminatas Dureli\u0173 skai\u010dius 2 dur\u0173 Stal\u010di\u0173 skai\u010dius 4 stal\u010diai Rankena su rankenomis Gamintojas Juoda Raudona Balta Baldo tipas Spintos PVM 23% EAN 5906123851312<\/p>","protected":false},"excerpt":{"rendered":"<p>\u201eBrando 2\u201c spinta \u2013 paprasta elegancija ir funkcionalumas j\u016bs\u0173 interjere. \u201eBrando 2\u201c spinta yra daugiau nei baldas; ji derina minimalistin\u012f dizain\u0105 su i\u0161maniais sprendimais, sukurdama tobul\u0105 erdv\u0119 j\u016bs\u0173 drabu\u017eiams ir kitiems daiktams. Jei ie\u0161kote paprastumo, funkcionalumo ir patrauklaus stiliaus, tai puikus pasirinkimas [\u2026]<\/p>","protected":false},"featured_media":266254,"comment_status":"open","ping_status":"open","template":"","meta":[],"product_brand":[],"product_cat":[9200,1177],"product_tag":[],"class_list":{"0":"post-266253","1":"product","2":"type-product","3":"status-publish","4":"has-post-thumbnail","6":"product_cat-black-red-white","7":"product_cat-wardrobes","9":"first","10":"instock","11":"purchasable","12":"product-type-simple"},"_links":{"self":[{"href":"https:\/\/baldumarket.lt\/lt\/wp-json\/wp\/v2\/product\/266253","targetHints":{"allow":["GET"]}}],"collection":[{"href":"https:\/\/baldumarket.lt\/lt\/wp-json\/wp\/v2\/product"}],"about":[{"href":"https:\/\/baldumarket.lt\/lt\/wp-json\/wp\/v2\/types\/product"}],"replies":[{"embeddable":true,"href":"https:\/\/baldumarket.lt\/lt\/wp-json\/wp\/v2\/comments?post=266253"}],"wp:featuredmedia":[{"embeddable":true,"href":"https:\/\/baldumarket.lt\/lt\/wp-json\/wp\/v2\/media\/266254"}],"wp:attachment":[{"href":"https:\/\/baldumarket.lt\/lt\/wp-json\/wp\/v2\/media?parent=266253"}],"wp:term":[{"taxonomy":"product_brand","embeddable":true,"href":"https:\/\/baldumarket.lt\/lt\/wp-json\/wp\/v2\/product_brand?post=266253"},{"taxonomy":"product_cat","embeddable":true,"href":"https:\/\/baldumarket.lt\/lt\/wp-json\/wp\/v2\/product_cat?post=266253"},{"taxonomy":"product_tag","embeddable":true,"href":"https:\/\/baldumarket.lt\/lt\/wp-json\/wp\/v2\/product_tag?post=266253"}],"curies":[{"name":"wp","href":"https:\/\/api.w.org\/{rel}","templated":true}]}}