{"id":266245,"date":"2026-01-14T00:21:09","date_gmt":"2026-01-13T21:21:09","guid":{"rendered":"https:\/\/baldumarket.lt\/product\/szafa-dwudrzwiowa-z-2-szufladami-homeland-119-cm-bialy-dab-artisan\/"},"modified":"2026-02-11T18:18:27","modified_gmt":"2026-02-11T15:18:27","slug":"szafa-dwudrzwiowa-z-2-szufladami-homeland-119-cm-bialy-dab-artisan","status":"publish","type":"product","link":"https:\/\/baldumarket.lt\/lt\/product\/szafa-dwudrzwiowa-z-2-szufladami-homeland-119-cm-bialy-dab-artisan\/","title":{"rendered":"\u201eHomeland\u201c 119 cm dviej\u0173 dur\u0173 spinta su 2 stal\u010diais, balta\/artisan \u0105\u017euolas"},"content":{"rendered":"<p>\u201eHomeland\u201c spinta \u2013 daikt\u0173 laikymo sistema nat\u016bralioje formoje. \u201eHomeland\u201c kolekcija si\u016blo funkcionalius baldus, kurie suteikia interjerui tvarkos ir jaukumo, derindami gamtos \u012fkv\u0117pt\u0105 dizain\u0105 su dekoratyvia med\u017eio tekst\u016bra ir klasikine balta spalva. Matmenys ir funkcionalumas. Plotis: 119 cm. Auk\u0161tis: 215 cm. Gylis: 56 cm. \u201eHomeland\u201c spinta \u2013 tai prakti\u0161kas sprendimas drabu\u017eiams sutvarkyti, si\u016blantis: Pakabinimo b\u0117gel\u012f: puikiai tinka drabu\u017eiams ant pakab\u0173 laikyti. 2 stal\u010dius su \u0161velnaus u\u017edarymo sistema: idealiai tinka smulkiems daiktams ir apatiniams daiktams laikyti. 2 lentynas: suteikia papildomos vietos kitiems daiktams laikyti. Dizainas ir med\u017eiagos. Spalvos: spintos durel\u0117s pagamintos i\u0161 patvarios laminuotos plok\u0161t\u0117s, \u0161ilto meni\u0161ko \u0105\u017euolo atspalvio, o lik\u0119 baldai \u2013 universalios baltos spalvos. Apdaila: juodos, minimalistin\u0117s ranken\u0117l\u0117s, pabr\u0117\u017eian\u010dios modern\u0173 spintos charakter\u012f. Med\u017eiaga: laminuota plok\u0161t\u0117, u\u017etikrinanti patvarum\u0105 ir lengv\u0105 valym\u0105. Spintos privalumai. Prakti\u0161kumas: spintoje \u012frengti \u012fvair\u016bs drabu\u017ei\u0173 ir kit\u0173 daikt\u0173 laikymo sprendimai, padedantys palaikyti tvark\u0105. Dizainas: eleganti\u0161kas meni\u0161ko \u0105\u017euolo ir baltos spalvos derinys suteikia jauki\u0105 atmosfer\u0105 bet kokiam interjerui. Universalumas: Spinta gali b\u016bti naudojama atskirai arba su lentyna i\u0161 tos pa\u010dios kolekcijos, sukuriant darni\u0105 kompozicij\u0105. Suderinamumas: D\u0117l universalios baltos spalvos ir \u0161ilto med\u017eio atspalvio ji papildo \u012fvairius interjero stilius. Santrauka: \u201eHomeland\u201c spinta yra puikus sprendimas norint sutvarkyti erdv\u0119 j\u016bs\u0173 namuose. D\u0117l toki\u0173 funkcini\u0173 savybi\u0173 kaip pakaba, stal\u010diai ir lentynos, ji leid\u017eia efektyviai laikyti drabu\u017eius ir kitus daiktus. \u0160iltas meni\u0161ko \u0105\u017euolo ir klasikin\u0117s baltos spalvos atspalvis suteikia spintai eleganti\u0161k\u0105 ir modern\u0173 vaizd\u0105, \u012fne\u0161damas interjerui jauki\u0105 atmosfer\u0105. Minimalistin\u0117s juodos rankenos ir auk\u0161tos kokyb\u0117s laminuota plok\u0161t\u0117 u\u017etikrina patvarum\u0105 ir estetik\u0105.<br \/>\n\u201eHomeland\u201c spinta \u2013 puikus pasirinkimas tiems, kurie vertina interjero dizaino funkcionalum\u0105 ir elegancij\u0105.<\/p>\n<p>Prek\u0117s kodas S595-SZF2D2S-BI\/DASN Plotis 119 cm Gylis 56 cm Auk\u0161tis 215 cm Kolekcija \u201eHomeland\u201c Spalva balta\/artisan \u0105\u017euolas Gaubtas \u0161viesi mediena Stilius modernus Med\u017eiaga laminatas Dur\u0173 skai\u010dius 2 dur\u0173 Stal\u010di\u0173 skai\u010dius 2 stal\u010diai Rankena su rankenomis Gamintojas Juoda Raudona Balta Baldo tipas Spintos PVM 23% EAN 5906123037235<\/p>","protected":false},"excerpt":{"rendered":"<p>\u201eHomeland\u201c spinta \u2013 nat\u016bralios formos daikt\u0173 laikymo sistema. \u201eHomeland\u201c kolekcija si\u016blo funkcionalius baldus, kurie suteikia interjerui tvarkos ir jaukumo, derindami gamtos \u012fkv\u0117pt\u0105 dizain\u0105 su dekoratyvia med\u017eio tekst\u016bra ir klasikine balta spalva. Matmenys ir funkcionalumas: Plotis: 119 cm; Auk\u0161tis: 215 cm; Gylis: 56 cm. \u201eHomeland\u201c spinta yra prakti\u0161kas sprendimas drabu\u017eiams tvarkyti, si\u016blanti: Pakabinimo skersin\u012f: puikiai tinka laikyti [\u2026]<\/p>","protected":false},"featured_media":266246,"comment_status":"open","ping_status":"open","template":"","meta":[],"product_brand":[],"product_cat":[9200,1177],"product_tag":[],"class_list":{"0":"post-266245","1":"product","2":"type-product","3":"status-publish","4":"has-post-thumbnail","6":"product_cat-black-red-white","7":"product_cat-wardrobes","9":"first","10":"instock","11":"purchasable","12":"product-type-simple"},"_links":{"self":[{"href":"https:\/\/baldumarket.lt\/lt\/wp-json\/wp\/v2\/product\/266245","targetHints":{"allow":["GET"]}}],"collection":[{"href":"https:\/\/baldumarket.lt\/lt\/wp-json\/wp\/v2\/product"}],"about":[{"href":"https:\/\/baldumarket.lt\/lt\/wp-json\/wp\/v2\/types\/product"}],"replies":[{"embeddable":true,"href":"https:\/\/baldumarket.lt\/lt\/wp-json\/wp\/v2\/comments?post=266245"}],"wp:featuredmedia":[{"embeddable":true,"href":"https:\/\/baldumarket.lt\/lt\/wp-json\/wp\/v2\/media\/266246"}],"wp:attachment":[{"href":"https:\/\/baldumarket.lt\/lt\/wp-json\/wp\/v2\/media?parent=266245"}],"wp:term":[{"taxonomy":"product_brand","embeddable":true,"href":"https:\/\/baldumarket.lt\/lt\/wp-json\/wp\/v2\/product_brand?post=266245"},{"taxonomy":"product_cat","embeddable":true,"href":"https:\/\/baldumarket.lt\/lt\/wp-json\/wp\/v2\/product_cat?post=266245"},{"taxonomy":"product_tag","embeddable":true,"href":"https:\/\/baldumarket.lt\/lt\/wp-json\/wp\/v2\/product_tag?post=266245"}],"curies":[{"name":"wp","href":"https:\/\/api.w.org\/{rel}","templated":true}]}}