{"id":266237,"date":"2026-01-14T00:21:03","date_gmt":"2026-01-13T21:21:03","guid":{"rendered":"https:\/\/baldumarket.lt\/product\/szafa-dwudrzwiowa-romance-93-cm-modrzew-sibiu-jasny-dab-sanremo-jasny\/"},"modified":"2026-02-11T18:18:27","modified_gmt":"2026-02-11T15:18:27","slug":"szafa-dwudrzwiowa-romance-93-cm-modrzew-sibiu-jasny-dab-sanremo-jasny","status":"publish","type":"product","link":"https:\/\/baldumarket.lt\/lt\/produktas\/szafa-dwudrzwiowa-romance-93-cm-modrzew-sibiu-jasny-dab-sanremo-jasny\/","title":{"rendered":"ROMANCE dviej\u0173 dur\u0173 spinta 93 cm, \u0161viesus Sibiu maumedis\/\u0161viesus San Remo \u0105\u017euolas"},"content":{"rendered":"<p>\u201eRomance\u201c spinta \u2013 skandinavi\u0161ko stiliaus tvarka. Su \u201eRomance\u201c kolekcija lengviau \u012fne\u0161ti harmonijos, paprastumo ir funkcionalumo \u012f savo prie\u0161kambar\u012f ar miegam\u0105j\u012f. Minimalistinis dizainas ir minimalistiniai akcentai pabr\u0117\u017eia skandinavi\u0161k\u0105 interjero dizain\u0105, suteikdami jam unikal\u0173 charakter\u012f. \u201eRomance\u201c spinta yra ne tik prakti\u0161ka vieta drabu\u017eiams laikyti, bet ir dekoratyvinis elementas, kuris suteiks bet kokiam interjerui gaivumo ir elegancijos. Dvi pla\u010dios lentynos ir pakabos leid\u017eia lengviau ir efektyviau sutvarkyti drabu\u017eius. \u0160viesi\u0173 Sibiu maumed\u017eio fasad\u0173 ir San Remo \u0105\u017euolo vir\u0161utini\u0173 ir apatini\u0173 kra\u0161t\u0173 spalv\u0173 derinys sukuria harmoning\u0105 visum\u0105. Be to, dekoratyviniai r\u0117meliai fasaduose pabr\u0117\u017eia \u0160iaur\u0117s Europos stili\u0173, suteikdami \u201eRomance\u201c baldams charakterio. Atkreipkite d\u0117mes\u012f \u012f auk\u0161tos kokyb\u0117s firminius aksesuarus ir paprastas sidabrines ranken\u0117les, kurios ne tik palengvina prieig\u0105 prie spintos turinio, bet ir suteikia elegancijos bei modernumo. Derindami \u201eRomance\u201c spint\u0105 su kitais kolekcijos elementais, sukursite funkcionali\u0105, darni\u0105 ir esteti\u0161kai patraukli\u0105 skandinavi\u0161ko stiliaus erdv\u0119. Atraskite paprastum\u0105, tvark\u0105 ir elegancij\u0105 su \u201eRomance\u201c kolekcija.<\/p>\n<p>Prek\u0117s kodas S331-SZF2D-MSJ\/DSAJ Simbolis ZM EAN Plotis 93 cm Gylis 57 cm Auk\u0161tis 201 cm Kolekcija Romantika Spalva \u0161viesi Sibiu maumedis\/\u0161viesus San Remo \u0105\u017euolas Gaubtas \u0161viesi mediena Stilius modernus Med\u017eiaga laminatas Dureli\u0173 skai\u010dius 2 dur\u0173 Stal\u010di\u0173 skai\u010dius be stal\u010di\u0173 Rankena su rankenomis Gamintojas Juoda Raudona Balta Baldo tipas Spintos PVM mokestis 23% EAN 5906123926010<\/p>","protected":false},"excerpt":{"rendered":"<p>\u201eRomance\u201c spinta \u2013 skandinavi\u0161ko stiliaus u\u017esakymas. Su \u201eRomance\u201c kolekcija lengviau \u012fne\u0161ti harmonijos, paprastumo ir funkcionalumo \u012f savo prie\u0161kambar\u012f ar miegam\u0105j\u012f. Minimalistinis dizainas ir minimalistiniai akcentai pabr\u0117\u017eia skandinavi\u0161k\u0105 interjero stili\u0173, suteikdami jam unikal\u0173 charakter\u012f. \u201eRomance\u201c spinta yra ne tik prakti\u0161ka vieta drabu\u017eiams laikyti, bet ir dekoratyvinis elementas, kuris [\u2026]<\/p>","protected":false},"featured_media":266238,"comment_status":"open","ping_status":"open","template":"","meta":[],"product_brand":[],"product_cat":[9200,1177],"product_tag":[],"class_list":{"0":"post-266237","1":"product","2":"type-product","3":"status-publish","4":"has-post-thumbnail","6":"product_cat-black-red-white","7":"product_cat-wardrobes","9":"first","10":"instock","11":"purchasable","12":"product-type-simple"},"_links":{"self":[{"href":"https:\/\/baldumarket.lt\/lt\/wp-json\/wp\/v2\/product\/266237","targetHints":{"allow":["GET"]}}],"collection":[{"href":"https:\/\/baldumarket.lt\/lt\/wp-json\/wp\/v2\/product"}],"about":[{"href":"https:\/\/baldumarket.lt\/lt\/wp-json\/wp\/v2\/types\/product"}],"replies":[{"embeddable":true,"href":"https:\/\/baldumarket.lt\/lt\/wp-json\/wp\/v2\/comments?post=266237"}],"wp:featuredmedia":[{"embeddable":true,"href":"https:\/\/baldumarket.lt\/lt\/wp-json\/wp\/v2\/media\/266238"}],"wp:attachment":[{"href":"https:\/\/baldumarket.lt\/lt\/wp-json\/wp\/v2\/media?parent=266237"}],"wp:term":[{"taxonomy":"product_brand","embeddable":true,"href":"https:\/\/baldumarket.lt\/lt\/wp-json\/wp\/v2\/product_brand?post=266237"},{"taxonomy":"product_cat","embeddable":true,"href":"https:\/\/baldumarket.lt\/lt\/wp-json\/wp\/v2\/product_cat?post=266237"},{"taxonomy":"product_tag","embeddable":true,"href":"https:\/\/baldumarket.lt\/lt\/wp-json\/wp\/v2\/product_tag?post=266237"}],"curies":[{"name":"wp","href":"https:\/\/api.w.org\/{rel}","templated":true}]}}