{"id":266229,"date":"2026-01-14T00:20:57","date_gmt":"2026-01-13T21:20:57","guid":{"rendered":"https:\/\/baldumarket.lt\/product\/szafa-dwudrzwiowa-romance-76-cm-modrzew-sibiu-jasny-dab-sanremo-jasny\/"},"modified":"2026-02-11T18:18:27","modified_gmt":"2026-02-11T15:18:27","slug":"szafa-dwudrzwiowa-romance-76-cm-modrzew-sibiu-jasny-dab-sanremo-jasny","status":"publish","type":"product","link":"https:\/\/baldumarket.lt\/lt\/produktas\/szafa-dwudrzwiowa-romance-76-cm-modrzew-sibiu-jasny-dab-sanremo-jasny\/","title":{"rendered":"ROMANCE dviej\u0173 dur\u0173 spinta 76 cm, \u0161viesus Sibiu maumedis\/\u0161viesus San Remo \u0105\u017euolas"},"content":{"rendered":"<p>\u201eRomance\u201c spinta \u2013 elegancija ir prakti\u0161kumas viename. Kai prie\u0161kambaris tampa nam\u0173 organizavimo centru, verta investuoti \u012f stilingus ir funkcionalius baldus. \u201eRomance\u201c kolekcija \u2013 tai atsakymas \u012f skandinavi\u0161ko dizaino \u012fkv\u0117ptos estetikos paie\u0161kas. Dvidur\u0117 \u201eRomance\u201c spinta ne tik puikiai dera prie\u0161kambaryje, bet ir suteikia kompakti\u0161k\u0105 drabu\u017ei\u0173 bei aksesuar\u0173 laikymo viet\u0105. Erdv\u0117s valdymas spintoje tampa lengvesnis d\u0117l keturi\u0173 prakti\u0161k\u0173 lentyn\u0173, kurios leid\u017eia tvarkingai susitvarkyti drabu\u017eius ir aksesuarus. \u201eRomance\u201c spinta yra idealus sprendimas, ypa\u010d rudens ir \u017eiemos sezonais, kai reikia laikyti kelis drabu\u017ei\u0173 sluoksnius. Stilinga spintos i\u0161vaizda pabr\u0117\u017eia d\u0117mes\u012f detal\u0117ms. Spintos fasadai apdailinti \u0161viesia Sibiu maumed\u017eio spalva, suteikian\u010dia baldams lengvumo ir gaivos poj\u016bt\u012f. Sendinti fasadai kartu su San Remo \u0105\u017euolo korpuso vir\u0161utiniais ir apatiniais kra\u0161tais sukuria darni\u0105 kompozicij\u0105. Fasad\u0173 r\u0117mai suteikia baldams charakterio, atkartoja tvirtas \u0160iaur\u0117s Europos bald\u0173 tradicijas. Firminiai aksesuarai ir paprastos sidabrin\u0117s rankenos u\u017etikrina lengv\u0105 prieig\u0105 prie spintos turinio. Ergonomi\u0161ki sprendimai leid\u017eia maloniai ir patogiai naudotis spinta. \u201eRomance\u201c spinta yra vienas i\u0161 daugelio kolekcijos element\u0173, \u012f kuri\u0105 taip pat \u012feina komoda, spintel\u0117, pakabinama sienel\u0117 ir veidrodis. Sujunkite \u0161iuos elementus, kad sukurtum\u0117te darn\u0173 ir eleganti\u0161k\u0105 prie\u0161kambar\u012f, kuriame funkcionalumas dera su rafinuotu stiliumi. Tegul \u201eRomance\u201c spinta tampa j\u016bs\u0173 prie\u0161kambario traukos centru, suteikian\u010diu harmonijos ir tvarkos.<\/p>\n<p>Prek\u0117s kodas S330-SZF2D-MSJ\/DSAJ Simbolis ZM EAN Plotis 76 cm Gylis 36,5 cm Auk\u0161tis 201 cm Kolekcija Romance Spalva \u0161viesi Sibiu maumedis\/\u0161viesus San Remo \u0105\u017euolas Gaubtas \u0161viesi mediena Stilius modernus Med\u017eiaga laminatas Dureli\u0173 skai\u010dius 2 dur\u0173 Stal\u010di\u0173 skai\u010dius be stal\u010di\u0173 Rankena su rankenomis Gamintojas Juoda Raudona Balta Baldo tipas Spintos PVM 23% EAN 5906123925815<\/p>","protected":false},"excerpt":{"rendered":"<p>\u201eRomance\u201c spinta \u2013 elegancija ir prakti\u0161kumas viename. Kai prie\u0161kambaris tampa nam\u0173 organizavimo centru, verta investuoti \u012f stilingus ir funkcionalius baldus. \u201eRomance\u201c kolekcija \u2013 tai atsakymas \u012f skandinavi\u0161ko dizaino \u012fkv\u0117ptos estetikos paie\u0161kas. Dviej\u0173 dur\u0173 \u201eRomance\u201c spinta ne tik puikiai dera prie\u0161kambaryje, bet ir [\u2026]<\/p>","protected":false},"featured_media":266230,"comment_status":"open","ping_status":"open","template":"","meta":[],"product_brand":[],"product_cat":[9200,1177],"product_tag":[],"class_list":{"0":"post-266229","1":"product","2":"type-product","3":"status-publish","4":"has-post-thumbnail","6":"product_cat-black-red-white","7":"product_cat-wardrobes","9":"first","10":"instock","11":"purchasable","12":"product-type-simple"},"_links":{"self":[{"href":"https:\/\/baldumarket.lt\/lt\/wp-json\/wp\/v2\/product\/266229","targetHints":{"allow":["GET"]}}],"collection":[{"href":"https:\/\/baldumarket.lt\/lt\/wp-json\/wp\/v2\/product"}],"about":[{"href":"https:\/\/baldumarket.lt\/lt\/wp-json\/wp\/v2\/types\/product"}],"replies":[{"embeddable":true,"href":"https:\/\/baldumarket.lt\/lt\/wp-json\/wp\/v2\/comments?post=266229"}],"wp:featuredmedia":[{"embeddable":true,"href":"https:\/\/baldumarket.lt\/lt\/wp-json\/wp\/v2\/media\/266230"}],"wp:attachment":[{"href":"https:\/\/baldumarket.lt\/lt\/wp-json\/wp\/v2\/media?parent=266229"}],"wp:term":[{"taxonomy":"product_brand","embeddable":true,"href":"https:\/\/baldumarket.lt\/lt\/wp-json\/wp\/v2\/product_brand?post=266229"},{"taxonomy":"product_cat","embeddable":true,"href":"https:\/\/baldumarket.lt\/lt\/wp-json\/wp\/v2\/product_cat?post=266229"},{"taxonomy":"product_tag","embeddable":true,"href":"https:\/\/baldumarket.lt\/lt\/wp-json\/wp\/v2\/product_tag?post=266229"}],"curies":[{"name":"wp","href":"https:\/\/api.w.org\/{rel}","templated":true}]}}