{"id":266221,"date":"2026-01-14T00:20:51","date_gmt":"2026-01-13T21:20:51","guid":{"rendered":"https:\/\/baldumarket.lt\/product\/szafa-dwudrzwiowa-przesuwna-saturn-218-cm-dab-artisan-textil-grafit\/"},"modified":"2026-02-11T18:18:27","modified_gmt":"2026-02-11T15:18:27","slug":"szafa-dwudrzwiowa-przesuwna-saturn-218-cm-dab-artisan-textil-grafit","status":"publish","type":"product","link":"https:\/\/baldumarket.lt\/lt\/produktas\/szafa-dwudrzwiowa-przesuwna-saturn-218-cm-dab-artisan-textil-grafit\/","title":{"rendered":"SATURN dviej\u0173 dur\u0173 stumdoma spinta, 218 cm, dirbtinio \u0105\u017euolo\/tekstil\u0117s\/grafito spalvos"},"content":{"rendered":"<p>\u201eSaturn\u201c spinta \u2013 kosmi\u0161kai erdvus baldas. \u201eSaturn\u201c spinta \u2013 tai i\u0161skirtinis baldas, kuriame dera funkcionalumas, modernus dizainas ir novatori\u0161ki sprendimai. D\u0117l kosmi\u0161kai erdvaus dizaino ji yra ne tik puiki vieta daiktams susid\u0117ti, bet ir unikalus elementas, suteikiantis bet kokiam kambariui modernumo. Spintos korpusas pagamintas i\u0161 patvarios 15 mm storio med\u017eio dro\u017eli\u0173 plok\u0161t\u0117s, o eleganti\u0161ka meni\u0161ko \u0105\u017euolo apdaila suteikia baldui nat\u016brali\u0105, \u0161ilt\u0105 i\u0161vaizd\u0105. \u0160is patvarumo ir estetikos derinys daro \u201eSaturn\u201c spint\u0105 ne tik prakti\u0161k\u0105, bet ir vizualiai patraukli\u0105. Vidus apdailintas FR268 spalva, kuri suteikia papildomo komforto ir subtilumo. \u0160i erdv\u0117 apsaugo laikomus daiktus nuo dulki\u0173 ir \u012fbr\u0117\u017eim\u0173, tod\u0117l \u201eSaturn\u201c spinta yra ne tik puiki vieta daiktams susid\u0117ti, bet ir d\u0117mesio detal\u0117ms oaz\u0117. Spintos priekis \u2013 tai ry\u0161kus 15 mm storio med\u017eio dro\u017eli\u0173 plok\u0161t\u0117s, grafito ir meni\u0161k\u0173 spalv\u0173, derinys. Dvejos stumdomos durys ne tik taupo viet\u0105, bet ir yra modernus sprendimas, suteikiantis spintai lengvumo ir elegancijos poj\u016bt\u012f. Sidabrin\u0117s metalin\u0117s rankenos suteikia subtilumo ir kontrasto, sukurdamos harmoning\u0105 visum\u0105. \u201eSaturn\u201c spinta si\u016blo ne tik viet\u0105 pakaboms. Du sidabriniai metaliniai b\u0117geliai ir dvi lentynos leid\u017eia tvarkingai laikyti \u012fvairius daiktus. Lankstumas ir funkcionalumas leid\u017eia pritaikyti spint\u0105 pagal individualius poreikius ir pageidavimus. Tvirta baldo konstrukcija garantuoja ilgaam\u017ei\u0161kum\u0105 ir stabilum\u0105, tod\u0117l \u201eSaturn\u201c spinta yra ne tik ry\u0161kus dizaino elementas, bet ir prakti\u0161kas sprendimas ilgus metus. Tai leid\u017eia papras\u010diau ir efektyviau organizuoti j\u016bs\u0173 vidaus erdv\u0119. Trumpai tariant, \u201eSaturn\u201c spinta yra erdvus baldas, kuris ne tik tarnauja kaip daikt\u0173 laikymo vieta, bet ir suteikia interjerui modern\u0173 bei eleganti\u0161k\u0105 charakter\u012f. Novatori\u0161ki sprendimai, patvarios med\u017eiagos ir d\u0117mesys detal\u0117ms paver\u010dia \u201eSaturn\u201c spint\u0105 ne tik baldu, bet ir tikru taikomojo meno k\u016briniu.<\/p>\n<p>Prek\u0117s kodas L141-SZF2D-DASN\/TX\/GF Simbolis ZM EAN Plotis 218 cm Gylis 59 cm Auk\u0161tis 210 cm Kolekcija Saturn Spalva meni\u0161kas \u0105\u017euolas\/tekstil\u0117\/grafitas Gaubtas \u0161viesi mediena Stilius modernus Med\u017eiaga laminatas Dureli\u0173 skai\u010dius 2 dur\u0173 Stal\u010di\u0173 skai\u010dius be stal\u010di\u0173 Rankena be ranken\u0117li\u0173 Gamintojas Juoda Raudona Balta Baldo tipas Spintos PVM mokestis 23% EAN 5906123604055<\/p>","protected":false},"excerpt":{"rendered":"<p>\u201eSaturn\u201c spinta \u2013 kosmi\u0161kai erdvus baldas. \u201eSaturn\u201c spinta yra i\u0161skirtinis baldas, kuriame dera funkcionalumas, modernus dizainas ir novatori\u0161ki sprendimai. D\u0117l kosmi\u0161kai erdvaus dizaino ji yra ne tik puiki vieta daiktams susid\u0117ti, bet ir unikalus elementas, suteikiantis bet kokiam kambariui modernumo. Spintos korpusas yra [\u2026]<\/p>","protected":false},"featured_media":266222,"comment_status":"open","ping_status":"open","template":"","meta":[],"product_brand":[],"product_cat":[9200,1177],"product_tag":[],"class_list":{"0":"post-266221","1":"product","2":"type-product","3":"status-publish","4":"has-post-thumbnail","6":"product_cat-black-red-white","7":"product_cat-wardrobes","9":"first","10":"instock","11":"purchasable","12":"product-type-simple"},"_links":{"self":[{"href":"https:\/\/baldumarket.lt\/lt\/wp-json\/wp\/v2\/product\/266221","targetHints":{"allow":["GET"]}}],"collection":[{"href":"https:\/\/baldumarket.lt\/lt\/wp-json\/wp\/v2\/product"}],"about":[{"href":"https:\/\/baldumarket.lt\/lt\/wp-json\/wp\/v2\/types\/product"}],"replies":[{"embeddable":true,"href":"https:\/\/baldumarket.lt\/lt\/wp-json\/wp\/v2\/comments?post=266221"}],"wp:featuredmedia":[{"embeddable":true,"href":"https:\/\/baldumarket.lt\/lt\/wp-json\/wp\/v2\/media\/266222"}],"wp:attachment":[{"href":"https:\/\/baldumarket.lt\/lt\/wp-json\/wp\/v2\/media?parent=266221"}],"wp:term":[{"taxonomy":"product_brand","embeddable":true,"href":"https:\/\/baldumarket.lt\/lt\/wp-json\/wp\/v2\/product_brand?post=266221"},{"taxonomy":"product_cat","embeddable":true,"href":"https:\/\/baldumarket.lt\/lt\/wp-json\/wp\/v2\/product_cat?post=266221"},{"taxonomy":"product_tag","embeddable":true,"href":"https:\/\/baldumarket.lt\/lt\/wp-json\/wp\/v2\/product_tag?post=266221"}],"curies":[{"name":"wp","href":"https:\/\/api.w.org\/{rel}","templated":true}]}}