{"id":266213,"date":"2026-01-14T00:20:44","date_gmt":"2026-01-13T21:20:44","guid":{"rendered":"https:\/\/baldumarket.lt\/product\/szafa-dwudrzwiowa-przesuwna-mix-215-cm-czarny-jasny-szary\/"},"modified":"2026-02-11T18:18:27","modified_gmt":"2026-02-11T15:18:27","slug":"szafa-dwudrzwiowa-przesuwna-mix-215-cm-czarny-jasny-szary","status":"publish","type":"product","link":"https:\/\/baldumarket.lt\/lt\/produktas\/szafa-dwudrzwiowa-przesuwna-mix-215-cm-czarny-jasny-szary\/","title":{"rendered":"Dviej\u0173 dur\u0173 stumdoma spinta MIX 215 cm juoda\/\u0161viesiai pilka"},"content":{"rendered":"<p>MIX spinta \u2013 klas\u0117 ir charakteris. MIX spinta \u2013 tai i\u0161ties unikalus sprendimas, i\u0161siskiriantis i\u0161 kit\u0173 bald\u0173 savo unikaliu spalv\u0173 deriniu. Jos fasadai pasi\u017eymi geometriniu antracito, \u0161viesiai pilkos ir Eroke \u0105\u017euolo spalv\u0173 raizgalynu, \u012fr\u0117mintu eleganti\u0161ku juodu r\u0117mu. Tai ne tik daikt\u0173 laikymo spinta; tai tikras dekoratyvinis elementas, traukos centras, traukiantis ak\u012f savo sodriu dizainu. MIX spinta ne tik atlieka praktin\u0119 funkcij\u0105, bet ir suteikia bet kokiam kambariui charakterio bei stiliaus. Erdvus juodas vidus, pasl\u0117ptas u\u017e fasad\u0173, yra paruo\u0161tas drabu\u017eiams ir kitiems tekstil\u0117s gaminiams laikyti. Tai vieta, kur daikt\u0173 laikymas tampa malonumu. O jei jums reikia papildomos vietos organizavimui, galimyb\u0117 \u012fsigyti dvi papildomas lentynas yra puikus sprendimas. MIX spintos privalumai: 1. Du stumdomi fasadai suteikia lengv\u0105 prieig\u0105 prie vidaus ir kartu suteikia modernumo. 2. Juodas vidus suteikia eleganti\u0161k\u0105 fon\u0105 laikomiems daiktams, sukurdamas kontrast\u0105 su spalvingais fasadais. 3. 4 gilios vir\u0161utin\u0117s lentynos \u2013 puikiai tinka re\u010diau naudojamiems daiktams ar sezoniniams drabu\u017eiams laikyti. 4. 2 pla\u010dios pakabinimo juostos \u2013 leid\u017eia lengvai r\u016b\u0161iuoti drabu\u017eius ir palaikyti tvark\u0105 spintoje. 5. 2 papildomos lentynos (pasirinktinai) \u2013 leid\u017eia lanks\u010diai pritaikyti erdv\u0119 pagal savo poreikius. MIX spinta \u2013 tai ne tik daiktad\u0117\u017e\u0117; tai dizaino elementas, suteikiantis j\u016bs\u0173 interjerui unikal\u0173 charakter\u012f ir stili\u0173. Laikykite klas\u0117je ir charakteryje!<\/p>\n<p>Prek\u0117s kodas F83-SZF2D-CA\/JSZ\/AN\/DCE Plotis 215 cm Gylis 58 cm Auk\u0161tis 218 cm Kolekcija Mi\u0161ri Spalva juoda\/\u0161viesiai pilka\/antracitas\/eroke \u0105\u017euolas Juodas atspalvis Stilius modernus Med\u017eiaga laminatas Dureli\u0173 skai\u010dius 2 dur\u0173 Stal\u010di\u0173 skai\u010dius be stal\u010di\u0173 Rankena be ranken\u0117li\u0173 Gamintojas Juoda Raudona Balta Baldo tipas Spintos PVM 23% EAN 5906123001021<\/p>","protected":false},"excerpt":{"rendered":"<p>MIX spinta \u2013 klasikin\u0117 ir charakteringa daikt\u0173 laikymo sistema. MIX spinta yra i\u0161ties unikalus sprendimas, i\u0161siskiriantis i\u0161 kit\u0173 bald\u0173 unikaliu spalv\u0173 deriniu. Jos fasaduose puikuojasi geometrinis antracito, \u0161viesiai pilkos ir Eroke \u0105\u017euolo spalv\u0173 raizginys, \u012fr\u0117mintas eleganti\u0161ku juodu r\u0117mu. Tai ne tik daikt\u0173 laikymo spinta; tai [\u2026]<\/p>","protected":false},"featured_media":266214,"comment_status":"open","ping_status":"open","template":"","meta":[],"product_brand":[],"product_cat":[9200,1177],"product_tag":[],"class_list":{"0":"post-266213","1":"product","2":"type-product","3":"status-publish","4":"has-post-thumbnail","6":"product_cat-black-red-white","7":"product_cat-wardrobes","9":"first","10":"instock","11":"purchasable","12":"product-type-simple"},"_links":{"self":[{"href":"https:\/\/baldumarket.lt\/lt\/wp-json\/wp\/v2\/product\/266213","targetHints":{"allow":["GET"]}}],"collection":[{"href":"https:\/\/baldumarket.lt\/lt\/wp-json\/wp\/v2\/product"}],"about":[{"href":"https:\/\/baldumarket.lt\/lt\/wp-json\/wp\/v2\/types\/product"}],"replies":[{"embeddable":true,"href":"https:\/\/baldumarket.lt\/lt\/wp-json\/wp\/v2\/comments?post=266213"}],"wp:featuredmedia":[{"embeddable":true,"href":"https:\/\/baldumarket.lt\/lt\/wp-json\/wp\/v2\/media\/266214"}],"wp:attachment":[{"href":"https:\/\/baldumarket.lt\/lt\/wp-json\/wp\/v2\/media?parent=266213"}],"wp:term":[{"taxonomy":"product_brand","embeddable":true,"href":"https:\/\/baldumarket.lt\/lt\/wp-json\/wp\/v2\/product_brand?post=266213"},{"taxonomy":"product_cat","embeddable":true,"href":"https:\/\/baldumarket.lt\/lt\/wp-json\/wp\/v2\/product_cat?post=266213"},{"taxonomy":"product_tag","embeddable":true,"href":"https:\/\/baldumarket.lt\/lt\/wp-json\/wp\/v2\/product_tag?post=266213"}],"curies":[{"name":"wp","href":"https:\/\/api.w.org\/{rel}","templated":true}]}}