{"id":266205,"date":"2026-01-14T00:20:36","date_gmt":"2026-01-13T21:20:36","guid":{"rendered":"https:\/\/baldumarket.lt\/product\/szafa-dwudrzwiowa-patras-103-cm-dab-april\/"},"modified":"2026-02-11T18:18:27","modified_gmt":"2026-02-11T15:18:27","slug":"szafa-dwudrzwiowa-patras-103-cm-dab-april","status":"publish","type":"product","link":"https:\/\/baldumarket.lt\/lt\/produktas\/szafa-dwudrzwiowa-patras-103-cm-dab-april\/","title":{"rendered":"PATRAS dviej\u0173 dur\u0173 baland\u017eio spinta 103 cm \u0105\u017euolo spalvos"},"content":{"rendered":"<p>Patras spintaDviej\u0173 dur\u0173 Patras spinta \u2013 puikus sprendimas ie\u0161kantiems erdvios vietos drabu\u017eiams, paltams ir kitiems aksesuarams laikyti svetain\u0117je, miegamajame ar koridoriuje. Jos funkcionalum\u0105 dar labiau padidina vir\u0161utin\u0117 lentyna ir pakabos skersinis, tod\u0117l lengva palaikyti tvark\u0105 spintoje. Apatin\u0117 spintos dalis suteikia lanks\u010di\u0173 erdv\u0117s valdymo galimybi\u0173, leid\u017eian\u010di\u0173 naudoti d\u0117\u017ees ir konteinerius. Ry\u0161ki \u201eApril Oak\u201c spalva ir matomi medienos ra\u0161tai suteikia spintai eleganti\u0161ko charakterio, tod\u0117l ji yra prakti\u0161kas ir dekoratyvus elementas daugelyje stiling\u0173 interjer\u0173. Antikvarinio sidabro spalvos metalin\u0117s rankenos ne tik palengvina prieig\u0105 prie spintos turinio, bet ir suteikia estetinio patrauklumo. \u0160velnaus u\u017edarymo vyriai u\u017etikrina tyl\u0173 spintos fasad\u0173 u\u017edarym\u0105, taip sukuriant rami\u0105 ir jauki\u0105 nam\u0173 aplink\u0105. Derinkite Patras spint\u0105 su kitais kolekcijos baldais, kad sukurtum\u0117te harmoning\u0105 erdv\u0119, kurioje b\u016bt\u0173 malonu leisti laik\u0105.<\/p>\n<p>Prek\u0117s kodas S405-SZF2D-DARL Simbolis ZM EAN Plotis 103 cm Gylis 59 cm Auk\u0161tis 201 cm Kolekcija Patras Spalva baland\u017eio \u0105\u017euolo Atspalvis tamsi mediena Stilius modernus Med\u017eiaga laminatas Dur\u0173 skai\u010dius 2 dur\u0173 Stal\u010di\u0173 skai\u010dius be stal\u010di\u0173 Rankena su rankenomis Gamintojas Juoda Raudona Balta Baldo tipas Spintos PVM mokestis 23% EAN 5906123944304<\/p>","protected":false},"excerpt":{"rendered":"<p>Patras spintaDviej\u0173 dur\u0173 Patras spinta \u2013 puikus sprendimas ie\u0161kantiems erdvios vietos drabu\u017eiams, paltams ir kitiems aksesuarams laikyti svetain\u0117je, miegamajame ar prie\u0161kambaryje. Jos funkcionalum\u0105 dar labiau padidina vir\u0161utin\u0117 lentyna ir pakabos skersinis, tod\u0117l lengva tvarkyti spint\u0105. Apatin\u0117 spintos dalis leid\u017eia lanks\u010diai valdyti erdv\u0119 [\u2026]<\/p>","protected":false},"featured_media":266206,"comment_status":"open","ping_status":"open","template":"","meta":[],"product_brand":[],"product_cat":[9200,1177],"product_tag":[],"class_list":{"0":"post-266205","1":"product","2":"type-product","3":"status-publish","4":"has-post-thumbnail","6":"product_cat-black-red-white","7":"product_cat-wardrobes","9":"first","10":"instock","11":"purchasable","12":"product-type-simple"},"_links":{"self":[{"href":"https:\/\/baldumarket.lt\/lt\/wp-json\/wp\/v2\/product\/266205","targetHints":{"allow":["GET"]}}],"collection":[{"href":"https:\/\/baldumarket.lt\/lt\/wp-json\/wp\/v2\/product"}],"about":[{"href":"https:\/\/baldumarket.lt\/lt\/wp-json\/wp\/v2\/types\/product"}],"replies":[{"embeddable":true,"href":"https:\/\/baldumarket.lt\/lt\/wp-json\/wp\/v2\/comments?post=266205"}],"wp:featuredmedia":[{"embeddable":true,"href":"https:\/\/baldumarket.lt\/lt\/wp-json\/wp\/v2\/media\/266206"}],"wp:attachment":[{"href":"https:\/\/baldumarket.lt\/lt\/wp-json\/wp\/v2\/media?parent=266205"}],"wp:term":[{"taxonomy":"product_brand","embeddable":true,"href":"https:\/\/baldumarket.lt\/lt\/wp-json\/wp\/v2\/product_brand?post=266205"},{"taxonomy":"product_cat","embeddable":true,"href":"https:\/\/baldumarket.lt\/lt\/wp-json\/wp\/v2\/product_cat?post=266205"},{"taxonomy":"product_tag","embeddable":true,"href":"https:\/\/baldumarket.lt\/lt\/wp-json\/wp\/v2\/product_tag?post=266205"}],"curies":[{"name":"wp","href":"https:\/\/api.w.org\/{rel}","templated":true}]}}