{"id":266197,"date":"2026-01-14T00:20:29","date_gmt":"2026-01-13T21:20:29","guid":{"rendered":"https:\/\/baldumarket.lt\/product\/szafa-dwudrzwiowa-office-lux-80-cm-jasny-szary\/"},"modified":"2026-02-11T18:18:27","modified_gmt":"2026-02-11T15:18:27","slug":"szafa-dwudrzwiowa-office-lux-80-cm-jasny-szary","status":"publish","type":"product","link":"https:\/\/baldumarket.lt\/lt\/produktas\/szafa-dwudrzwiowa-office-lux-80-cm-jasny-szary\/","title":{"rendered":"OFFICE LUX 80 cm dviej\u0173 dur\u0173 spinta, \u0161viesiai pilka"},"content":{"rendered":"<p>Dviej\u0173 dur\u0173 spinta \u201eOffice Lux\u201c. \u201eOffice Lux\u201c spinta \u2013 puikus sprendimas tiems, kurie nori palaikyti tvark\u0105 savo biure ir kartu sukurti eleganti\u0161k\u0105 erdv\u0119. \u201eOffice Lux\u201c kolekcija si\u016blo i\u0161sami\u0105 biuro \u012frang\u0105, o dviej\u0173 dur\u0173 spinta yra vienas i\u0161 jos plataus masto element\u0173. Siauros \u201eOffice Lux\u201c spintos lentynos yra puiki priemon\u0117 dokumentams tvarkyti, u\u017etikrinant tvark\u0105 ir lengv\u0105 prieig\u0105. Pakabinimo b\u0117gelis leid\u017eia laikyti drabu\u017eius, tod\u0117l spinta idealiai tinka tiems, kurie nori b\u016bti visada pasiruo\u0161\u0119. Spinta turi rakto spyn\u0105, u\u017etikrinan\u010di\u0105 saug\u0173 daikt\u0173 laikym\u0105 ir privatum\u0105. Neutrali \u0161viesiai pilko r\u0117mo spalva puikiai dera su eleganti\u0161kais grafito spalvos stikliniais fasadais. Paprastos chromuotos ranken\u0117l\u0117s ne tik puo\u0161ia bald\u0105, bet ir palengvina prieig\u0105 prie spintos turinio.<br \/>\n\u201eOffice Lux\u201c biuro bald\u0173 kolekcijoje rasite ne tik prakti\u0161kas spintas, bet ir stalus bei lentynas. Juos galite laisvai derinti ir sukurti darn\u0173, patog\u0173 biur\u0105.<\/p>\n<p>Prek\u0117s kodas S363-SZF2D\/79-JSZ\/GF Simbolis ZM EAN Plotis 79 cm Gylis 43 cm Auk\u0161tis 221 cm Kolekcija Office Lux Spalva \u0161viesiai pilka\/grafito pilkas atspalvis Stilius modernus Med\u017eiaga laminatas Dur\u0173 skai\u010dius 2 dur\u0173 Stal\u010di\u0173 skai\u010dius be stal\u010di\u0173 Rankena su rankenomis Gamintojas Juoda Raudona Balta Baldo tipas Spintos PVM mokestis 23% EAN 5906123927192<\/p>","protected":false},"excerpt":{"rendered":"<p>Dviej\u0173 dur\u0173 spinta \u201eOffice Lux\u201c. \u201eOffice Lux\u201c spinta \u2013 puikus sprendimas tiems, kurie nori palaikyti tvark\u0105 savo biure ir kartu sukurti eleganti\u0161k\u0105 erdv\u0119. \u201eOffice Lux\u201c kolekcija si\u016blo i\u0161sami\u0105 biuro \u012frang\u0105, o dviej\u0173 dur\u0173 spinta yra vienas i\u0161 jos gausyb\u0117s element\u0173. Siauros lentynos \u201eOffice Lux\u201c spintoje yra [\u2026]<\/p>","protected":false},"featured_media":266198,"comment_status":"open","ping_status":"open","template":"","meta":[],"product_brand":[],"product_cat":[9200,1177],"product_tag":[],"class_list":{"0":"post-266197","1":"product","2":"type-product","3":"status-publish","4":"has-post-thumbnail","6":"product_cat-black-red-white","7":"product_cat-wardrobes","9":"first","10":"instock","11":"purchasable","12":"product-type-simple"},"_links":{"self":[{"href":"https:\/\/baldumarket.lt\/lt\/wp-json\/wp\/v2\/product\/266197","targetHints":{"allow":["GET"]}}],"collection":[{"href":"https:\/\/baldumarket.lt\/lt\/wp-json\/wp\/v2\/product"}],"about":[{"href":"https:\/\/baldumarket.lt\/lt\/wp-json\/wp\/v2\/types\/product"}],"replies":[{"embeddable":true,"href":"https:\/\/baldumarket.lt\/lt\/wp-json\/wp\/v2\/comments?post=266197"}],"wp:featuredmedia":[{"embeddable":true,"href":"https:\/\/baldumarket.lt\/lt\/wp-json\/wp\/v2\/media\/266198"}],"wp:attachment":[{"href":"https:\/\/baldumarket.lt\/lt\/wp-json\/wp\/v2\/media?parent=266197"}],"wp:term":[{"taxonomy":"product_brand","embeddable":true,"href":"https:\/\/baldumarket.lt\/lt\/wp-json\/wp\/v2\/product_brand?post=266197"},{"taxonomy":"product_cat","embeddable":true,"href":"https:\/\/baldumarket.lt\/lt\/wp-json\/wp\/v2\/product_cat?post=266197"},{"taxonomy":"product_tag","embeddable":true,"href":"https:\/\/baldumarket.lt\/lt\/wp-json\/wp\/v2\/product_tag?post=266197"}],"curies":[{"name":"wp","href":"https:\/\/api.w.org\/{rel}","templated":true}]}}