{"id":266193,"date":"2026-01-14T00:20:24","date_gmt":"2026-01-13T21:20:24","guid":{"rendered":"https:\/\/baldumarket.lt\/product\/szafa-dwudrzwiowa-nepo-plus-80-cm-dab-sonoma\/"},"modified":"2026-02-11T18:18:27","modified_gmt":"2026-02-11T15:18:27","slug":"szafa-dwudrzwiowa-nepo-plus-80-cm-dab-sonoma","status":"publish","type":"product","link":"https:\/\/baldumarket.lt\/lt\/produktas\/szafa-dwudrzwiowa-nepo-plus-80-cm-dab-sonoma\/","title":{"rendered":"NEPO PLUS dviej\u0173 dur\u0173 spinta, 80 cm, Sonoma \u0105\u017euolas"},"content":{"rendered":"<p>\u2019Nepo Plus\u201c spinta \u2013 tobulas sprendimas prie\u0161kambariui. \u201eNepo Plus\u201c kolekcija \u2013 tai moderni bald\u0173 linija, kurioje dera funkcionalumas ir auk\u0161\u010diausios kokyb\u0117s meistri\u0161kumas, tod\u0117l j\u0105 \u012fvertins tiek jauni, tiek seni. Vienas i\u0161 esmini\u0173 \u0161ios kolekcijos element\u0173 \u2013 erdvi, dviej\u0173 dur\u0173 \u201eNepo Plus\u201c spinta, skirta prakti\u0161kam drabu\u017ei\u0173 ir prie\u0161kambario laikymui. \u201eNepo Plus\u201c spinta \u2013 puiki vieta drabu\u017eiams, ypa\u010d striuk\u0117ms ir paltams, laikyti. Ai\u0161kiai padalintas jos vidus apima vir\u0161utin\u0119 lentyn\u0105 ir pakab\u0105 drabu\u017eiams pakabinti, tod\u0117l yra daug vietos vaik\u0173 ir suaugusi\u0173j\u0173 drabu\u017eiams. Tai patikima vieta striuk\u0117ms laikyti gr\u012f\u017eus i\u0161 lauko arba paltams \u0161altesn\u0117mis dienomis. Papildomas \u0161ios spintos privalumas \u2013 lanks\u010dios daikt\u0173 laikymo galimyb\u0117s spintos apa\u010dioje. Bat\u0173 d\u0117\u017e\u0117se ir organizatoriuose galite tvarkingai laikyti batus ir apsaugoti juos nuo purvo. Tai u\u017etikrina, kad j\u016bs\u0173 prie\u0161kambaris visada bus tvarkingas ir \u0161varus. \u201eNepo Plus\u201c kolekcijoje d\u0117mesys skiriamas ne tik funkcionalumui, bet ir estetikai. \u0160i bald\u0173 linija pasi\u017eymi moderniu dizainu, kuris puikiai atitinka interjero dizaino tendencijas. \u201eNepo Plus\u201c spinta yra prakti\u0161kas ir stilingas j\u016bs\u0173 prie\u0161kambario papildymas, suteikiantis jam eleganti\u0161k\u0105 i\u0161vaizd\u0105. Trumpai tariant, \u201eNepo Plus\u201c spinta yra puikus prie\u0161kambario sprendimas, apjungiantis prakti\u0161kum\u0105, funkcionalum\u0105 ir estetik\u0105. Erdvumas ir organizavimo galimyb\u0117s suteikia pakankamai vietos visos \u0161eimos drabu\u017eiams ir avalynei. \u201eNepo Plus\u201c spinta yra puikus pasirinkimas, norint, kad j\u016bs\u0173 garderobas ir prie\u0161kambaris b\u016bt\u0173 funkcionalesni ir patrauklesni.<\/p>\n<p>Prek\u0117s kodas S435-SZF2D-DSO Simbolis ZM EAN Plotis 80 cm Gylis 54,5 cm Auk\u0161tis 197 cm Kolekcija Nepo Plus Spalva sonoma \u0105\u017euolas Atspalvis \u0161viesus medis Stilius modernus Dur\u0173 skai\u010dius 2 dur\u0173 Stal\u010di\u0173 skai\u010dius be stal\u010di\u0173 Rankena su rankenomis Gamintojas Juoda Raudona Balta Baldo tipas Spintos PVM 23% EAN 5906123950848<\/p>","protected":false},"excerpt":{"rendered":"<p>\u201eNepo Plus\u201c spinta \u2013 tobulas prie\u0161kambario sprendimas. \u201eNepo Plus\u201c kolekcija \u2013 tai moderni bald\u0173 linija, kurioje dera funkcionalumas ir auk\u0161\u010diausios kokyb\u0117s meistri\u0161kumas, tikrai patiksianti tiek jauniems, tiek vyresniems. Vienas i\u0161 esmini\u0173 \u0161ios kolekcijos element\u0173 yra erdvi, dviej\u0173 dur\u0173 \u201eNepo Plus\u201c spinta, sukurta siekiant prakti\u0161kos drabu\u017ei\u0173 spintos ir [\u2026]<\/p>","protected":false},"featured_media":266194,"comment_status":"open","ping_status":"open","template":"","meta":[],"product_brand":[],"product_cat":[9200,1177],"product_tag":[],"class_list":{"0":"post-266193","1":"product","2":"type-product","3":"status-publish","4":"has-post-thumbnail","6":"product_cat-black-red-white","7":"product_cat-wardrobes","9":"first","10":"instock","11":"purchasable","12":"product-type-simple"},"_links":{"self":[{"href":"https:\/\/baldumarket.lt\/lt\/wp-json\/wp\/v2\/product\/266193","targetHints":{"allow":["GET"]}}],"collection":[{"href":"https:\/\/baldumarket.lt\/lt\/wp-json\/wp\/v2\/product"}],"about":[{"href":"https:\/\/baldumarket.lt\/lt\/wp-json\/wp\/v2\/types\/product"}],"replies":[{"embeddable":true,"href":"https:\/\/baldumarket.lt\/lt\/wp-json\/wp\/v2\/comments?post=266193"}],"wp:featuredmedia":[{"embeddable":true,"href":"https:\/\/baldumarket.lt\/lt\/wp-json\/wp\/v2\/media\/266194"}],"wp:attachment":[{"href":"https:\/\/baldumarket.lt\/lt\/wp-json\/wp\/v2\/media?parent=266193"}],"wp:term":[{"taxonomy":"product_brand","embeddable":true,"href":"https:\/\/baldumarket.lt\/lt\/wp-json\/wp\/v2\/product_brand?post=266193"},{"taxonomy":"product_cat","embeddable":true,"href":"https:\/\/baldumarket.lt\/lt\/wp-json\/wp\/v2\/product_cat?post=266193"},{"taxonomy":"product_tag","embeddable":true,"href":"https:\/\/baldumarket.lt\/lt\/wp-json\/wp\/v2\/product_tag?post=266193"}],"curies":[{"name":"wp","href":"https:\/\/api.w.org\/{rel}","templated":true}]}}