{"id":266185,"date":"2026-01-14T00:20:17","date_gmt":"2026-01-13T21:20:17","guid":{"rendered":"https:\/\/baldumarket.lt\/product\/szafa-dwudrzwiowa-nepo-plus-80-cm-dab-noble-dab-sonoma\/"},"modified":"2026-02-11T18:18:27","modified_gmt":"2026-02-11T15:18:27","slug":"szafa-dwudrzwiowa-nepo-plus-80-cm-dab-noble-dab-sonoma","status":"publish","type":"product","link":"https:\/\/baldumarket.lt\/lt\/produktas\/szafa-dwudrzwiowa-nepo-plus-80-cm-dab-noble-dab-sonoma\/","title":{"rendered":"NEPO PLUS dviej\u0173 dur\u0173 spinta, 80 cm, kilnus \u0105\u017euolas\/sonoma \u0105\u017euolas"},"content":{"rendered":"<p>\u201eNepo Plus\u201c spinta \u2013 prakti\u0161kas sprendimas prie\u0161kambariui. Moderni \u201eNepo Plus\u201c kolekcija derina funkcionalum\u0105 ir ilgaam\u017ei\u0161kum\u0105, puikiai patenkindama tiek vaik\u0173, tiek suaugusi\u0173j\u0173 poreikius. Patogumas ir funkcionalumas.<br \/>\nDviej\u0173 dur\u0173 \u201eNepo Plus\u201c spinta puikiai tinka prie\u0161kambariui ar persirengimo kambariui. Gerai apgalvotas vidinis i\u0161planavimas, \u012fskaitant vir\u0161utin\u0119 lentyn\u0105 ir pakab\u0105, suteikia vietos vaik\u0173 striuk\u0117ms, paltams ir kitiems vir\u0161utiniams drabu\u017eiams. Apatin\u0119 spintos dal\u012f galima naudoti batams laikyti, naudojant prakti\u0161kus organizatorius ar d\u0117\u017ees. Stilius ir patvarumas<br \/>\nLaminuotas spintos pavir\u0161ius yra labai atsparus \u012fbr\u0117\u017eimams ir temperat\u016bros poky\u010diams, tod\u0117l idealiai tinka da\u017enai lankomoms patalpoms. Subtilus spalv\u0173 derinys, kuriame derinamas kilnusis \u0105\u017euolas su sonoma \u0105\u017euolo fasadais, suteikia baldams modernumo ir elegancijos, tod\u0117l juos lengva priderinti prie \u012fvairi\u0173 interjer\u0173. Ypatyb\u0117s: vir\u0161utin\u0117 lentyna ir pakabos b\u0117gelis \u2013 idealiai tinka drabu\u017eiams ir aksesuarams laikyti. Laminuotas pavir\u0161ius \u2013 atsparus \u012fbr\u0117\u017eimams ir lengvai valomas. Kilnaus \u0105\u017euolo spalv\u0173 derinys su sonoma \u0105\u017euolo fasadais \u2013 modernus ir eleganti\u0161kas vaizdas. Horizontali rankena \u2013 paprasta ir patogi prieiga prie turinio. Kompakti\u0161ki matmenys \u2013 puikus sprendimas ma\u017eesn\u0117ms erdv\u0117ms. Santrauka<br \/>\n\u201eNepo Plus\u201c spinta \u2013 prakti\u0161kas ir esteti\u0161kai patrauklus sprendimas, puikiai tinkantis prie\u0161kambariui, vaiko kambariui ar paauglio kambariui. Funkcionalus i\u0161planavimas, moderni i\u0161vaizda ir patvarumas daro j\u0105 idealiu pasirinkimu \u0161eimoms, ie\u0161kan\u010dioms universali\u0173 ir stiling\u0173 bald\u0173. Derinkite spint\u0105 su kitais \u201eNepo Plus\u201c kolekcijos moduliais, kad sukurtum\u0117te harmoning\u0105 erdv\u0119, pritaikyt\u0105 j\u016bs\u0173 nam\u0173 poreikiams.<\/p>\n<p>Prek\u0117s kodas S435-SZF2D-DNO\/DSO Plotis 80 cm Gylis 54,5 cm Auk\u0161tis 197 cm Kolekcija \u201eNepo Plus\u201c Spalva kilnus \u0105\u017euolas\/sonoma \u0105\u017euolas Atspalvis tamsi mediena Stilius modernus Med\u017eiaga laminatas Dureli\u0173 skai\u010dius 2 dur\u0173 Stal\u010di\u0173 skai\u010dius be stal\u010di\u0173 Rankena su rankenomis Gamintojas Juoda Raudona Balta Baldo tipas Spintos PVM 23% EAN 5906123061636<\/p>","protected":false},"excerpt":{"rendered":"<p>\u201eNepo Plus\u201c spinta \u2013 prakti\u0161kas sprendimas prie\u0161kambariui. Moderni \u201eNepo Plus\u201c kolekcija derina funkcionalum\u0105 ir ilgaam\u017ei\u0161kum\u0105, puikiai patenkindama tiek vaik\u0173, tiek suaugusi\u0173j\u0173 poreikius. Patogumas ir funkcionalumas. Dviej\u0173 dur\u0173 \u201eNepo Plus\u201c spinta \u2013 puikus pasirinkimas prie\u0161kambariui ar persirengimo kambariui. Gerai apgalvotas vidaus i\u0161planavimas, \u012fskaitant vir\u0161utin\u0119 lentyn\u0105 ir [\u2026]<\/p>","protected":false},"featured_media":266186,"comment_status":"open","ping_status":"open","template":"","meta":[],"product_brand":[],"product_cat":[9200,1177],"product_tag":[],"class_list":{"0":"post-266185","1":"product","2":"type-product","3":"status-publish","4":"has-post-thumbnail","6":"product_cat-black-red-white","7":"product_cat-wardrobes","9":"first","10":"instock","11":"purchasable","12":"product-type-simple"},"_links":{"self":[{"href":"https:\/\/baldumarket.lt\/lt\/wp-json\/wp\/v2\/product\/266185","targetHints":{"allow":["GET"]}}],"collection":[{"href":"https:\/\/baldumarket.lt\/lt\/wp-json\/wp\/v2\/product"}],"about":[{"href":"https:\/\/baldumarket.lt\/lt\/wp-json\/wp\/v2\/types\/product"}],"replies":[{"embeddable":true,"href":"https:\/\/baldumarket.lt\/lt\/wp-json\/wp\/v2\/comments?post=266185"}],"wp:featuredmedia":[{"embeddable":true,"href":"https:\/\/baldumarket.lt\/lt\/wp-json\/wp\/v2\/media\/266186"}],"wp:attachment":[{"href":"https:\/\/baldumarket.lt\/lt\/wp-json\/wp\/v2\/media?parent=266185"}],"wp:term":[{"taxonomy":"product_brand","embeddable":true,"href":"https:\/\/baldumarket.lt\/lt\/wp-json\/wp\/v2\/product_brand?post=266185"},{"taxonomy":"product_cat","embeddable":true,"href":"https:\/\/baldumarket.lt\/lt\/wp-json\/wp\/v2\/product_cat?post=266185"},{"taxonomy":"product_tag","embeddable":true,"href":"https:\/\/baldumarket.lt\/lt\/wp-json\/wp\/v2\/product_tag?post=266185"}],"curies":[{"name":"wp","href":"https:\/\/api.w.org\/{rel}","templated":true}]}}