{"id":266153,"date":"2026-01-14T00:19:51","date_gmt":"2026-01-13T21:19:51","guid":{"rendered":"https:\/\/baldumarket.lt\/product\/szafa-dwudrzwiowa-multido-80-cm-jasny-atelier\/"},"modified":"2026-02-11T18:18:28","modified_gmt":"2026-02-11T15:18:28","slug":"szafa-dwudrzwiowa-multido-80-cm-jasny-atelier","status":"publish","type":"product","link":"https:\/\/baldumarket.lt\/lt\/produktas\/szafa-dwudrzwiowa-multido-80-cm-jasny-atelier\/","title":{"rendered":"Dviej\u0173 dur\u0173 spinta MultiDo 80 cm, \u0161viesi atelj\u0117"},"content":{"rendered":"<p>\u201eMultiDo\u201c spinta \u2013 paprastumas ir talpa auk\u0161\u010diausiame lygyje. \u201eMultiDo\u201c spinta \u2013 tai minimalistinio dizaino ir funkcionalumo derinys, puikiai tiksiantis bet kokiame interjere. Paprasta forma si\u016blo daug praktini\u0173 sprendim\u0173, kurie pad\u0117s lengvai sutvarkyti garderob\u0105 ir suteiks interjerui elegancijos. Ypatyb\u0117s: Erdvi sekcija su pakaba: puikiai tinka striuk\u0117ms, paltams ir mar\u0161kiniams, kuriuos reikia pakabinti, kad nesusiglam\u017eyt\u0173, ir palengvint\u0173 kasdien\u012f drabu\u017ei\u0173 pasirinkim\u0105. Vir\u0161utin\u0117 lentyna: suteikia papildomos vietos apatiniams drabu\u017eiams, d\u017einsams, kepur\u0117ms ir smulkiems aksesuarams, kuriuos norite visada tur\u0117ti po ranka. Trys spalv\u0173 variantai: balta, dirbtinio \u0105\u017euolo ir grafito, leid\u017eia priderinti spint\u0105 tiek prie klasikinio, tiek prie modernaus interjero. Universalus panaudojimas: \u201eMultiDo\u201c spinta puikiai tinka miegamajam, jaunimo kambariui ar prie\u0161kambariui, nes suteikia prakti\u0161kos vietos drabu\u017eiams, patalynei ir antklod\u0117ms. \u201eMultiDo\u201c modulin\u0117 sistema: galimyb\u0117 kurti tiesius ir kampinius i\u0161d\u0117stymus, leid\u017eian\u010dius visi\u0161kai pritaikyti erdv\u0119 pagal individualius poreikius. Nam\u0173 \u016bkio nariai. Universalus atidarymas: d\u0117l ergonomi\u0161k\u0173 ranken\u0173 ir \u012f kair\u0119 ir \u012f de\u0161in\u0119 atsidaran\u010di\u0173 dureli\u0173 lentyn\u0173 blokas u\u017etikrina komfort\u0105 ir lengv\u0105 prieig\u0105 prie jo turinio. Santrauka: \u201eMultiDo\u201c spinta \u2013 puikus pasirinkimas tiems, kurie vertina paprastum\u0105 ir funkcionalum\u0105. Erdvi spintos dalis ir papildoma lentyna pad\u0117s palaikyti tvark\u0105 j\u016bs\u0173 garderoboje, o universalus trij\u0173 spalv\u0173 dizainas lengvai der\u0117s prie bet kokio interjero. Modulin\u0117 sistema leid\u017eia kurti individualius i\u0161planavimus, tod\u0117l \u201eMultiDo\u201c spinta yra puikus sprendimas miegamajam, prie\u0161kambariui ar jaunimo kambariui, u\u017etikrinantis estetik\u0105 ir komfort\u0105 viename. Per\u017ei\u016br\u0117kite \u201eMultiDo\u201c sistemos katalog\u0105 ir atraskite visas jos konfig\u016bravimo galimybes.<\/p>\n<p>Prek\u0117s kodas S588-REG2D\/80\/190\/52-JAT Plotis 80 cm Gylis 52 cm Auk\u0161tis 195 cm Kolekcija MultiDo Spalva \u0161viesi atelj\u0117 Atspalvis pilkas Stilius modernus Med\u017eiaga laminatas Dureli\u0173 skai\u010dius 2 dur\u0173 Stal\u010di\u0173 skai\u010dius be stal\u010di\u0173 Rankena su rankenomis Gamintojas Juoda Raudona Balta Baldo tipas Lentynos ir vitrinos PVM 23% EAN 5906123124928<\/p>","protected":false},"excerpt":{"rendered":"<p>\u201eMultiDo\u201c spinta \u2013 paprastumas ir talpa auk\u0161\u010diausiame lygyje. \u201eMultiDo\u201c spinta \u2013 tai minimalistinio dizaino ir funkcionalumo derinys, puikiai tiksiantis bet kokiame interjere. Paprasta forma si\u016blo daug praktini\u0173 sprendim\u0173, kurie pad\u0117s lengvai susitvarkyti garderob\u0105 ir suteiks interjerui elegancijos. Ypatingos savyb\u0117s: Erdvi sekcija su [\u2026]<\/p>","protected":false},"featured_media":266154,"comment_status":"open","ping_status":"open","template":"","meta":[],"product_brand":[],"product_cat":[9200,1177],"product_tag":[],"class_list":{"0":"post-266153","1":"product","2":"type-product","3":"status-publish","4":"has-post-thumbnail","6":"product_cat-black-red-white","7":"product_cat-wardrobes","9":"first","10":"instock","11":"purchasable","12":"product-type-simple"},"_links":{"self":[{"href":"https:\/\/baldumarket.lt\/lt\/wp-json\/wp\/v2\/product\/266153","targetHints":{"allow":["GET"]}}],"collection":[{"href":"https:\/\/baldumarket.lt\/lt\/wp-json\/wp\/v2\/product"}],"about":[{"href":"https:\/\/baldumarket.lt\/lt\/wp-json\/wp\/v2\/types\/product"}],"replies":[{"embeddable":true,"href":"https:\/\/baldumarket.lt\/lt\/wp-json\/wp\/v2\/comments?post=266153"}],"wp:featuredmedia":[{"embeddable":true,"href":"https:\/\/baldumarket.lt\/lt\/wp-json\/wp\/v2\/media\/266154"}],"wp:attachment":[{"href":"https:\/\/baldumarket.lt\/lt\/wp-json\/wp\/v2\/media?parent=266153"}],"wp:term":[{"taxonomy":"product_brand","embeddable":true,"href":"https:\/\/baldumarket.lt\/lt\/wp-json\/wp\/v2\/product_brand?post=266153"},{"taxonomy":"product_cat","embeddable":true,"href":"https:\/\/baldumarket.lt\/lt\/wp-json\/wp\/v2\/product_cat?post=266153"},{"taxonomy":"product_tag","embeddable":true,"href":"https:\/\/baldumarket.lt\/lt\/wp-json\/wp\/v2\/product_tag?post=266153"}],"curies":[{"name":"wp","href":"https:\/\/api.w.org\/{rel}","templated":true}]}}