{"id":266121,"date":"2026-01-14T00:19:22","date_gmt":"2026-01-13T21:19:22","guid":{"rendered":"https:\/\/baldumarket.lt\/product\/szafa-dwudrzwiowa-matos-80-cm-dab-wotan-bialy\/"},"modified":"2026-02-11T18:18:28","modified_gmt":"2026-02-11T15:18:28","slug":"szafa-dwudrzwiowa-matos-80-cm-dab-wotan-bialy","status":"publish","type":"product","link":"https:\/\/baldumarket.lt\/lt\/product\/szafa-dwudrzwiowa-matos-80-cm-dab-wotan-bialy\/","title":{"rendered":"MATOS dviej\u0173 dur\u0173 spinta 80 cm Wotan \u0105\u017euolas\/balta"},"content":{"rendered":"<p>\u201eMatos\u201c spinta. \u201eMatos\u201c kolekcijos spinta \u2013 puikus sprendimas drabu\u017ei\u0173 laikymui paprastame miegamajame, kur funkcionalumas yra svarbiausia. Pakabinimo karnizas ir prakti\u0161ka vir\u0161utin\u0117 lentyna leid\u017eia tvarkingai sutvarkyti drabu\u017eius ir apsaugoti juos nuo glam\u017eymosi. Apatin\u0117je spintos dalyje galima laisvai sud\u0117ti krep\u0161elius ar konteinerius \u012fvairiems aksesuarams laikyti. Spintos korpusas apdailintas \u0161iltu \u201eWotan\u201c \u0105\u017euolo atspalviu, kuris puikiai dera su neutralia matine balta fasad\u0173 spalva. Matoma medienos tekst\u016bra suteikia baldui charakterio, sukurdama harmoning\u0105 derin\u012f. Paprastos sidabrin\u0117s ranken\u0117l\u0117s ne tik palengvina spintos atidarym\u0105, bet ir suteikia subtili\u0173 dekoratyvini\u0173 akcent\u0173, pabr\u0117\u017edamos kitaip lygius pavir\u0161ius. Dviej\u0173 dur\u0173 \u201eMatos\u201c spinta, derinama su kitais kolekcijos elementais, tokiais kaip komodos, leid\u017eia efektyviai sutvarkyti miegamojo erdv\u0119, sukuriant funkcional\u0173 ir esteti\u0161kai patraukl\u0173 i\u0161d\u0117stym\u0105.<\/p>\n<p>Prek\u0117s kodas S414-SZF2D-DWO\/BI Simbolis ZM EAN Plotis 80 cm Gylis 54,5 cm Auk\u0161tis 189 cm Kolekcija Matos Spalva wotan \u0105\u017euolas\/balta Gaubtas \u0161viesi mediena Stilius modernus Med\u017eiaga laminatas Dureli\u0173 skai\u010dius 2 dur\u0173 Stal\u010di\u0173 skai\u010dius be stal\u010di\u0173 Rankena su rankenomis Gamintojas Juoda Raudona Balta Baldo tipas Spintos PVM mokestis 23% EAN 5906123945523<\/p>","protected":false},"excerpt":{"rendered":"<p>\u201eMatos\u201c spinta. \u201eMatos\u201c kolekcijos spinta \u2013 puikus sprendimas drabu\u017eiams laikyti paprastame miegamajame, kur funkcionalumas yra svarbiausia. Pakabinimo skersinis ir prakti\u0161ka vir\u0161utin\u0117 lentyna leid\u017eia tvarkingai susid\u0117ti drabu\u017eius ir apsaugoti juos nuo glam\u017eymosi. Apatin\u0119 spintos dal\u012f galima laisvai i\u0161d\u0117styti krep\u0161eliais arba [\u2026]<\/p>","protected":false},"featured_media":266122,"comment_status":"open","ping_status":"open","template":"","meta":[],"product_brand":[],"product_cat":[9200,1177],"product_tag":[],"class_list":{"0":"post-266121","1":"product","2":"type-product","3":"status-publish","4":"has-post-thumbnail","6":"product_cat-black-red-white","7":"product_cat-wardrobes","9":"first","10":"instock","11":"purchasable","12":"product-type-simple"},"_links":{"self":[{"href":"https:\/\/baldumarket.lt\/lt\/wp-json\/wp\/v2\/product\/266121","targetHints":{"allow":["GET"]}}],"collection":[{"href":"https:\/\/baldumarket.lt\/lt\/wp-json\/wp\/v2\/product"}],"about":[{"href":"https:\/\/baldumarket.lt\/lt\/wp-json\/wp\/v2\/types\/product"}],"replies":[{"embeddable":true,"href":"https:\/\/baldumarket.lt\/lt\/wp-json\/wp\/v2\/comments?post=266121"}],"wp:featuredmedia":[{"embeddable":true,"href":"https:\/\/baldumarket.lt\/lt\/wp-json\/wp\/v2\/media\/266122"}],"wp:attachment":[{"href":"https:\/\/baldumarket.lt\/lt\/wp-json\/wp\/v2\/media?parent=266121"}],"wp:term":[{"taxonomy":"product_brand","embeddable":true,"href":"https:\/\/baldumarket.lt\/lt\/wp-json\/wp\/v2\/product_brand?post=266121"},{"taxonomy":"product_cat","embeddable":true,"href":"https:\/\/baldumarket.lt\/lt\/wp-json\/wp\/v2\/product_cat?post=266121"},{"taxonomy":"product_tag","embeddable":true,"href":"https:\/\/baldumarket.lt\/lt\/wp-json\/wp\/v2\/product_tag?post=266121"}],"curies":[{"name":"wp","href":"https:\/\/api.w.org\/{rel}","templated":true}]}}