{"id":266113,"date":"2026-01-14T00:19:15","date_gmt":"2026-01-13T21:19:15","guid":{"rendered":"https:\/\/baldumarket.lt\/product\/szafa-dwudrzwiowa-loksa-1015-cm-andersen-pine-white\/"},"modified":"2026-02-11T18:18:29","modified_gmt":"2026-02-11T15:18:29","slug":"szafa-dwudrzwiowa-loksa-1015-cm-andersen-pine-white","status":"publish","type":"product","link":"https:\/\/baldumarket.lt\/lt\/product\/szafa-dwudrzwiowa-loksa-1015-cm-andersen-pine-white\/","title":{"rendered":"LOKSA dvidur\u0117 spinta, 101,5 cm, anderseno pu\u0161is, balta"},"content":{"rendered":"<p>\u201eLoksa\u201c spinta \u2013 puikus sprendimas drabu\u017eiams ir aksesuarams laikyti. Jei planuojate skandinavi\u0161ko stiliaus interjer\u0105, jums tikrai patiks \u201eLoksa\u201c kolekcija. I\u0161skirtin\u0117s jos savyb\u0117s, tokios kaip \u012fr\u0117minti fasadai, tvirtos rankenos, paprastas dizainas ir ry\u0161kios spalvos, puikiai atspindi \u0161io stiliaus estetik\u0105. \u201eLoksa\u201c spinta yra puiki vieta laikyti drabu\u017eius, tokius kaip striuk\u0117s, paltai ir aksesuarai, \u012fskaitant kepures, \u0161alikus ir kt. \u0160is baldas si\u016blo daugyb\u0119 organizavimo galimybi\u0173. Platus pakabos b\u0117gelis ir vir\u0161utin\u0117 lentyna suteikia vietos drabu\u017eiams pakabinti, tod\u0117l juos lengva per\u017ei\u016br\u0117ti. Jei jums reikia vietos sulankstytiems drabu\u017eiams ar aksesuarams, galite pasirinkti papildomas lentynas. Tai leid\u017eia patogiai laikyti daiktus tiek lentynose, tiek pakabose. Spintos spalv\u0173 schema dera su likusia \u201eLoksa\u201c kolekcijos dalimi, sukurdama harmoning\u0105 visum\u0105 j\u016bs\u0173 interjere. Baltas korpusas i\u0161 baltos \u201eAndersen\u201c pu\u0161ies puikiai kontrastuoja su \u201eGrandson\u201c \u0105\u017euolo stalvir\u0161iu. \u012er\u0117minti fasadai ir stilingos rankenos suteikia baldui elegancijos ir charakterio. \u201eLoksa\u201c spinta gali b\u016bti puikus papildymas kitiems kolekcijos baldams, leisdama jums sukurti darn\u0173 ir funkcional\u0173 prie\u0161kambario ar svetain\u0117s i\u0161d\u0117stym\u0105. \u0160is baldas ne tik padeda laikyti drabu\u017eius ir aksesuarus, bet ir suteikia interjerui skandinavi\u0161ko \u017eavesio bei elegancijos. D\u0117l savo universalumo jis yra idealus sprendimas daugeliui j\u016bs\u0173 nam\u0173 kambari\u0173.<\/p>\n<p>Prek\u0117s kodas S455-SZF2D-APW Simbolis ZM EAN Plotis 101,5 cm Gylis 57 cm Auk\u0161tis 200,5 cm Kolekcija Loksa Spalva andersen pu\u0161is balta Atspalvis \u0161viesus medis Stilius Skandinavi\u0161kas Med\u017eiaga laminatas Dur\u0173 skai\u010dius 2 dur\u0173 Stal\u010di\u0173 skai\u010dius be stal\u010di\u0173 Rankena su rankenomis Gamintojas Juoda Raudona Balta Baldo tipas Spintos PVM mokestis 23% EAN 5906123607629<\/p>","protected":false},"excerpt":{"rendered":"<p>\u201eLoksa\u201c spinta \u2013 puikus sprendimas drabu\u017eiams ir aksesuarams laikyti. Jei planuojate skandinavi\u0161ko stiliaus interjer\u0105, jums tikrai patiks \u201eLoksa\u201c kolekcija. I\u0161skirtin\u0117s jos savyb\u0117s, tokios kaip \u012fr\u0117minti fasadai, tvirtos rankenos, paprastas dizainas ir ry\u0161kios spalvos, puikiai atspindi \u0161io stiliaus estetik\u0105. \u201eLoksa\u201c spinta yra puiki vieta laikyti tokius drabu\u017eius kaip [\u2026]<\/p>","protected":false},"featured_media":266114,"comment_status":"open","ping_status":"open","template":"","meta":[],"product_brand":[],"product_cat":[9200,1177],"product_tag":[],"class_list":{"0":"post-266113","1":"product","2":"type-product","3":"status-publish","4":"has-post-thumbnail","6":"product_cat-black-red-white","7":"product_cat-wardrobes","9":"first","10":"instock","11":"purchasable","12":"product-type-simple"},"_links":{"self":[{"href":"https:\/\/baldumarket.lt\/lt\/wp-json\/wp\/v2\/product\/266113","targetHints":{"allow":["GET"]}}],"collection":[{"href":"https:\/\/baldumarket.lt\/lt\/wp-json\/wp\/v2\/product"}],"about":[{"href":"https:\/\/baldumarket.lt\/lt\/wp-json\/wp\/v2\/types\/product"}],"replies":[{"embeddable":true,"href":"https:\/\/baldumarket.lt\/lt\/wp-json\/wp\/v2\/comments?post=266113"}],"wp:featuredmedia":[{"embeddable":true,"href":"https:\/\/baldumarket.lt\/lt\/wp-json\/wp\/v2\/media\/266114"}],"wp:attachment":[{"href":"https:\/\/baldumarket.lt\/lt\/wp-json\/wp\/v2\/media?parent=266113"}],"wp:term":[{"taxonomy":"product_brand","embeddable":true,"href":"https:\/\/baldumarket.lt\/lt\/wp-json\/wp\/v2\/product_brand?post=266113"},{"taxonomy":"product_cat","embeddable":true,"href":"https:\/\/baldumarket.lt\/lt\/wp-json\/wp\/v2\/product_cat?post=266113"},{"taxonomy":"product_tag","embeddable":true,"href":"https:\/\/baldumarket.lt\/lt\/wp-json\/wp\/v2\/product_tag?post=266113"}],"curies":[{"name":"wp","href":"https:\/\/api.w.org\/{rel}","templated":true}]}}