{"id":266105,"date":"2026-01-14T00:19:09","date_gmt":"2026-01-13T21:19:09","guid":{"rendered":"https:\/\/baldumarket.lt\/product\/szafa-dwudrzwiowa-lamea-90-cm-dab-artisan\/"},"modified":"2026-02-11T18:18:29","modified_gmt":"2026-02-11T15:18:29","slug":"szafa-dwudrzwiowa-lamea-90-cm-dab-artisan","status":"publish","type":"product","link":"https:\/\/baldumarket.lt\/lt\/product\/szafa-dwudrzwiowa-lamea-90-cm-dab-artisan\/","title":{"rendered":"LAMEA dviej\u0173 dur\u0173 spinta, 90 cm, dirbtinio \u0105\u017euolo spalvos"},"content":{"rendered":"<p>\u201eLamea\u201c spinta \u2013 eleganti\u0161ka ir funkcionali daikt\u0173 laikymo zona. \u201eLamea\u201c bald\u0173 linija \u017eavi unikaliu dizainu, \u012fkv\u0117ptu gamtos gro\u017eio. Auk\u0161tos kokyb\u0117s laminatas su subtiliu medienos ra\u0161tu ir eleganti\u0161kais juodais akcentais suteikia \u0161iems baldams modernumo ir harmoningai dera prie \u012fvairi\u0173 interjero dizain\u0173. Jei ie\u0161kote prakti\u0161kos ir stilingos daikt\u0173 laikymo spintos, apsvarstykite \u201eLamea\u201c dviej\u0173 dur\u0173 spint\u0105. 90 cm plo\u010dio, 197 cm auk\u0161\u010dio ir 55 cm gylio \u0161i spinta ne tik puikiai papildys j\u016bs\u0173 miegam\u0105j\u012f ar persirengimo kambar\u012f, bet ir suteiks funkcionalius daikt\u0173 laikymo sprendimus. Su pakaba ir lentyna, bei galimybe i\u0161pl\u0117sti j\u0105 papildoma lentyna, \u0161i spinta patenkins visus j\u016bs\u0173 daikt\u0173 laikymo poreikius. Spintos priekin\u0117 dalis pasi\u017eymi subtiliu vertikaliu frezavimu, pary\u0161kintu juodu laku, suteikian\u010diu baldui trimat\u0119 i\u0161vaizd\u0105 ir modern\u0173 charakter\u012f. Lofto stiliui b\u016bdingas medienos ra\u0161tas suteikia interjerui jauki\u0105 atmosfer\u0105, o atsparus \u012fbr\u0117\u017eimams laminatas \u0161ilto \u201eArtisan Oak\u201c atspalvio u\u017etikrina patvarum\u0105 ir lengv\u0105 valym\u0105. Juodi elementai, tokie kaip eleganti\u0161kos kojel\u0117s, suteikia spintai i\u0161skirtin\u0119 ir moderni\u0105 i\u0161vaizd\u0105, i\u0161laikant vizualin\u012f lengvum\u0105.<\/p>\n<p>Prek\u0117s kodas S632-SZF2D-DASN Plotis 90 cm Gylis 55 cm Auk\u0161tis 197 cm Kolekcija Lamea Spalva meni\u0161ko \u0105\u017euolo atspalvis \u0161viesi mediena Stilius modernus Med\u017eiaga laminatas Dureli\u0173 skai\u010dius 2 dur\u0173 Stal\u010di\u0173 skai\u010dius be stal\u010di\u0173 Rankena su rankenomis Gamintojas Juoda Raudona Balta Baldo tipas Spintos PVM 23% EAN 5906123030731<\/p>","protected":false},"excerpt":{"rendered":"<p>\u201eLamea\u201c spinta \u2013 eleganti\u0161ka ir funkcionali daikt\u0173 laikymo zona. \u201eLamea\u201c bald\u0173 linija \u017eavi unikaliu dizainu, \u012fkv\u0117ptu gamtos gro\u017eio. Auk\u0161tos kokyb\u0117s laminatas su subtiliu medienos ra\u0161tu ir eleganti\u0161kais juodais akcentais suteikia \u0161iems baldams modernumo ir harmoningai dera prie \u012fvairi\u0173 interjero dizain\u0173. Jei ie\u0161kote [\u2026]<\/p>","protected":false},"featured_media":266106,"comment_status":"open","ping_status":"open","template":"","meta":[],"product_brand":[],"product_cat":[9200,1177],"product_tag":[],"class_list":{"0":"post-266105","1":"product","2":"type-product","3":"status-publish","4":"has-post-thumbnail","6":"product_cat-black-red-white","7":"product_cat-wardrobes","9":"first","10":"instock","11":"purchasable","12":"product-type-simple"},"_links":{"self":[{"href":"https:\/\/baldumarket.lt\/lt\/wp-json\/wp\/v2\/product\/266105","targetHints":{"allow":["GET"]}}],"collection":[{"href":"https:\/\/baldumarket.lt\/lt\/wp-json\/wp\/v2\/product"}],"about":[{"href":"https:\/\/baldumarket.lt\/lt\/wp-json\/wp\/v2\/types\/product"}],"replies":[{"embeddable":true,"href":"https:\/\/baldumarket.lt\/lt\/wp-json\/wp\/v2\/comments?post=266105"}],"wp:featuredmedia":[{"embeddable":true,"href":"https:\/\/baldumarket.lt\/lt\/wp-json\/wp\/v2\/media\/266106"}],"wp:attachment":[{"href":"https:\/\/baldumarket.lt\/lt\/wp-json\/wp\/v2\/media?parent=266105"}],"wp:term":[{"taxonomy":"product_brand","embeddable":true,"href":"https:\/\/baldumarket.lt\/lt\/wp-json\/wp\/v2\/product_brand?post=266105"},{"taxonomy":"product_cat","embeddable":true,"href":"https:\/\/baldumarket.lt\/lt\/wp-json\/wp\/v2\/product_cat?post=266105"},{"taxonomy":"product_tag","embeddable":true,"href":"https:\/\/baldumarket.lt\/lt\/wp-json\/wp\/v2\/product_tag?post=266105"}],"curies":[{"name":"wp","href":"https:\/\/api.w.org\/{rel}","templated":true}]}}