{"id":266097,"date":"2026-01-14T00:19:02","date_gmt":"2026-01-13T21:19:02","guid":{"rendered":"https:\/\/baldumarket.lt\/product\/szafa-dwudrzwiowa-horton-1025-cm-dab-zloty-grandson-bialy-polysk\/"},"modified":"2026-02-11T18:18:29","modified_gmt":"2026-02-11T15:18:29","slug":"szafa-dwudrzwiowa-horton-1025-cm-dab-zloty-grandson-bialy-polysk","status":"publish","type":"product","link":"https:\/\/baldumarket.lt\/lt\/product\/szafa-dwudrzwiowa-horton-1025-cm-dab-zloty-grandson-bialy-polysk\/","title":{"rendered":"HORTON dviej\u0173 dur\u0173 spinta 102,5 cm, Grandson auksinio \u0105\u017euolo\/blizgios baltos spalvos"},"content":{"rendered":"<p>\u201eHorton\u201c spinta \u2013 elegancija ranka pasiekiama. Jei ie\u0161kote spintos, kurioje ne tik tilpt\u0173 j\u016bs\u0173 drabu\u017eiai, bet ir b\u016bt\u0173 stilingas j\u016bs\u0173 interjero papildymas, \u0161i spinta pateisins j\u016bs\u0173 l\u016bkes\u010dius. Tai ne tik baldas, bet ir klas\u0117s bei funkcionalumo \u012frodymas, kuris neabejotinai papuo\u0161 j\u016bs\u0173 kambar\u012f. \u0160ios spintos spalv\u0173 gama \u2013 harmoningas blizgios baltos ir \u0161iltos \u201eGrandson\u201c \u0105\u017euolo spalv\u0173 derinys. D\u0117l \u0161io spalv\u0173 derinio ji puikiai tinka \u0161viesioms erdv\u0117ms, tokioms kaip miegamasis, prie\u0161kambaris ar jaunimo kambarys. Universalus dizainas leid\u017eia lengvai prisitaikyti prie \u012fvairi\u0173 interjero stili\u0173 \u2013 nuo retro iki modernaus ar industrinio. Kompakti\u0161ki matmenys leid\u017eia spint\u0105 pritaikyti net ma\u017eesn\u0117ms erdv\u0117ms neprarandant funkcionalumo. Dvejos spintos durys su metalin\u0117mis rankenomis ne tik eleganti\u0161kai puo\u0161ia, bet ir paslepia vidin\u0119 organizacij\u0105. Viduje rasite pakabos karniz\u0105 ir lentyn\u0105 vir\u0161utin\u0117je dalyje, tod\u0117l gal\u0117site efektyviai i\u0161naudoti erdv\u0119. O jei jums reikia daugiau vietos sulankstytiems drabu\u017eiams, lentynas galite \u012fsigyti kaip papildom\u0105 pried\u0105. Spinta turi \u0161velnaus u\u017edarymo vyrius, u\u017etikrinan\u010dius skland\u0173 ir tyl\u0173 dur\u0173 u\u017edarym\u0105. Papildomas privalumas \u2013 standartinis LED ap\u0161vietimas, eleganti\u0161kai i\u0161d\u0117stytas vir\u0161utin\u0117je spintel\u0117s dalyje. Tai ne tik prakti\u0161ka, bet ir padidina spintos elegancij\u0105. Investuokite \u012f stili\u0173 ir funkcionalum\u0105 su m\u016bs\u0173 spinta, kuri ne tik talpins j\u016bs\u0173 drabu\u017eius, bet ir taps patvariu baldu, lyd\u0117sian\u010diu jus daugel\u012f met\u0173.<\/p>\n<p>Prek\u0117s kodas S488-SZF2D-BI\/DZG\/BIP Simbolis ZM EAN Plotis 106,5 cm Gylis 56 cm Auk\u0161tis 205 cm Kolekcija Horton Spalva balta\/grandson auksinis \u0105\u017euolas\/blizgi balta Atspalvis baltas Med\u017eiaga laminatas Dur\u0173 skai\u010dius 2 dur\u0173 Stal\u010di\u0173 skai\u010dius be stal\u010di\u0173 Rankena su rankenomis Gamintojas Juoda Raudona Balta Baldo tipas Spintos PVM mokestis 23% EAN 5906123709231<\/p>","protected":false},"excerpt":{"rendered":"<p>\u201eHorton\u201c spinta \u2013 elegancija ranka pasiekiama. Jei ie\u0161kote spintos, kurioje ne tik tilpt\u0173 j\u016bs\u0173 drabu\u017eiai, bet ir b\u016bt\u0173 stilingas j\u016bs\u0173 interjero papildymas, \u0161i spinta pateisins j\u016bs\u0173 l\u016bkes\u010dius. Tai ne tik baldas, bet ir klas\u0117s bei funkcionalumo \u012frodymas, kuris neabejotinai pagerins j\u016bs\u0173 [\u2026]<\/p>","protected":false},"featured_media":266098,"comment_status":"open","ping_status":"open","template":"","meta":[],"product_brand":[],"product_cat":[9200,1177],"product_tag":[],"class_list":{"0":"post-266097","1":"product","2":"type-product","3":"status-publish","4":"has-post-thumbnail","6":"product_cat-black-red-white","7":"product_cat-wardrobes","9":"first","10":"instock","11":"purchasable","12":"product-type-simple"},"_links":{"self":[{"href":"https:\/\/baldumarket.lt\/lt\/wp-json\/wp\/v2\/product\/266097","targetHints":{"allow":["GET"]}}],"collection":[{"href":"https:\/\/baldumarket.lt\/lt\/wp-json\/wp\/v2\/product"}],"about":[{"href":"https:\/\/baldumarket.lt\/lt\/wp-json\/wp\/v2\/types\/product"}],"replies":[{"embeddable":true,"href":"https:\/\/baldumarket.lt\/lt\/wp-json\/wp\/v2\/comments?post=266097"}],"wp:featuredmedia":[{"embeddable":true,"href":"https:\/\/baldumarket.lt\/lt\/wp-json\/wp\/v2\/media\/266098"}],"wp:attachment":[{"href":"https:\/\/baldumarket.lt\/lt\/wp-json\/wp\/v2\/media?parent=266097"}],"wp:term":[{"taxonomy":"product_brand","embeddable":true,"href":"https:\/\/baldumarket.lt\/lt\/wp-json\/wp\/v2\/product_brand?post=266097"},{"taxonomy":"product_cat","embeddable":true,"href":"https:\/\/baldumarket.lt\/lt\/wp-json\/wp\/v2\/product_cat?post=266097"},{"taxonomy":"product_tag","embeddable":true,"href":"https:\/\/baldumarket.lt\/lt\/wp-json\/wp\/v2\/product_tag?post=266097"}],"curies":[{"name":"wp","href":"https:\/\/api.w.org\/{rel}","templated":true}]}}