{"id":266093,"date":"2026-01-14T00:18:58","date_gmt":"2026-01-13T21:18:58","guid":{"rendered":"https:\/\/baldumarket.lt\/product\/szafa-dwudrzwiowa-gent-98-cm-dab-stirling\/"},"modified":"2026-02-11T18:18:29","modified_gmt":"2026-02-11T15:18:29","slug":"szafa-dwudrzwiowa-gent-98-cm-dab-stirling","status":"publish","type":"product","link":"https:\/\/baldumarket.lt\/lt\/product\/szafa-dwudrzwiowa-gent-98-cm-dab-stirling\/","title":{"rendered":"GENT dviej\u0173 dur\u0173 spinta, 98 cm, \u0105\u017euolo spalvos, Stirlingo spalva"},"content":{"rendered":"<p>Dvidur\u0117 \u201eGent\u201c spinta \u2013 prakti\u0161kos daikt\u0173 laikymo savyb\u0117s: \u0161i spinta puikiai tinka ne tik miegamajam, bet ir persirengimo kambariui, kur vis\u0105 garderob\u0105 galite laikyti vienoje vietoje. Erdv\u0117 ir organizuotumas: viduje yra daug erdv\u0117s, kuri\u0105 galima pritaikyti pagal j\u016bs\u0173 poreikius. Drabu\u017eiams pakabinti galite naudoti pakabos b\u0117gel\u012f, o re\u010diau naudojamiems daiktams \u2013 auk\u0161t\u0105 lentyn\u0105. Taip pat galite pritaikyti spintos vid\u0173 naudodami keturi\u0173 lentyn\u0173 komplekt\u0105, kad dar geriau organizuotum\u0117te daiktus. Naudojimo patogumas: \u201eGent\u201c spinta garantuoja i\u0161skirtin\u012f komfort\u0105 d\u0117l firmini\u0173 vyri\u0173 su \u0161velnaus u\u017edarymo sistema. Tai leid\u017eia spintos durims atsidaryti ir u\u017esidaryti skland\u017eiai ir tyliai. Modernus dizainas: baldai yra \u0161iltos \u201eStirling Oak\u201c spalvos, su matomu medienos ra\u0161tu ir lytima tikros medienos tekst\u016bra. Paprasta forma ir modernus charakteris sukuria unikal\u0173 interjer\u0105. I\u0161ple\u010diamumas: \u201eGent\u201c kolekcijoje si\u016blomas platus bald\u0173 asortimentas, kuriuos galima mai\u0161yti ir derinti, kad j\u016bs\u0173 namuose ar bute b\u016bt\u0173 sukurtas darnus interjero dizainas. \u201eGent\u201c spinta yra ne tik prakti\u0161kas daikt\u0173 laikymo sprendimas, bet ir dizaino elementas, suteikiantis bet kuriai erdvei stiliaus ir charakterio.<\/p>\n<p>Prek\u0117s kodas S228-SZF2D\/20\/10-DAST Simbolis ZM EAN Plotis 98 cm Gylis 56 cm Auk\u0161tis 201 cm Kolekcija Gent Spalva stirling \u0105\u017euolas Atspalvis tamsi mediena Stilius modernus Dur\u0173 skai\u010dius 2 dur\u0173 Stal\u010di\u0173 skai\u010dius be stal\u010di\u0173 Rankena su rankenomis Gamintojas Juoda Raudona Balta Baldo tipas Spintos PVM 23% EAN 5906123923118<\/p>","protected":false},"excerpt":{"rendered":"<p>\u201eGent\u201c dviej\u0173 dur\u0173 spinta \u2013 prakti\u0161kos daikt\u0173 laikymo funkcijos: \u0161i spinta puikiai tinka ne tik miegamajam, bet ir drabu\u017einei, kurioje galite laikyti vis\u0105 savo garderob\u0105 vienoje vietoje. Erdv\u0117 ir organizavimas: viduje yra daug erdv\u0117s, kuri\u0105 galima pritaikyti pagal j\u016bs\u0173 poreikius. Galite naudoti pakabinimo b\u0117gel\u012f [\u2026]<\/p>","protected":false},"featured_media":266094,"comment_status":"open","ping_status":"open","template":"","meta":[],"product_brand":[],"product_cat":[9200,1177],"product_tag":[],"class_list":{"0":"post-266093","1":"product","2":"type-product","3":"status-publish","4":"has-post-thumbnail","6":"product_cat-black-red-white","7":"product_cat-wardrobes","9":"first","10":"instock","11":"purchasable","12":"product-type-simple"},"_links":{"self":[{"href":"https:\/\/baldumarket.lt\/lt\/wp-json\/wp\/v2\/product\/266093","targetHints":{"allow":["GET"]}}],"collection":[{"href":"https:\/\/baldumarket.lt\/lt\/wp-json\/wp\/v2\/product"}],"about":[{"href":"https:\/\/baldumarket.lt\/lt\/wp-json\/wp\/v2\/types\/product"}],"replies":[{"embeddable":true,"href":"https:\/\/baldumarket.lt\/lt\/wp-json\/wp\/v2\/comments?post=266093"}],"wp:featuredmedia":[{"embeddable":true,"href":"https:\/\/baldumarket.lt\/lt\/wp-json\/wp\/v2\/media\/266094"}],"wp:attachment":[{"href":"https:\/\/baldumarket.lt\/lt\/wp-json\/wp\/v2\/media?parent=266093"}],"wp:term":[{"taxonomy":"product_brand","embeddable":true,"href":"https:\/\/baldumarket.lt\/lt\/wp-json\/wp\/v2\/product_brand?post=266093"},{"taxonomy":"product_cat","embeddable":true,"href":"https:\/\/baldumarket.lt\/lt\/wp-json\/wp\/v2\/product_cat?post=266093"},{"taxonomy":"product_tag","embeddable":true,"href":"https:\/\/baldumarket.lt\/lt\/wp-json\/wp\/v2\/product_tag?post=266093"}],"curies":[{"name":"wp","href":"https:\/\/api.w.org\/{rel}","templated":true}]}}