{"id":266090,"date":"2026-01-14T00:18:56","date_gmt":"2026-01-13T21:18:56","guid":{"rendered":"https:\/\/baldumarket.lt\/product\/szafa-dwudrzwiowa-flex-75-cm-bialy\/"},"modified":"2026-02-11T18:18:29","modified_gmt":"2026-02-11T15:18:29","slug":"szafa-dwudrzwiowa-flex-75-cm-bialy","status":"publish","type":"product","link":"https:\/\/baldumarket.lt\/lt\/product\/szafa-dwudrzwiowa-flex-75-cm-bialy\/","title":{"rendered":"FLEX dviej\u0173 dur\u0173 spinta 75 cm balta"},"content":{"rendered":"<p>\u201eFlex\u201c spinta \u2013 sutvarkykite savo erdv\u0119. Jei svajojate apie prakti\u0161k\u0105 dviej\u0173 dur\u0173 spint\u0105 savo miegamajam, darbo kambariui ar persirengimo kambariui, kurioje ne tik tilpt\u0173 viskas, ko jums reikia, bet ir b\u016bt\u0173 eleganti\u0161ka bei esteti\u0161ka, \u201eFlex\u201c modelis pateisins j\u016bs\u0173 l\u016bkes\u010dius. \u0160i 75 x 240 x 66 cm dyd\u017eio spinta si\u016blo daug vietos daiktams susid\u0117ti, neu\u017eimdama per daug vertingos vietos. Tiek spintos r\u0117mai, tiek fasadai yra baltos spalvos, o esteti\u0161kos ir patvarios rankenos leid\u017eia lengvai pasiekti turin\u012f. \u0160is sprendimas puikiai papildys modern\u0173 interjer\u0105, sukurdamas mading\u0105 ir darn\u0173 dizain\u0105. \u201eFlex\u201c spintos vidus yra kruop\u0161\u010diai suskirstytas, tod\u0117l lengva sutvarkyti drabu\u017eius. Erdv\u0117 su pakaba pakabinti idealiai tinka striuk\u0117ms, mar\u0161kiniams, \u0161varkams ir palaidin\u0117ms, tod\u0117l galite greitai i\u0161sirinkti tinkam\u0105 aprang\u0105 \u012fvairioms progoms. Vir\u0161utin\u0117je spintos dalyje yra dvi ilgos, gilios lentynos, kurias galite i\u0161d\u0117styti kaip norite. Tai puiki vieta laikyti patalyn\u0119, rank\u0161luos\u010dius, rankines ar kuprines. Spintos vidus ir aksesuarai aptraukti prakti\u0161ka pilka drobe, suteikian\u010dia elegancijos bendram dizainui. \u0160is baldas puikiai tinka ma\u017eoms erdv\u0117ms, tokioms kaip studijos tipo butas, darbo kambarys ar pal\u0117p\u0117, nes suteikia ne tik tvarkos, bet ir estetinio patrauklumo. \u012egysite funkcionali\u0105 ir stiling\u0105 erdv\u0119, kurioje tvarka yra tokia pat svarbi kaip ir dizainas.<\/p>\n<p>Prek\u0117s kodas F57-SZAFA_ZESTAW_124-BI Simbolis ZM EAN Plotis 75 cm Gylis 66 cm Auk\u0161tis 240 cm Kolekcija \u201eFlex\u201c Spalva balta Atspalvis baltas Stilius modernus Med\u017eiaga laminatas Dur\u0173 skai\u010dius 2 dur\u0173 Rankena su ranken\u0117l\u0117mis Ap\u0161vietimas pasirenkamas Gamintojas Juoda Raudona Balta Baldo tipas Spintos PVM mokestis 23% EAN 5906123847629<\/p>","protected":false},"excerpt":{"rendered":"<p>\u201eFlex\u201c spinta \u2013 sutvarkykite savo erdv\u0119. Jei svajojate apie prakti\u0161k\u0105 dviej\u0173 dur\u0173 spint\u0105 savo miegamajam, darbo kambariui ar persirengimo kambariui, kurioje ne tik tilpt\u0173 viskas, ko jums reikia, bet ir b\u016bt\u0173 eleganti\u0161ka bei esteti\u0161ka, \u201eFlex\u201c modelis pateisins j\u016bs\u0173 l\u016bkes\u010dius. \u0160i 75 x 240 x 66 cm dyd\u017eio spinta si\u016blo daug vietos daiktams susid\u0117ti neu\u017eimanti [\u2026]<\/p>","protected":false},"featured_media":266091,"comment_status":"open","ping_status":"open","template":"","meta":[],"product_brand":[],"product_cat":[9200,1177],"product_tag":[],"class_list":{"0":"post-266090","1":"product","2":"type-product","3":"status-publish","4":"has-post-thumbnail","6":"product_cat-black-red-white","7":"product_cat-wardrobes","9":"first","10":"instock","11":"purchasable","12":"product-type-simple"},"_links":{"self":[{"href":"https:\/\/baldumarket.lt\/lt\/wp-json\/wp\/v2\/product\/266090","targetHints":{"allow":["GET"]}}],"collection":[{"href":"https:\/\/baldumarket.lt\/lt\/wp-json\/wp\/v2\/product"}],"about":[{"href":"https:\/\/baldumarket.lt\/lt\/wp-json\/wp\/v2\/types\/product"}],"replies":[{"embeddable":true,"href":"https:\/\/baldumarket.lt\/lt\/wp-json\/wp\/v2\/comments?post=266090"}],"wp:featuredmedia":[{"embeddable":true,"href":"https:\/\/baldumarket.lt\/lt\/wp-json\/wp\/v2\/media\/266091"}],"wp:attachment":[{"href":"https:\/\/baldumarket.lt\/lt\/wp-json\/wp\/v2\/media?parent=266090"}],"wp:term":[{"taxonomy":"product_brand","embeddable":true,"href":"https:\/\/baldumarket.lt\/lt\/wp-json\/wp\/v2\/product_brand?post=266090"},{"taxonomy":"product_cat","embeddable":true,"href":"https:\/\/baldumarket.lt\/lt\/wp-json\/wp\/v2\/product_cat?post=266090"},{"taxonomy":"product_tag","embeddable":true,"href":"https:\/\/baldumarket.lt\/lt\/wp-json\/wp\/v2\/product_tag?post=266090"}],"curies":[{"name":"wp","href":"https:\/\/api.w.org\/{rel}","templated":true}]}}