{"id":266087,"date":"2026-01-14T00:18:53","date_gmt":"2026-01-13T21:18:53","guid":{"rendered":"https:\/\/baldumarket.lt\/product\/szafa-dwudrzwiowa-flex-100-cm-grafit-dab-wotan\/"},"modified":"2026-02-11T18:18:29","modified_gmt":"2026-02-11T15:18:29","slug":"szafa-dwudrzwiowa-flex-100-cm-grafit-dab-wotan","status":"publish","type":"product","link":"https:\/\/baldumarket.lt\/lt\/product\/szafa-dwudrzwiowa-flex-100-cm-grafit-dab-wotan\/","title":{"rendered":"FLEX dviej\u0173 dur\u0173 spinta 100 cm grafito spalvos\/wotan \u0105\u017euolo spalvos"},"content":{"rendered":"<p>\u201eFlex\u201c spinta \u2013 prakti\u0161kas sprendimas bet kokiam interjerui. \u201eFlex\u201c spinta yra ne tik prakti\u0161kas sprendimas drabu\u017eiams laikyti, bet ir stilingas elementas, suteikiantis bet kokiam interjerui modernumo ir elegancijos. Dviej\u0173 dur\u0173 dizainas, kurio matmenys \u2013 100 x 240 x 66 cm, puikiai tinka \u012fvairiems kambariams \u2013 nuo miegamojo iki prie\u0161kambario ar darbo kambario. \u201eFlex\u201c spintos dizain\u0105 pasi\u017eymi harmoningu grafito spalvos r\u0117m\u0173 ir \u201eWotan Oak\u201c spalvos fasad\u0173 deriniu. \u0160is derinys ne tik atlieka praktin\u0119 funkcij\u0105, bet ir suteikia baldams patraukli\u0105 i\u0161vaizd\u0105. Spintos vidus apdailintas prakti\u0161ka pilka drobe, suteikian\u010dia estetinio patrauklumo ir elegancijos. Minimalistin\u0117s groteli\u0173 formos rankenos puikiai papildo modern\u0173 baldo charakter\u012f. \u201eFlex\u201c spinta si\u016blo daugyb\u0119 daikt\u0173 laikymo sprendim\u0173, kurie derina patogum\u0105 ir funkcionalum\u0105. Trys stal\u010diai, sumontuoti ant \u0161velniai u\u017esidaran\u010di\u0173, visi\u0161kai i\u0161traukiam\u0173 b\u0117geli\u0173, idealiai tinka laikyti ma\u017eesnius daiktus, tokius kaip apatiniai drabu\u017eiai, kojin\u0117s ar aksesuarai. Du b\u0117geliai leid\u017eia pakabinti vir\u0161utinius drabu\u017eius, mar\u0161kinius, striukes ar \u0161varkus, taip i\u0161vengiant rauk\u0161li\u0173 ir palengvinant drabu\u017ei\u0173 organizavim\u0105. Septynios erdvios lentynos suteikia puiki\u0105 viet\u0105 sulankstytiems drabu\u017eiams, patalynei ar rank\u0161luos\u010diams. D\u0117l savo matmen\u0173 spinta telpa net ir ma\u017eose erdv\u0117se, tod\u0117l tai universalus baldas, tinkantis \u012fvairiems interjerams. Pasirinkus \u201eFlex\u201c spint\u0105, ne tik patogu laikyti daiktus, bet ir suteikiama stilinga detal\u0117 j\u016bs\u0173 erdvei. Tai puikus funkcionalumo ir estetikos derinys, kuris sustiprins miegamojo, darbo kambario ar biuro modern\u0173 charakter\u012f.<\/p>\n<p>Prek\u0117s kodas F57-SZAFA_ZESTAW_135-GF\/DWO Simbolis ZM EAN Plotis 100 cm Gylis 66 cm Auk\u0161tis 240 cm Kolekcija \u201eFlex\u201c Spalva grafito\/wotano \u0105\u017euolo atspalvis tamsi mediena Stilius modernus Med\u017eiaga laminatas Dureli\u0173 skai\u010dius 2 dur\u0173 Stal\u010di\u0173 skai\u010dius 3 stal\u010diai Rankena su ranken\u0117l\u0117mis Ap\u0161vietimas pasirenkamas Gamintojas Juoda Raudona Balta Baldo tipas Spintos PVM mokestis 23% EAN 5906123847773<\/p>","protected":false},"excerpt":{"rendered":"<p>\u201eFlex\u201c spinta \u2013 prakti\u0161kas sprendimas bet kokiam interjerui. \u201eFlex\u201c spinta yra ne tik prakti\u0161kas sprendimas drabu\u017eiams laikyti, bet ir stilingas elementas, suteikiantis bet kokiam interjerui modernumo ir elegancijos. Dviej\u0173 dur\u0173 dizainas, kurio matmenys \u2013 100 x 240 x 66 cm, puikiai tinka \u012fvairiems kambariams, pradedant [\u2026]<\/p>","protected":false},"featured_media":266088,"comment_status":"open","ping_status":"open","template":"","meta":[],"product_brand":[],"product_cat":[9200,1177],"product_tag":[],"class_list":{"0":"post-266087","1":"product","2":"type-product","3":"status-publish","4":"has-post-thumbnail","6":"product_cat-black-red-white","7":"product_cat-wardrobes","9":"first","10":"instock","11":"purchasable","12":"product-type-simple"},"_links":{"self":[{"href":"https:\/\/baldumarket.lt\/lt\/wp-json\/wp\/v2\/product\/266087","targetHints":{"allow":["GET"]}}],"collection":[{"href":"https:\/\/baldumarket.lt\/lt\/wp-json\/wp\/v2\/product"}],"about":[{"href":"https:\/\/baldumarket.lt\/lt\/wp-json\/wp\/v2\/types\/product"}],"replies":[{"embeddable":true,"href":"https:\/\/baldumarket.lt\/lt\/wp-json\/wp\/v2\/comments?post=266087"}],"wp:featuredmedia":[{"embeddable":true,"href":"https:\/\/baldumarket.lt\/lt\/wp-json\/wp\/v2\/media\/266088"}],"wp:attachment":[{"href":"https:\/\/baldumarket.lt\/lt\/wp-json\/wp\/v2\/media?parent=266087"}],"wp:term":[{"taxonomy":"product_brand","embeddable":true,"href":"https:\/\/baldumarket.lt\/lt\/wp-json\/wp\/v2\/product_brand?post=266087"},{"taxonomy":"product_cat","embeddable":true,"href":"https:\/\/baldumarket.lt\/lt\/wp-json\/wp\/v2\/product_cat?post=266087"},{"taxonomy":"product_tag","embeddable":true,"href":"https:\/\/baldumarket.lt\/lt\/wp-json\/wp\/v2\/product_tag?post=266087"}],"curies":[{"name":"wp","href":"https:\/\/api.w.org\/{rel}","templated":true}]}}