{"id":266084,"date":"2026-01-14T00:18:51","date_gmt":"2026-01-13T21:18:51","guid":{"rendered":"https:\/\/baldumarket.lt\/product\/szafa-dwudrzwiowa-flex-100-cm-grafit-2\/"},"modified":"2026-02-11T18:18:29","modified_gmt":"2026-02-11T15:18:29","slug":"szafa-dwudrzwiowa-flex-100-cm-grafit-2","status":"publish","type":"product","link":"https:\/\/baldumarket.lt\/lt\/product\/szafa-dwudrzwiowa-flex-100-cm-grafit-2\/","title":{"rendered":"FLEX dviej\u0173 dur\u0173 spinta 100 cm grafito spalvos"},"content":{"rendered":"<p>\u201eFlex\u201c spinta \u2013 organizavimo meistras. Kiekvienas, vertinantis tvark\u0105, \u012fvertins \u201eFlex\u201c spintos teikiamas galimybes. \u0160is baldas ne tik sutalpins vis\u0105 j\u016bs\u0173 spint\u0105, bet ir pavers tvarkos palaikym\u0105 tikru malonumu. Pradedant nuo prakti\u0161ko vidinio i\u0161d\u0117stymo, \u0161i spinta si\u016blo 7 lentynas, 3 stal\u010dius ir 2 pakabos. Tai suteikia puiki\u0105 viet\u0105 visiems j\u016bs\u0173 drabu\u017eiams, batams ir aksesuarams. Ypa\u010d naudingi yra pilno i\u0161traukimo stal\u010diai su \u0161velnaus u\u017edarymo funkcija, u\u017etikrinantys patog\u0173 ir be r\u016bpes\u010di\u0173 naudojim\u0105. Taip pat verta d\u0117mesio \u201eFlex\u201c spintos dizainas. Auk\u0161ta, dviej\u0173 dureli\u0173 konstrukcija, kurios matmenys \u2013 100 x 240 x 66 cm, suteikia kambariui eleganti\u0161k\u0105 charakter\u012f. Grafito spalva suteikia i\u0161skirtinumo, o \u012fr\u0117minti fasadai ir juodos rankenos \u2013 subtilius dekoratyvinius elementus. D\u0117l spintos universalumo ji puikiai tinka \u012fvairiems interjero stiliams, pavyzd\u017eiui, skandinavi\u0161kam, loftiniam ar net vinta\u017einiam. Grafito spalva puikiai dera su nat\u016bralia mediena ir ry\u0161kiomis sien\u0173 spalvomis. Pilkas lininis spintos vidus suteikia neutral\u0173 fon\u0105 j\u016bs\u0173 drabu\u017eiams, tod\u0117l jie tampa dar labiau matomi. Su \u201eFlex\u201c spinta erdv\u0117s organizavimas tampa menu!<\/p>\n<p>Prek\u0117s kodas F57-SZAFA_ZESTAW_111-GF Simbolis ZM EAN Plotis 100 cm Gylis 66 cm Auk\u0161tis 240 cm Kolekcija \u201eFlex\u201c Spalva grafito Atspalvis pilkas Stilius modernus Med\u017eiaga laminatas Dureli\u0173 skai\u010dius 2 dur\u0173 Stal\u010di\u0173 skai\u010dius 3 stal\u010diai Rankena su ranken\u0117l\u0117mis Ap\u0161vietimas pasirenkamas Gamintojas Juoda Raudona Balta Baldo tipas Spintos PVM mokestis 23% EAN 5906123847469<\/p>","protected":false},"excerpt":{"rendered":"<p>\u201eFlex\u201c spinta \u2013 organizavimo meistras. Kiekvienas, vertinantis tvark\u0105, \u012fvertins \u201eFlex\u201c spintos teikiamas galimybes. \u0160is baldas ne tik sutalpins vis\u0105 j\u016bs\u0173 garderob\u0105, bet ir pavers tvarkos palaikym\u0105 tikru malonumu. Pradedant prakti\u0161ku vidiniu i\u0161d\u0117stymu, \u0161i spinta turi 7 lentynas, 3 stal\u010dius ir [\u2026]<\/p>","protected":false},"featured_media":266085,"comment_status":"open","ping_status":"open","template":"","meta":[],"product_brand":[],"product_cat":[9200,1177],"product_tag":[],"class_list":{"0":"post-266084","1":"product","2":"type-product","3":"status-publish","4":"has-post-thumbnail","6":"product_cat-black-red-white","7":"product_cat-wardrobes","9":"first","10":"instock","11":"purchasable","12":"product-type-simple"},"_links":{"self":[{"href":"https:\/\/baldumarket.lt\/lt\/wp-json\/wp\/v2\/product\/266084","targetHints":{"allow":["GET"]}}],"collection":[{"href":"https:\/\/baldumarket.lt\/lt\/wp-json\/wp\/v2\/product"}],"about":[{"href":"https:\/\/baldumarket.lt\/lt\/wp-json\/wp\/v2\/types\/product"}],"replies":[{"embeddable":true,"href":"https:\/\/baldumarket.lt\/lt\/wp-json\/wp\/v2\/comments?post=266084"}],"wp:featuredmedia":[{"embeddable":true,"href":"https:\/\/baldumarket.lt\/lt\/wp-json\/wp\/v2\/media\/266085"}],"wp:attachment":[{"href":"https:\/\/baldumarket.lt\/lt\/wp-json\/wp\/v2\/media?parent=266084"}],"wp:term":[{"taxonomy":"product_brand","embeddable":true,"href":"https:\/\/baldumarket.lt\/lt\/wp-json\/wp\/v2\/product_brand?post=266084"},{"taxonomy":"product_cat","embeddable":true,"href":"https:\/\/baldumarket.lt\/lt\/wp-json\/wp\/v2\/product_cat?post=266084"},{"taxonomy":"product_tag","embeddable":true,"href":"https:\/\/baldumarket.lt\/lt\/wp-json\/wp\/v2\/product_tag?post=266084"}],"curies":[{"name":"wp","href":"https:\/\/api.w.org\/{rel}","templated":true}]}}