{"id":266081,"date":"2026-01-14T00:18:49","date_gmt":"2026-01-13T21:18:49","guid":{"rendered":"https:\/\/baldumarket.lt\/product\/szafa-dwudrzwiowa-flex-100-cm-grafit\/"},"modified":"2026-02-11T18:18:29","modified_gmt":"2026-02-11T15:18:29","slug":"szafa-dwudrzwiowa-flex-100-cm-grafit","status":"publish","type":"product","link":"https:\/\/baldumarket.lt\/lt\/product\/szafa-dwudrzwiowa-flex-100-cm-grafit\/","title":{"rendered":"FLEX dviej\u0173 dur\u0173 spinta 100 cm grafito spalvos"},"content":{"rendered":"<p>\u201eFlex\u201c spinta \u2013 organizavimo princes\u0117. Jei svajojate apie tvarkos karalyst\u0119, \u201eFlex\u201c spinta gali b\u016bti j\u016bs\u0173 patikimas s\u0105jungininkas. Tai daugiafunkcin\u0117 karalyst\u0117 j\u016bs\u0173 drabu\u017eiams, aksesuarams ir viskam, ko reikia laikyti. Spintos matmenys (100 x 218 x 66 cm) paver\u010dia j\u0105 puikiu baldu ma\u017eoms erdv\u0117ms, tokioms kaip miegamasis, prie\u0161kambaris ar paauglio kambarys. Viduje rasite 5 lentynas, 3 stal\u010dius ir 2 pakabos \u2013 visk\u0105, ko reikia, kad j\u016bs\u0173 spinta b\u016bt\u0173 tvarkinga. Spintoje yra pilno i\u0161traukimo stal\u010diai su \u0161velnaus u\u017edarymo funkcija, tod\u0117l naudotis ja \u2013 tikras malonumas. Ta\u010diau \u201eFlex\u201c spint\u0105 i\u0161skirtinumu daro ne tik funkcionalumas. Vertas pripa\u017einimo ir jos dizainas. Grafito spalva suteikia spintai moderni\u0105 ir eleganti\u0161k\u0105 i\u0161vaizd\u0105, o \u012fr\u0117minti fasadai ir juodos rankenos \u2013 unikal\u0173 charakter\u012f. \u201eFlex\u201c spinta \u2013 tai daugiau nei tiesiog baldas. Tai pagalbininkas, palengvinantis kasdien\u012f gyvenim\u0105 ir leid\u017eiantis lengvai bei maloniai palaikyti tvark\u0105 drabu\u017ei\u0173 karalyst\u0117je.<\/p>\n<p>Prek\u0117s kodas F57-SZAFA_ZESTAW_112-GF Simbolis ZM EAN Plotis 100 cm Gylis 66 cm Auk\u0161tis 218 cm Kolekcija \u201eFlex\u201c Spalva grafito Atspalvis pilkas Stilius modernus Med\u017eiaga laminatas Dureli\u0173 skai\u010dius 2 dur\u0173 Stal\u010di\u0173 skai\u010dius 3 stal\u010diai Rankena su ranken\u0117l\u0117mis Ap\u0161vietimas pasirenkamas Gamintojas Juoda Raudona Balta Baldo tipas Spintos PVM mokestis 23% EAN 5906123847476<\/p>","protected":false},"excerpt":{"rendered":"<p>\u201eFlex\u201c spinta \u2013 tvarkos princes\u0117. Jei svajojate apie tvarkos karalyst\u0119, \u201eFlex\u201c spinta gali b\u016bti j\u016bs\u0173 patikimas s\u0105jungininkas. Tai daugiafunkcin\u0117 karalyst\u0117 j\u016bs\u0173 drabu\u017eiams, aksesuarams ir viskam, ko jums reikia laikyti. Spintos matmenys (100 x 218 x 66 cm) paver\u010dia j\u0105 puikiu baldu [\u2026]<\/p>","protected":false},"featured_media":266082,"comment_status":"open","ping_status":"open","template":"","meta":[],"product_brand":[],"product_cat":[9200,1177],"product_tag":[],"class_list":{"0":"post-266081","1":"product","2":"type-product","3":"status-publish","4":"has-post-thumbnail","6":"product_cat-black-red-white","7":"product_cat-wardrobes","9":"first","10":"instock","11":"purchasable","12":"product-type-simple"},"_links":{"self":[{"href":"https:\/\/baldumarket.lt\/lt\/wp-json\/wp\/v2\/product\/266081","targetHints":{"allow":["GET"]}}],"collection":[{"href":"https:\/\/baldumarket.lt\/lt\/wp-json\/wp\/v2\/product"}],"about":[{"href":"https:\/\/baldumarket.lt\/lt\/wp-json\/wp\/v2\/types\/product"}],"replies":[{"embeddable":true,"href":"https:\/\/baldumarket.lt\/lt\/wp-json\/wp\/v2\/comments?post=266081"}],"wp:featuredmedia":[{"embeddable":true,"href":"https:\/\/baldumarket.lt\/lt\/wp-json\/wp\/v2\/media\/266082"}],"wp:attachment":[{"href":"https:\/\/baldumarket.lt\/lt\/wp-json\/wp\/v2\/media?parent=266081"}],"wp:term":[{"taxonomy":"product_brand","embeddable":true,"href":"https:\/\/baldumarket.lt\/lt\/wp-json\/wp\/v2\/product_brand?post=266081"},{"taxonomy":"product_cat","embeddable":true,"href":"https:\/\/baldumarket.lt\/lt\/wp-json\/wp\/v2\/product_cat?post=266081"},{"taxonomy":"product_tag","embeddable":true,"href":"https:\/\/baldumarket.lt\/lt\/wp-json\/wp\/v2\/product_tag?post=266081"}],"curies":[{"name":"wp","href":"https:\/\/api.w.org\/{rel}","templated":true}]}}