{"id":266073,"date":"2026-01-14T00:18:37","date_gmt":"2026-01-13T21:18:37","guid":{"rendered":"https:\/\/baldumarket.lt\/product\/szafa-dwudrzwiowa-flex-100-cm-dab-sonoma-bialy-polysk\/"},"modified":"2026-02-11T18:18:29","modified_gmt":"2026-02-11T15:18:29","slug":"szafa-dwudrzwiowa-flex-100-cm-dab-sonoma-bialy-polysk","status":"publish","type":"product","link":"https:\/\/baldumarket.lt\/lt\/product\/szafa-dwudrzwiowa-flex-100-cm-dab-sonoma-bialy-polysk\/","title":{"rendered":"FLEX dviej\u0173 dur\u0173 spinta 100 cm, Sonoma \u0105\u017euolas\/balta blizgi spalva"},"content":{"rendered":"<p>\u201eFlex\u201c spinta \u2013 prakti\u0161kas sprendimas daikt\u0173 laikymui. \u0160i spinta bet kokiam interjerui suteiks modernumo ir jaukumo. \u0160viesios spalvos, ypa\u010d \u201eSonoma Oak\u201c ir blizgi balta, suteikia kambariui lengvumo poj\u016bt\u012f ir vizualiai i\u0161ple\u010dia erdv\u0119. Tinkamas spalv\u0173 ir med\u017eiag\u0173 pasirinkimas yra b\u016btinas norint sukurti \u0161ilt\u0105 ir jauki\u0105 atmosfer\u0105 interjere. \u0160vies\u016bs atspalviai, tokie kaip \u0105\u017euolas ir balta, puikiai tinka \u0161iam tikslui, atspind\u0117dami \u0161vies\u0105 ir suteikdami kambariui gaivumo. \u201eFlex\u201c spintos atveju blizgios baltos spalvos fasadai suteikia elegancijos ir modernumo. Pilkas lininis spintos vidus yra prakti\u0161kas sprendimas, nes drabu\u017eiai ir aksesuarai yra lengvai pasiekiami, ta\u010diau pasl\u0117pti. \u0160i pilka spalva suteikia neutral\u0173 fon\u0105 \u012fvairiems spintos daiktams, kuriuos galima laikyti ant trij\u0173 pakabinam\u0173 b\u0117geli\u0173 ir daugyb\u0117s lentyn\u0173. D\u0117l kompakti\u0161ko \u201eFlex\u201c spintos dyd\u017eio net ir ribotos erdv\u0117s kambarius galima funkcionaliai ir stilingai apstatyti. \u201eFlex\u201c kolekcijos moduli\u0161kumas leid\u017eia pritaikyti baldus individualiems poreikiams, tod\u0117l tai idealus sprendimas \u012fvairiems interjerams. Trumpai tariant, \u201eFlex\u201c spinta ne tik suteikia prakti\u0161kos vietos daiktams laikyti, bet ir suteikia bet kokiam interjerui \u0161ilumos, modernumo ir funkcionalumo. Jo dizainas ir spalv\u0173 gama puikiai tinka tiems, kurie nori sukurti jauki\u0105 atmosfer\u0105 savo namuose.<\/p>\n<p>Prek\u0117s kodas F57-SZAFA_ZESTAW_12-DSO\/BLP Simbolis ZM EAN Plotis 100 cm Gylis 66 cm Auk\u0161tis 240 cm Kolekcija \u201eFlex\u201c Spalva sonoma \u0105\u017euolas\/balta blizgi (laminatas) Gaubtas \u0161viesi mediena Stilius modernus Med\u017eiaga laminatas Dur\u0173 skai\u010dius 2 dur\u0173 Rankena su ranken\u0117l\u0117mis Ap\u0161vietimas pasirenkamas Gamintojas Juoda Raudona Balta Baldo tipas Spintos PVM 23% EAN 5906123847704<\/p>","protected":false},"excerpt":{"rendered":"<p>\u201eFlex\u201c spinta \u2013 prakti\u0161kas sprendimas daiktams laikyti. \u0160i spinta bet kokiam interjerui suteiks modernumo ir jaukumo. \u0160viesios spalvos, ypa\u010d \u201eSonoma Oak\u201c ir \u201eGloss White\u201c, suteikia kambariui \u0161viesumo poj\u016bt\u012f ir vizualiai i\u0161ple\u010dia erdv\u0119. Tinkamas spalv\u0173 ir med\u017eiag\u0173 pasirinkimas yra b\u016btinas norint sukurti \u0161ilt\u0105 ir [\u2026]<\/p>","protected":false},"featured_media":266074,"comment_status":"open","ping_status":"open","template":"","meta":[],"product_brand":[],"product_cat":[9200,1177],"product_tag":[],"class_list":{"0":"post-266073","1":"product","2":"type-product","3":"status-publish","4":"has-post-thumbnail","6":"product_cat-black-red-white","7":"product_cat-wardrobes","9":"first","10":"instock","11":"purchasable","12":"product-type-simple"},"_links":{"self":[{"href":"https:\/\/baldumarket.lt\/lt\/wp-json\/wp\/v2\/product\/266073","targetHints":{"allow":["GET"]}}],"collection":[{"href":"https:\/\/baldumarket.lt\/lt\/wp-json\/wp\/v2\/product"}],"about":[{"href":"https:\/\/baldumarket.lt\/lt\/wp-json\/wp\/v2\/types\/product"}],"replies":[{"embeddable":true,"href":"https:\/\/baldumarket.lt\/lt\/wp-json\/wp\/v2\/comments?post=266073"}],"wp:featuredmedia":[{"embeddable":true,"href":"https:\/\/baldumarket.lt\/lt\/wp-json\/wp\/v2\/media\/266074"}],"wp:attachment":[{"href":"https:\/\/baldumarket.lt\/lt\/wp-json\/wp\/v2\/media?parent=266073"}],"wp:term":[{"taxonomy":"product_brand","embeddable":true,"href":"https:\/\/baldumarket.lt\/lt\/wp-json\/wp\/v2\/product_brand?post=266073"},{"taxonomy":"product_cat","embeddable":true,"href":"https:\/\/baldumarket.lt\/lt\/wp-json\/wp\/v2\/product_cat?post=266073"},{"taxonomy":"product_tag","embeddable":true,"href":"https:\/\/baldumarket.lt\/lt\/wp-json\/wp\/v2\/product_tag?post=266073"}],"curies":[{"name":"wp","href":"https:\/\/api.w.org\/{rel}","templated":true}]}}