{"id":266070,"date":"2026-01-14T00:18:35","date_gmt":"2026-01-13T21:18:35","guid":{"rendered":"https:\/\/baldumarket.lt\/product\/szafa-dwudrzwiowa-flex-100-cm-bialy-grafit\/"},"modified":"2026-02-11T18:18:29","modified_gmt":"2026-02-11T15:18:29","slug":"szafa-dwudrzwiowa-flex-100-cm-bialy-grafit","status":"publish","type":"product","link":"https:\/\/baldumarket.lt\/lt\/product\/szafa-dwudrzwiowa-flex-100-cm-bialy-grafit\/","title":{"rendered":"FLEX dviej\u0173 dur\u0173 spinta 100 cm balta\/grafito spalvos"},"content":{"rendered":"<p>\u201cFlex\u201d spinta \u2013 modernumas ir stilius j\u016bs\u0173 interjere. \u201eFlex\u201c spinta yra tikras perlas tiems, kurie vadovaujasi principu \u201ema\u017eiau yra daugiau\u201c. Paprastas, minimalistinis dizainas kartu su funkcionalumu paver\u010dia j\u0105 nepakei\u010diamu elementu daugelyje kambari\u0173. Dviej\u0173 dur\u0173 spintos konstrukcija su baltu korpusu ir grafito priekiniais r\u0117mais suteikia interjerui eleganti\u0161k\u0105 ir \u0161var\u0173 poj\u016bt\u012f. Subtilios, bet patvarios smailios ranken\u0117l\u0117s puikiai papildo bendr\u0105 dizain\u0105. Pilkas lininis vidus suteikia prakti\u0161kumo, sukurdamas neutral\u0173 fon\u0105 laikomiems daiktams. \u201eFlex\u201c spinta buvo sukurta galvojant apie \u012fvairius kambarius \u2013 nuo prie\u0161kambario iki miegamojo ar persirengimo kambario. Du b\u0117geliai leid\u017eia patogiai pakabinti mar\u0161kinius, striukes ar vir\u0161utinius drabu\u017eius be rizikos, kad jie susiglam\u017eys. Septynios erdvios lentynos suteikia puiki\u0105 viet\u0105 drabu\u017eiams ir kitiems smulkiems daiktams laikyti. Trys stal\u010diai apa\u010dioje su \u0161velnaus u\u017edarymo mechanizmu ir pilnu i\u0161traukimu suteikia prakti\u0161k\u0105 viet\u0105 apatiniams, kojin\u0117ms ir kitiems smulkiems daiktams laikyti. \u201eFlex\u201c spinta puikiai derina moderni\u0105 estetik\u0105 ir funkcionalum\u0105. Kompakti\u0161ki matmenys leid\u017eia j\u0105 naudoti net ir ribotos erdv\u0117s kambariuose, tuo pa\u010diu u\u017etikrinant daug vietos daiktams laikyti. \u0160is unikalus baldas ne tik atlieka praktin\u0119 funkcij\u0105, bet ir suteikia bet kokiam interjerui gaivumo bei erdvumo poj\u016bt\u012f.<\/p>\n<p>Prek\u0117s kodas F57-SZAFA_ZESTAW_130-BI\/GF Simbolis ZM EAN Plotis 100 cm Gylis 66 cm Auk\u0161tis 240 cm Kolekcija \u201eFlex\u201c Spalva balta\/grafito pilka Atspalvis Stilius modernus Med\u017eiaga laminatas Dureli\u0173 skai\u010dius 2 dur\u0173 Stal\u010di\u0173 skai\u010dius 3 stal\u010diai Rankena su ranken\u0117l\u0117mis Ap\u0161vietimas pasirenkamas Gamintojas Juoda Raudona Balta Baldo tipas Spintos PVM mokestis 23% EAN 5906123847711<\/p>","protected":false},"excerpt":{"rendered":"<p>\u201cFlex\u201d spinta \u2013 modernumas ir stilius j\u016bs\u0173 interjere. \u201eFlex\u201c spinta yra tikras perlas tiems, kurie vadovaujasi principu \u201ema\u017eiau yra daugiau\u201c. Paprastas, minimalistinis dizainas kartu su funkcionalumu paver\u010dia j\u0105 nepakei\u010diamu elementu daugelyje kambari\u0173. Dviej\u0173 dur\u0173 spintos konstrukcija su baltu korpusu ir grafito priekiniais r\u0117mais suteikia interjerui [\u2026]<\/p>","protected":false},"featured_media":266071,"comment_status":"open","ping_status":"open","template":"","meta":[],"product_brand":[],"product_cat":[9200,1177],"product_tag":[],"class_list":{"0":"post-266070","1":"product","2":"type-product","3":"status-publish","4":"has-post-thumbnail","6":"product_cat-black-red-white","7":"product_cat-wardrobes","9":"first","10":"instock","11":"purchasable","12":"product-type-simple"},"_links":{"self":[{"href":"https:\/\/baldumarket.lt\/lt\/wp-json\/wp\/v2\/product\/266070","targetHints":{"allow":["GET"]}}],"collection":[{"href":"https:\/\/baldumarket.lt\/lt\/wp-json\/wp\/v2\/product"}],"about":[{"href":"https:\/\/baldumarket.lt\/lt\/wp-json\/wp\/v2\/types\/product"}],"replies":[{"embeddable":true,"href":"https:\/\/baldumarket.lt\/lt\/wp-json\/wp\/v2\/comments?post=266070"}],"wp:featuredmedia":[{"embeddable":true,"href":"https:\/\/baldumarket.lt\/lt\/wp-json\/wp\/v2\/media\/266071"}],"wp:attachment":[{"href":"https:\/\/baldumarket.lt\/lt\/wp-json\/wp\/v2\/media?parent=266070"}],"wp:term":[{"taxonomy":"product_brand","embeddable":true,"href":"https:\/\/baldumarket.lt\/lt\/wp-json\/wp\/v2\/product_brand?post=266070"},{"taxonomy":"product_cat","embeddable":true,"href":"https:\/\/baldumarket.lt\/lt\/wp-json\/wp\/v2\/product_cat?post=266070"},{"taxonomy":"product_tag","embeddable":true,"href":"https:\/\/baldumarket.lt\/lt\/wp-json\/wp\/v2\/product_tag?post=266070"}],"curies":[{"name":"wp","href":"https:\/\/api.w.org\/{rel}","templated":true}]}}