{"id":266067,"date":"2026-01-14T00:18:32","date_gmt":"2026-01-13T21:18:32","guid":{"rendered":"https:\/\/baldumarket.lt\/product\/szafa-dwudrzwiowa-flex-100-cm-bialy-2\/"},"modified":"2026-02-11T18:18:30","modified_gmt":"2026-02-11T15:18:30","slug":"szafa-dwudrzwiowa-flex-100-cm-bialy-2","status":"publish","type":"product","link":"https:\/\/baldumarket.lt\/lt\/product\/szafa-dwudrzwiowa-flex-100-cm-bialy-2\/","title":{"rendered":"FLEX dviej\u0173 dur\u0173 spinta, 100 cm, balta"},"content":{"rendered":"<p>\u201eFlex\u201c spinta \u2013 modernus daikt\u0173 laikymo sprendimas j\u016bs\u0173 interjerui. \u201eFlex\u201c spinta yra ne tik prakti\u0161kas baldas drabu\u017eiams ir kitiems daiktams laikyti, bet ir eleganti\u0161kas interjero dizaino elementas. Dviej\u0173 dur\u0173 dizainas, kurio matmenys 150 x 240 cm, puikiai tinka \u012fvairioms erdv\u0117ms \u2013 nuo prie\u0161kambario iki miegamojo ar darbo kambario. \u201eFlex\u201c spintos dizainas derina universalum\u0105 ir nepriekai\u0161ting\u0105 stili\u0173. Matin\u0117s baltos spalvos r\u0117mai ir \u012fr\u0117minti fasadai suteikia baldams gaivumo ir \u0161varos. Odin\u0117s rankenos suteikia originalumo, sukurdamos harmoning\u0105 visum\u0105. Spintos vidus apdailintas prakti\u0161ka pilka drobe, tod\u0117l ji atrodo esteti\u0161kai patraukli. \u201eFlex\u201c spinta si\u016blo daug vietos daiktams susid\u0117ti, tod\u0117l puikiai tinka kaip drabu\u017ei\u0173 ir aksesuar\u0173 organizatorius. Du b\u0117geliai leid\u017eia pakabinti mar\u0161kinius, palaidines, kelnes, \u0161varkus ar sukneles, tod\u0117l nereikia lyginti ir palaikyti tvark\u0105. Lentynos ir stal\u010diai leid\u017eia tvarkingai laikyti ma\u017eesnius daiktus, tokius kaip apatiniai drabu\u017eiai, kojin\u0117s, aksesuarai ir madingi aksesuarai. Trys erdv\u016bs stal\u010diai apatin\u0117je spintos dalyje yra prakti\u0161kas sprendimas, pastatyti ant \u0161velniai u\u017esidaran\u010di\u0173 ir visi\u0161kai i\u0161traukiam\u0173 b\u0117geli\u0173. Tai u\u017etikrina lengv\u0105 ir tyl\u0173 pri\u0117jim\u0105 prie laikom\u0173 daikt\u0173, tod\u0117l baldais naudotis itin patogu. Spinta \u201eFlex\u201c yra ne tik funkcionalus daikt\u0173 laikymo sprendimas, bet ir elementas, kuris suteiks tvarkos ir elegancijos bet kokiam interjerui. D\u0117l universalaus dizaino ji puikiai tiks bet kuriame kambaryje, net ir pa\u010diame ma\u017eiausiame, suteikdama harmonijos ir estetinio patrauklumo.<\/p>\n<p>Prek\u0117s kodas F57-SZAFA_ZESTAW_134-BI Simbolis ZM EAN Plotis 100 cm Gylis 66 cm Auk\u0161tis 240 cm Kolekcija \u201eFlex\u201c Spalva balta Atspalvis baltas Stilius modernus Med\u017eiaga laminatas Dureli\u0173 skai\u010dius 2 dur\u0173 Stal\u010di\u0173 skai\u010dius 3 stal\u010diai Rankena su ranken\u0117l\u0117mis Ap\u0161vietimas pasirenkamas Gamintojas Juoda Raudona Balta Baldo tipas Spintos PVM mokestis 23% EAN 5906123847766<\/p>","protected":false},"excerpt":{"rendered":"<p>\u201eFlex\u201c spinta \u2013 modernus daikt\u0173 laikymo sprendimas j\u016bs\u0173 interjerui. \u201eFlex\u201c spinta yra ne tik prakti\u0161kas baldas drabu\u017eiams ir kitiems daiktams laikyti, bet ir eleganti\u0161kas interjero dizaino elementas. D\u0117l dviej\u0173 dur\u0173 konstrukcijos, kurios matmenys \u2013 150 x 240 cm, ji puikiai tinka \u012fvairioms erdv\u0117ms \u2013 nuo prie\u0161kambario [\u2026]<\/p>","protected":false},"featured_media":266068,"comment_status":"open","ping_status":"open","template":"","meta":[],"product_brand":[],"product_cat":[9200,1177],"product_tag":[],"class_list":{"0":"post-266067","1":"product","2":"type-product","3":"status-publish","4":"has-post-thumbnail","6":"product_cat-black-red-white","7":"product_cat-wardrobes","9":"first","10":"instock","11":"purchasable","12":"product-type-simple"},"_links":{"self":[{"href":"https:\/\/baldumarket.lt\/lt\/wp-json\/wp\/v2\/product\/266067","targetHints":{"allow":["GET"]}}],"collection":[{"href":"https:\/\/baldumarket.lt\/lt\/wp-json\/wp\/v2\/product"}],"about":[{"href":"https:\/\/baldumarket.lt\/lt\/wp-json\/wp\/v2\/types\/product"}],"replies":[{"embeddable":true,"href":"https:\/\/baldumarket.lt\/lt\/wp-json\/wp\/v2\/comments?post=266067"}],"wp:featuredmedia":[{"embeddable":true,"href":"https:\/\/baldumarket.lt\/lt\/wp-json\/wp\/v2\/media\/266068"}],"wp:attachment":[{"href":"https:\/\/baldumarket.lt\/lt\/wp-json\/wp\/v2\/media?parent=266067"}],"wp:term":[{"taxonomy":"product_brand","embeddable":true,"href":"https:\/\/baldumarket.lt\/lt\/wp-json\/wp\/v2\/product_brand?post=266067"},{"taxonomy":"product_cat","embeddable":true,"href":"https:\/\/baldumarket.lt\/lt\/wp-json\/wp\/v2\/product_cat?post=266067"},{"taxonomy":"product_tag","embeddable":true,"href":"https:\/\/baldumarket.lt\/lt\/wp-json\/wp\/v2\/product_tag?post=266067"}],"curies":[{"name":"wp","href":"https:\/\/api.w.org\/{rel}","templated":true}]}}