{"id":266064,"date":"2026-01-14T00:18:30","date_gmt":"2026-01-13T21:18:30","guid":{"rendered":"https:\/\/baldumarket.lt\/product\/szafa-dwudrzwiowa-flex-100-cm-bialy\/"},"modified":"2026-02-11T18:18:30","modified_gmt":"2026-02-11T15:18:30","slug":"szafa-dwudrzwiowa-flex-100-cm-bialy","status":"publish","type":"product","link":"https:\/\/baldumarket.lt\/lt\/product\/szafa-dwudrzwiowa-flex-100-cm-bialy\/","title":{"rendered":"FLEX dviej\u0173 dur\u0173 spinta, 100 cm, balta"},"content":{"rendered":"<p>\u201eFlex\u201c spinta \u2013 kompakti\u0161ka elegancija ir funkcionalumas. Ie\u0161kote ma\u017eos, bet funkcionalios spintos, kuri pad\u0117t\u0173 palaikyti tvark\u0105 miegamajame, prie\u0161kambaryje ar spintoje? \u201eFlex\u201c spinta, kurios matmenys \u2013 100 x 240 x 45 cm, yra puikus sprendimas, derinantis kompakti\u0161kus matmenis ir daug vietos daiktams susid\u0117ti. Esteti\u0161kas baltos spalvos spintos dizainas pasi\u017eymi \u012fr\u0117mintais fasadais ir paprastomis, kontrastingomis rankenomis, suteikian\u010diomis interjerui gaivumo ir elegancijos poj\u016bt\u012f. \u201eFlex\u201c spintos vidus sukurtas atsi\u017evelgiant \u012f funkcionalum\u0105. Du drabu\u017ei\u0173 kabliai vir\u0161uje leid\u017eia patogiai pakabinti drabu\u017eius, i\u0161vengiant rauk\u0161li\u0173 ir lyginimo poreikio. Trys \u0161velniai u\u017esidarantys stal\u010diai apa\u010dioje de\u0161in\u0117je idealiai tinka apatiniams drabu\u017eiams, kojin\u0117ms ir aksesuarams laikyti. Vir\u0161utin\u0117je spintos dalyje yra keturios erdvios lentynos, puikiai tinkan\u010dios patalynei, rank\u0161luos\u010diams ar re\u010diau d\u0117v\u0117tiems drabu\u017eiams laikyti. Tai taip pat ideali vieta d\u0117\u017e\u0117ms ar konteineriams su \u012fvairiais daiktais. Spintos vidus kartu su aksesuarais apdailintas prakti\u0161ka pilka drobe, suteikian\u010dia visam baldui modernumo. \u201eFlex\u201c spinta puikiai tinka ma\u017eoms erdv\u0117ms, pad\u0117dama maksimaliai i\u0161naudoti turim\u0105 erdv\u0119. \u0160is kompakti\u0161kas sprendimas sujungia elegancij\u0105 ir funkcionalum\u0105, puikiai papildydamas modern\u0173 ir stiling\u0105 interjer\u0105.<\/p>\n<p>Prek\u0117s kodas F57-SZAFA_ZESTAW_123-BI Simbolis ZM EAN Plotis 100 cm Gylis 45 cm Auk\u0161tis 240 cm Kolekcija \u201eFlex\u201c Spalva balta Atspalvis baltas Stilius modernus Med\u017eiaga laminatas Dureli\u0173 skai\u010dius 2 dur\u0173 Stal\u010di\u0173 skai\u010dius 3 stal\u010diai Rankena su ranken\u0117l\u0117mis Ap\u0161vietimas pasirenkamas Gamintojas Juoda Raudona Balta Baldo tipas Spintos PVM mokestis 23% EAN 5906123847612<\/p>","protected":false},"excerpt":{"rendered":"<p>\u201eFlex\u201c spinta \u2013 kompakti\u0161ka elegancija ir funkcionalumas. Ie\u0161kote ma\u017eos, bet funkcionalios spintos, kuri pad\u0117t\u0173 tvarkingai laikyti miegam\u0105j\u012f, prie\u0161kambar\u012f ar spint\u0105? \u201eFlex\u201c spinta, kurios matmenys 100 x 240 x 45 cm, yra puikus sprendimas, derinantis kompakti\u0161kus matmenis ir daug vietos daiktams susid\u0117ti. Esteti\u0161ko dizaino, baltos spalvos spinta pasi\u017eymi r\u0117meliais [\u2026]<\/p>","protected":false},"featured_media":266065,"comment_status":"open","ping_status":"open","template":"","meta":[],"product_brand":[],"product_cat":[9200,1177],"product_tag":[],"class_list":{"0":"post-266064","1":"product","2":"type-product","3":"status-publish","4":"has-post-thumbnail","6":"product_cat-black-red-white","7":"product_cat-wardrobes","9":"first","10":"instock","11":"purchasable","12":"product-type-simple"},"_links":{"self":[{"href":"https:\/\/baldumarket.lt\/lt\/wp-json\/wp\/v2\/product\/266064","targetHints":{"allow":["GET"]}}],"collection":[{"href":"https:\/\/baldumarket.lt\/lt\/wp-json\/wp\/v2\/product"}],"about":[{"href":"https:\/\/baldumarket.lt\/lt\/wp-json\/wp\/v2\/types\/product"}],"replies":[{"embeddable":true,"href":"https:\/\/baldumarket.lt\/lt\/wp-json\/wp\/v2\/comments?post=266064"}],"wp:featuredmedia":[{"embeddable":true,"href":"https:\/\/baldumarket.lt\/lt\/wp-json\/wp\/v2\/media\/266065"}],"wp:attachment":[{"href":"https:\/\/baldumarket.lt\/lt\/wp-json\/wp\/v2\/media?parent=266064"}],"wp:term":[{"taxonomy":"product_brand","embeddable":true,"href":"https:\/\/baldumarket.lt\/lt\/wp-json\/wp\/v2\/product_brand?post=266064"},{"taxonomy":"product_cat","embeddable":true,"href":"https:\/\/baldumarket.lt\/lt\/wp-json\/wp\/v2\/product_cat?post=266064"},{"taxonomy":"product_tag","embeddable":true,"href":"https:\/\/baldumarket.lt\/lt\/wp-json\/wp\/v2\/product_tag?post=266064"}],"curies":[{"name":"wp","href":"https:\/\/api.w.org\/{rel}","templated":true}]}}