{"id":266048,"date":"2026-01-14T00:18:16","date_gmt":"2026-01-13T21:18:16","guid":{"rendered":"https:\/\/baldumarket.lt\/product\/szafa-dwudrzwiowa-casao-bialy-textil\/"},"modified":"2026-02-11T18:18:30","modified_gmt":"2026-02-11T15:18:30","slug":"szafa-dwudrzwiowa-casao-bialy-textil","status":"publish","type":"product","link":"https:\/\/baldumarket.lt\/lt\/product\/szafa-dwudrzwiowa-casao-bialy-textil\/","title":{"rendered":"CASAO dviej\u0173 dur\u0173 spinta, balta\/tekstil\u0117"},"content":{"rendered":"<p>\u201eCasao\u201c spinta \u2013 stilius ir tvarka viename. Balta \u201eCasao\u201c spinta yra ne tik baldas; tai elegancija ir prakti\u0161kumas viename. Jei tvarka ir stilius j\u016bs\u0173 namuose yra svarbiausi, \u0161i spinta yra puikus sprendimas. Ji patenkins j\u016bs\u0173 daikt\u0173 laikymo poreikius ir suteiks ry\u0161k\u0173 akcent\u0105 bet kuriam kambariui. 91 x 197 x 54 cm matmenys suteikia \u201eCasao\u201c spintai puiki\u0105 i\u0161vaizd\u0105 net ir ma\u017eose erdv\u0117se, tokiose kaip miegamasis, pal\u0117p\u0117 ar prie\u0161kambaris. Gerai apgalvotas vidinis i\u0161d\u0117stymas u\u017etikrina maksimal\u0173 turimos erdv\u0117s i\u0161naudojim\u0105. Kair\u0117je spintos pus\u0117je rasite patog\u0173 pakabinimo b\u0117gel\u012f, puikiai tinkant\u012f mar\u0161kiniams, keln\u0117ms ar striuk\u0117ms pakabinti. Tai rei\u0161kia, kad jums nebereikia r\u016bpintis d\u0117l rauk\u0161li\u0173 \u2013 dabar viskas turi savo viet\u0105. De\u0161in\u0117je pus\u0117je yra lentynos, puikiai tinkan\u010dios apatiniams drabu\u017eiams, kojin\u0117ms ir kitiems drabu\u017eiams, kuri\u0173 nereikia kabinti, laikyti. Apatin\u0117 lentyna puikiai tinka batams ar kuprinei laikyti, o vir\u0161utin\u0117se lentynose \u2013 rank\u0161luos\u010diams, patalynei ir antklod\u0117ms. \u201eCasao\u201c spinta stebina ne tik savo funkcionalumu, bet ir \u017eavi dizainu, kuris padeda sutvarkyti bet kok\u012f kambar\u012f. Ergonomi\u0161kos pilkos rankenos u\u017etikrina patog\u0173 naudojim\u0105. \u201eCasao\u201c dviej\u0173 dur\u0173 spinta pateisins j\u016bs\u0173 l\u016bkes\u010dius, derindama puik\u0173 dizain\u0105 su prakti\u0161kais sprendimais. Tai ne tik spinta; tai elementas, kuris sustiprins j\u016bs\u0173 interjero harmonij\u0105.<\/p>\n<p>Prek\u0117s kodas F79-SZF2D-BI\/TX Simbolis ZM EAN Plotis 91 cm Gylis 54 cm Auk\u0161tis 197 cm Kolekcija Casao Spalva balta\/tekstil\u0117 Baltas atspalvis Stilius modernus Med\u017eiaga laminatas Dureli\u0173 skai\u010dius 2 dur\u0173 Stal\u010di\u0173 skai\u010dius be stal\u010di\u0173 Rankena su rankenomis Gamintojas Juoda Raudona Balta Baldo tipas Spintos PVM 23% EAN 5906123851145<\/p>","protected":false},"excerpt":{"rendered":"<p>\u201eCasao\u201c spinta \u2013 stilius ir tvarka viename. Balta \u201eCasao\u201c spinta yra ne tik baldas; tai elegancija ir prakti\u0161kumas viename. Jei tvarka ir stilius j\u016bs\u0173 namuose jums yra svarbiausia, \u0161i spinta yra puikus sprendimas. Ji patenkins j\u016bs\u0173 daikt\u0173 laikymo poreikius ir kartu suteiks ry\u0161k\u0173 akcent\u0105 [\u2026]<\/p>","protected":false},"featured_media":266049,"comment_status":"open","ping_status":"open","template":"","meta":[],"product_brand":[],"product_cat":[9200,1177],"product_tag":[],"class_list":{"0":"post-266048","1":"product","2":"type-product","3":"status-publish","4":"has-post-thumbnail","6":"product_cat-black-red-white","7":"product_cat-wardrobes","9":"first","10":"instock","11":"purchasable","12":"product-type-simple"},"_links":{"self":[{"href":"https:\/\/baldumarket.lt\/lt\/wp-json\/wp\/v2\/product\/266048","targetHints":{"allow":["GET"]}}],"collection":[{"href":"https:\/\/baldumarket.lt\/lt\/wp-json\/wp\/v2\/product"}],"about":[{"href":"https:\/\/baldumarket.lt\/lt\/wp-json\/wp\/v2\/types\/product"}],"replies":[{"embeddable":true,"href":"https:\/\/baldumarket.lt\/lt\/wp-json\/wp\/v2\/comments?post=266048"}],"wp:featuredmedia":[{"embeddable":true,"href":"https:\/\/baldumarket.lt\/lt\/wp-json\/wp\/v2\/media\/266049"}],"wp:attachment":[{"href":"https:\/\/baldumarket.lt\/lt\/wp-json\/wp\/v2\/media?parent=266048"}],"wp:term":[{"taxonomy":"product_brand","embeddable":true,"href":"https:\/\/baldumarket.lt\/lt\/wp-json\/wp\/v2\/product_brand?post=266048"},{"taxonomy":"product_cat","embeddable":true,"href":"https:\/\/baldumarket.lt\/lt\/wp-json\/wp\/v2\/product_cat?post=266048"},{"taxonomy":"product_tag","embeddable":true,"href":"https:\/\/baldumarket.lt\/lt\/wp-json\/wp\/v2\/product_tag?post=266048"}],"curies":[{"name":"wp","href":"https:\/\/api.w.org\/{rel}","templated":true}]}}