{"id":266032,"date":"2026-01-14T00:18:03","date_gmt":"2026-01-13T21:18:03","guid":{"rendered":"https:\/\/baldumarket.lt\/product\/szafa-dwudrzwiowa-balin-98-cm-dab-monastery\/"},"modified":"2026-02-11T18:18:30","modified_gmt":"2026-02-11T15:18:30","slug":"szafa-dwudrzwiowa-balin-98-cm-dab-monastery","status":"publish","type":"product","link":"https:\/\/baldumarket.lt\/lt\/product\/szafa-dwudrzwiowa-balin-98-cm-dab-monastery\/","title":{"rendered":"BALIN dviej\u0173 dur\u0173 spinta, 98 cm, vienuolyno \u0105\u017euolas"},"content":{"rendered":"<p>\u201eBalin\u201c spinta \u2013 j\u016bs\u0173 vieta madai. \u201eBalin\u201c kolekcija i\u0161siskiria paprasta forma ir unikaliomis spalvomis, tod\u0117l tai puikus pasirinkimas tiek mados myl\u0117tojams, tiek interjero dizaino entuziastams. \u201eBalin\u201c spinta \u2013 tai baldas, kuris ne tik suteikia vietos drabu\u017eiams laikyti, bet ir suteikia interjerui stiliaus bei elegancijos. Dvidur\u0117 \u201eBalin\u201c spinta \u2013 puikus sprendimas tiems, kuriems reikia vietos \u012fvairiems drabu\u017eiams laikyti. Spintoje yra prakti\u0161ka vir\u0161utin\u0117 lentyna \u0161iltiems megztiniams, d\u017einsams ir kitiems daiktams, taip pat pakaba suknel\u0117ms, paltams ir vir\u0161utiniams drabu\u017eiams. \u0160i erdv\u0117 pad\u0117s jums palaikyti tvark\u0105 savo garderoboje. \u201eBalin\u201c spinta i\u0161siskiria unikaliu juodo \u0105\u017euolo fasad\u0173 ir vienuolyno \u0105\u017euolo korpuso spalv\u0173 deriniu. \u0160is spalv\u0173 derinys i\u0161ry\u0161kina matom\u0105 nat\u016bralios medienos tekst\u016br\u0105 ir suteikia spintai unikalaus charakterio. Tvirti, pastorinti spintos \u0161onai suteikia ry\u0161k\u0173 \u012fr\u0117minim\u0105 lygiems, subtiliems fasadams. \u0160is tekst\u016bros kontrastas suteikia baldui gylio ir estetinio patrauklumo. \u0160velniai u\u017esidarantys vyriai leid\u017eia patogiai naudotis \u201eBalin\u201c spinta. Fasadai u\u017esidaro \u0161velniai ir tyliai, tod\u0117l miegamajame sukuriama rami aplinka. Galimyb\u0117 derinti \u012fvairius \u201eBalin\u201c kolekcijos modulius suteikia visi\u0161k\u0105 laisv\u0119 \u012frengiant miegam\u0105j\u012f. Spint\u0105 galite derinti su kitais elementais, tokiais kaip komodos, lentynos, lovos ir daugeliu kit\u0173, taip sukurdami darni\u0105 ir ergonomi\u0161k\u0105 miegamojo erdv\u0119. Trumpai tariant, \u201eBalin\u201c spinta yra ne tik baldas drabu\u017eiams laikyti, bet ir stilingas dekoratyvinis elementas, kuris suteiks j\u016bs\u0173 miegamajam elegancijos ir charakterio. D\u0117l savo funkcionalumo, dizaino ir unikalios spalv\u0173 gamos galite sukurti tobul\u0105 erdv\u0119 savo drabu\u017ei\u0173 laikymui ir poilsiui. Rinkit\u0117s \u201eBalin\u201c spint\u0105, kad gal\u0117tum\u0117te m\u0117gautis stiliumi ir funkcionalumu viename.<\/p>\n<p>Prek\u0117s kodas S365-SZF2D-DMON Simbolis ZM EAN Plotis 98 cm Gylis 55 cm Auk\u0161tis 195 cm Kolekcija Balin Spalva vienuolyno \u0105\u017euolas Atspalvis tamsi mediena Stilius modernus Med\u017eiaga laminatas Dur\u0173 skai\u010dius 2 dur\u0173 Stal\u010di\u0173 skai\u010dius be stal\u010di\u0173 Rankena su rankenomis Gamintojas Juoda Raudona Balta Baldo tipas Spintos PVM mokestis 23% EAN 5906123927741<\/p>","protected":false},"excerpt":{"rendered":"<p>\u201eBalin\u201c drabu\u017ein\u0117 \u2013 j\u016bs\u0173 mados vieta. \u201eBalin\u201c kolekcija i\u0161siskiria paprasta forma ir unikaliomis spalvomis, tod\u0117l tai puikus pasirinkimas tiek mados myl\u0117tojams, tiek interjero dizaino entuziastams. \u201eBalin\u201c drabu\u017ein\u0117 \u2013 tai baldas, kuris ne tik suteikia vietos drabu\u017eiams laikyti, bet ir suteikia stiliaus bei elegancijos [\u2026]<\/p>","protected":false},"featured_media":266033,"comment_status":"open","ping_status":"open","template":"","meta":[],"product_brand":[],"product_cat":[9200,1177],"product_tag":[],"class_list":{"0":"post-266032","1":"product","2":"type-product","3":"status-publish","4":"has-post-thumbnail","6":"product_cat-black-red-white","7":"product_cat-wardrobes","9":"first","10":"instock","11":"purchasable","12":"product-type-simple"},"_links":{"self":[{"href":"https:\/\/baldumarket.lt\/lt\/wp-json\/wp\/v2\/product\/266032","targetHints":{"allow":["GET"]}}],"collection":[{"href":"https:\/\/baldumarket.lt\/lt\/wp-json\/wp\/v2\/product"}],"about":[{"href":"https:\/\/baldumarket.lt\/lt\/wp-json\/wp\/v2\/types\/product"}],"replies":[{"embeddable":true,"href":"https:\/\/baldumarket.lt\/lt\/wp-json\/wp\/v2\/comments?post=266032"}],"wp:featuredmedia":[{"embeddable":true,"href":"https:\/\/baldumarket.lt\/lt\/wp-json\/wp\/v2\/media\/266033"}],"wp:attachment":[{"href":"https:\/\/baldumarket.lt\/lt\/wp-json\/wp\/v2\/media?parent=266032"}],"wp:term":[{"taxonomy":"product_brand","embeddable":true,"href":"https:\/\/baldumarket.lt\/lt\/wp-json\/wp\/v2\/product_brand?post=266032"},{"taxonomy":"product_cat","embeddable":true,"href":"https:\/\/baldumarket.lt\/lt\/wp-json\/wp\/v2\/product_cat?post=266032"},{"taxonomy":"product_tag","embeddable":true,"href":"https:\/\/baldumarket.lt\/lt\/wp-json\/wp\/v2\/product_tag?post=266032"}],"curies":[{"name":"wp","href":"https:\/\/api.w.org\/{rel}","templated":true}]}}