{"id":266024,"date":"2026-01-14T00:17:56","date_gmt":"2026-01-13T21:17:56","guid":{"rendered":"https:\/\/baldumarket.lt\/product\/szafa-dwudrzwiowa-balder-90-cm-dab-riviera-bialy-polysk\/"},"modified":"2026-02-11T18:18:30","modified_gmt":"2026-02-11T15:18:30","slug":"szafa-dwudrzwiowa-balder-90-cm-dab-riviera-bialy-polysk","status":"publish","type":"product","link":"https:\/\/baldumarket.lt\/lt\/product\/szafa-dwudrzwiowa-balder-90-cm-dab-riviera-bialy-polysk\/","title":{"rendered":"BALDER dviej\u0173 dur\u0173 spinta 90 cm Riviera \u0105\u017euolas\/blizgi balta spalva"},"content":{"rendered":"<p>\u201eBalder\u201c spinta\u201eBalder\u201c spinta \u2013 puikus sprendimas tiems, kurie vertina paprastum\u0105 ir modern\u0173 dizain\u0105 savo interjere. \u201eBalder\u201c spinta puikiai tinka tiek miegamajam, tiek persirengimo kambariui, nes joje yra daug vietos drabu\u017eiams susid\u0117ti. \u012erengta prakti\u0161ka lentyna ir pakaba, ji palengvina \u012fvairi\u0173 garderobo daikt\u0173 organizavim\u0105 ir laikym\u0105. \u201eBalder\u201c bald\u0173 geometrin\u0119 form\u0105 ir modern\u0173 dizain\u0105 pabr\u0117\u017eia pastorintos korpuso lentos, suteikian\u010dios jiems unikal\u0173 charakter\u012f. \u0160ilto \u201eRiviera\u201c \u0105\u017euolo atspalvio ir neutralaus balto blizgesio derinys suteikia universal\u0173 pagrind\u0105, idealiai tinkant\u012f \u012fvairiems interjero dekoravimams ir stiliams. Firminiai aksesuarai ir paprastos rankenos u\u017etikrina patog\u0173 naudojim\u0105 ir padidina \u201eBalder\u201c bald\u0173 estetin\u0119 vert\u0119. Derindami dviej\u0173 dur\u0173 \u201eBalder\u201c spint\u0105 su kitais kolekcijos elementais, galite sukurti darn\u0173 svetain\u0117s, miegamojo ar jaunimo kambario interjero dizain\u0105. \u012evairi\u0173 moduli\u0173 gausa leid\u017eia lanks\u010diai \u012frengti erdv\u0119, pritaikant j\u0105 prie savo pageidavim\u0173.<\/p>\n<p>Prek\u0117s kodas S382-SZF2D-DRI\/BIP Simbolis ZM EAN Plotis 90 cm Gylis 51,5 cm Auk\u0161tis 192 cm Kolekcija Balder Spalva Rivjeros \u0105\u017euolas\/blizgi balta Atspalvis \u0161viesus medis Stilius modernus Med\u017eiaga laminatas Dureli\u0173 skai\u010dius 2 dur\u0173 Stal\u010di\u0173 skai\u010dius be stal\u010di\u0173 Rankena su rankenomis Gamintojas Juoda Raudona Balta Baldo tipas Spintos PVM 23% EAN 5906123928311<\/p>","protected":false},"excerpt":{"rendered":"<p>Balder WardrobeThe Balder wardrobe is the perfect solution for those who value simplicity and modern design in their interior design. The Balder wardrobe is perfect for both the bedroom and the dressing room, offering ample storage space for clothes. Equipped with a practical shelf and a hanging rail, it facilitates the organization and storage of [&hellip;]<\/p>","protected":false},"featured_media":266025,"comment_status":"open","ping_status":"open","template":"","meta":[],"product_brand":[],"product_cat":[9200,1177],"product_tag":[],"class_list":{"0":"post-266024","1":"product","2":"type-product","3":"status-publish","4":"has-post-thumbnail","6":"product_cat-black-red-white","7":"product_cat-wardrobes","9":"first","10":"instock","11":"purchasable","12":"product-type-simple"},"_links":{"self":[{"href":"https:\/\/baldumarket.lt\/lt\/wp-json\/wp\/v2\/product\/266024","targetHints":{"allow":["GET"]}}],"collection":[{"href":"https:\/\/baldumarket.lt\/lt\/wp-json\/wp\/v2\/product"}],"about":[{"href":"https:\/\/baldumarket.lt\/lt\/wp-json\/wp\/v2\/types\/product"}],"replies":[{"embeddable":true,"href":"https:\/\/baldumarket.lt\/lt\/wp-json\/wp\/v2\/comments?post=266024"}],"wp:featuredmedia":[{"embeddable":true,"href":"https:\/\/baldumarket.lt\/lt\/wp-json\/wp\/v2\/media\/266025"}],"wp:attachment":[{"href":"https:\/\/baldumarket.lt\/lt\/wp-json\/wp\/v2\/media?parent=266024"}],"wp:term":[{"taxonomy":"product_brand","embeddable":true,"href":"https:\/\/baldumarket.lt\/lt\/wp-json\/wp\/v2\/product_brand?post=266024"},{"taxonomy":"product_cat","embeddable":true,"href":"https:\/\/baldumarket.lt\/lt\/wp-json\/wp\/v2\/product_cat?post=266024"},{"taxonomy":"product_tag","embeddable":true,"href":"https:\/\/baldumarket.lt\/lt\/wp-json\/wp\/v2\/product_tag?post=266024"}],"curies":[{"name":"wp","href":"https:\/\/api.w.org\/{rel}","templated":true}]}}