{"id":266016,"date":"2026-01-14T00:17:50","date_gmt":"2026-01-13T21:17:50","guid":{"rendered":"https:\/\/baldumarket.lt\/product\/szafa-dwudrzwiowa-azteca-trio-105-cm-bialy-bialy-polysk\/"},"modified":"2026-02-11T18:18:30","modified_gmt":"2026-02-11T15:18:30","slug":"szafa-dwudrzwiowa-azteca-trio-105-cm-bialy-bialy-polysk","status":"publish","type":"product","link":"https:\/\/baldumarket.lt\/lt\/product\/szafa-dwudrzwiowa-azteca-trio-105-cm-bialy-bialy-polysk\/","title":{"rendered":"AZTECA TRIO dviej\u0173 dur\u0173 spinta, 105 cm, balta\/blizgi balta"},"content":{"rendered":"<p>\u201eAzteca Trio\u201c spinta \u2013 puikus sprendimas j\u016bs\u0173 erdvei. Ie\u0161kote modernaus daiktad\u0117\u017e\u0117s bloko, kuris ne tik atlikt\u0173 savo paskirt\u012f, bet ir suteikt\u0173 j\u016bs\u0173 interjerui charakterio? \u201eAzteca Trio\u201c kolekcija \u2013 tai atsakymas \u012f j\u016bs\u0173 poreikius. Nuostab\u016bs u\u017eapvalinti kra\u0161tai ir dekoratyvin\u0117 juostel\u0117 \u2013 tai tik keletas savybi\u0173, d\u0117l kuri\u0173 \u0161i spinta yra ne tik prakti\u0161ka, bet ir stilinga. Nesvarbu, ar jums reikia papildomos vietos koridoriuje, persirengimo kambaryje, ar miegamajame, \u201eAzteca Trio\u201c spinta pateisins j\u016bs\u0173 l\u016bkes\u010dius. Erdvus dizainas pasi\u017eymi pakaba ir vir\u0161utine lentyna, tod\u0117l ji idealiai tinka drabu\u017eiams ir aksesuarams laikyti. Be to, didel\u0117 erdv\u0117 spintos apa\u010dioje puikiai tinka lagaminams, d\u0117\u017e\u0117ms ar kitiems smulkiems daiktams, kuriuos norite sutvarkyti, laikyti. Dviej\u0173 dur\u0173 \u201eAzteca Trio\u201c spinta yra keli\u0173 patraukli\u0173 spalv\u0173, tod\u0117l galite j\u0105 priderinti prie savo interjero. Galimi spalv\u0173 variantai: balta \/ blizgi balta. Ta\u010diau galimyb\u0117s tuo nesibaigia! Taip pat galite pasirinkti dekoratyvin\u0119 juostel\u0119, kuri gali papildyti arba kontrastuoti su spintos spalva. Pasirink\u0119 blizgi\u0105 balt\u0105, blizgi\u0105 juod\u0105 arba \u0105\u017euolo \u201ewenge magia\u201c, galite sukurti bald\u0105, kuris puikiai papildys j\u016bs\u0173 erdv\u0117s estetik\u0105. \u201eAzteca Trio\u201c spinta turi \u0161velnaus u\u017edarymo vyrius, leid\u017eian\u010dius fasadams beveik tyliai susijungti su r\u0117mu. Tai rei\u0161kia, kad atidarant ar u\u017edarant spint\u0105 nereikia jaudintis d\u0117l triuk\u0161mo, o tai ypa\u010d svarbu miegamuosiuose ar persirengimo kambariuose. \u201eAzteca Trio\u201c kolekcija neapsiriboja vien spinta. J\u0105 galite derinti su kitais tos pa\u010dios kolekcijos baldais, sukurdami darni\u0105 daikt\u0173 saugojimo erdv\u0119. Be to, kiekvienas \u0161ios serijos baldas turi dvi dekoratyvines juosteles: vien\u0105 dvipus\u0119 (blizgi balta \/ blizgi juoda) ir vien\u0105 vienpus\u0119 (wenge magia). Tai rei\u0161kia, kad turite visi\u0161k\u0105 laisv\u0119 suasmeninti ir pritaikyti baldus pagal savo skon\u012f. \u201eAzteca Trio\u201c spinta yra puikus sprendimas tiems, kurie ie\u0161ko funkcionalumo ir estetikos viename balde. Eleganti\u0161kas dizainas, platus spalv\u0173 pasirinkimas ir galimyb\u0117 der\u0117ti su kitais kolekcijos baldais paver\u010dia \u0161i\u0105 spint\u0105 baldu, kuris neabejotinai pakeis j\u016bs\u0173 erdv\u0119. Ji palengvins ir padarys malonesn\u012f drabu\u017ei\u0173 ir aksesuar\u0173 laikym\u0105, suteiks j\u016bs\u0173 namams nauj\u0105 charakter\u012f. \u201eAzteca Trio\u201c spinta yra daugiau nei baldas; tai tikra investicija \u012f j\u016bs\u0173 interjero komfort\u0105 ir stili\u0173.<\/p>\n<p>Prek\u0117s kodas S504-SZF2D\/19\/11-BI\/BIP Simbolis ZM EAN Plotis 105 cm Gylis 57 cm Auk\u0161tis 193 cm Kolekcija Azteca Trio Spalva balta\/blizgi balta Atspalvis baltas Stilius modernus Dur\u0173 skai\u010dius 2 dur\u0173 Stal\u010di\u0173 skai\u010dius be stal\u010di\u0173 Rankena be ranken\u0117li\u0173 Gamintojas Juoda Raudona Balta Baldo tipas Spintos PVM 23% EAN 5906123714815<\/p>","protected":false},"excerpt":{"rendered":"<p>The Azteca Trio Wardrobe \u2013 the perfect solution for your space. Looking for a modern storage unit that not only serves its purpose but also adds character to your interior? The Azteca Trio collection is the answer to your needs. Stunning rounded edges and a decorative strip are just some of the features that make [&hellip;]<\/p>","protected":false},"featured_media":266017,"comment_status":"open","ping_status":"open","template":"","meta":[],"product_brand":[],"product_cat":[9200,1177],"product_tag":[],"class_list":{"0":"post-266016","1":"product","2":"type-product","3":"status-publish","4":"has-post-thumbnail","6":"product_cat-black-red-white","7":"product_cat-wardrobes","9":"first","10":"instock","11":"purchasable","12":"product-type-simple"},"_links":{"self":[{"href":"https:\/\/baldumarket.lt\/lt\/wp-json\/wp\/v2\/product\/266016","targetHints":{"allow":["GET"]}}],"collection":[{"href":"https:\/\/baldumarket.lt\/lt\/wp-json\/wp\/v2\/product"}],"about":[{"href":"https:\/\/baldumarket.lt\/lt\/wp-json\/wp\/v2\/types\/product"}],"replies":[{"embeddable":true,"href":"https:\/\/baldumarket.lt\/lt\/wp-json\/wp\/v2\/comments?post=266016"}],"wp:featuredmedia":[{"embeddable":true,"href":"https:\/\/baldumarket.lt\/lt\/wp-json\/wp\/v2\/media\/266017"}],"wp:attachment":[{"href":"https:\/\/baldumarket.lt\/lt\/wp-json\/wp\/v2\/media?parent=266016"}],"wp:term":[{"taxonomy":"product_brand","embeddable":true,"href":"https:\/\/baldumarket.lt\/lt\/wp-json\/wp\/v2\/product_brand?post=266016"},{"taxonomy":"product_cat","embeddable":true,"href":"https:\/\/baldumarket.lt\/lt\/wp-json\/wp\/v2\/product_cat?post=266016"},{"taxonomy":"product_tag","embeddable":true,"href":"https:\/\/baldumarket.lt\/lt\/wp-json\/wp\/v2\/product_tag?post=266016"}],"curies":[{"name":"wp","href":"https:\/\/api.w.org\/{rel}","templated":true}]}}