{"id":266012,"date":"2026-01-14T00:17:47","date_gmt":"2026-01-13T21:17:47","guid":{"rendered":"https:\/\/baldumarket.lt\/product\/szafa-dwudrziowa-z-szuflada-kassel-100-cm-dab-monastery-dab-czarny\/"},"modified":"2026-02-11T18:18:30","modified_gmt":"2026-02-11T15:18:30","slug":"szafa-dwudrziowa-z-szuflada-kassel-100-cm-dab-monastery-dab-czarny","status":"publish","type":"product","link":"https:\/\/baldumarket.lt\/lt\/product\/szafa-dwudrziowa-z-szuflada-kassel-100-cm-dab-monastery-dab-czarny\/","title":{"rendered":"Dvidur\u0117 spinta su stal\u010diumi KASSEL 100 cm, vienuolyno \u0105\u017euolas\/juodas \u0105\u017euolas"},"content":{"rendered":"<p>Kaselio spinta \u2013 harmoninga atmosfera ir tvarkingos erdv\u0117s. Kaselio spinta yra pagrindinis elementas, sukuriantis jauki\u0105 atmosfer\u0105 miegamajame. Be mink\u0161t\u0173 audini\u0173 ir prislopinto ap\u0161vietimo, svarb\u0173 vaidmen\u012f atlieka stilingi baldai. \u0160i spinta ne tik d\u017eiugina \u0161iltais tonais ir gra\u017eia med\u017eio tekst\u016bra, bet ir si\u016blo daug vietos daiktams susid\u0117ti, tod\u0117l galite sutvarkyti \u012fvairius daiktus ir sukurti harmoning\u0105 poilsio erdv\u0119.<br \/>\nSpintos vidus buvo sukurtas galvojant apie prakti\u0161k\u0105 spintos organizavim\u0105. Pakabinimo skersinis leid\u017eia i\u0161laikyti drabu\u017eius ar sukneles nepriekai\u0161tingos b\u016bkl\u0117s, pa\u0161alinant rizik\u0105 jas sutrai\u0161kyti. Be to, dvi lentynos idealiai tinka sulankstytiems drabu\u017eiams laikyti, o erdvus stal\u010dius spintos apa\u010dioje puikiai tinka apatiniams drabu\u017eiams ir aksesuarams laikyti.<br \/>\nUnikalus spintos dizainas kyla i\u0161 subalansuoto spalv\u0173 derinio, kuris ypa\u010d gerai dera prie modernaus ir lofto stiliaus interjero. \u0160iltas \u0105\u017euolo atspalvis puikiai dera su eleganti\u0161ka juodo \u0105\u017euolo spalva. Jei jums patinka \u0161i dviej\u0173 dur\u0173 spinta, galite i\u0161pl\u0117sti savo bald\u0173 kolekcij\u0105 kitais \u201eKassel\u201c linijos gaminiais, tokiais kaip lovomis, komodomis ir vitrinomis. Rinkit\u0117s baldus, kurie puikiai papildyt\u0173 j\u016bs\u0173 nam\u0173 charakter\u012f ir sukurt\u0173 nuostab\u0173 interjer\u0105.<\/p>\n<p>Prek\u0117s kodas S491-SZF2D1S-DMON\/DCA Simbolis ZM EAN Plotis 100 cm Gylis 55 cm Auk\u0161tis 195 cm Kolekcija Kassel Spalva vienuolyno \u0105\u017euolas\/juodas \u0105\u017euolas Atspalvis tamsi mediena Stilius modernus Med\u017eiaga laminatas Dur\u0173 skai\u010dius 2 dur\u0173 Stal\u010di\u0173 skai\u010dius 1 stal\u010dius Rankena su rankenomis Gamintojas Juoda Raudona Balta Baldo tipas Spintos PVM 23% EAN 5906123709644<\/p>","protected":false},"excerpt":{"rendered":"<p>The Kassel Wardrobe \u2013 A Harmonious Atmosphere and Organized Spaces. The Kassel Wardrobe is a key element in creating a cozy atmosphere in the bedroom. In addition to soft fabrics and subdued lighting, stylish furniture plays a key role. This wardrobe not only delights with its warm tones and beautiful wood grain, but also offers [&hellip;]<\/p>","protected":false},"featured_media":266013,"comment_status":"open","ping_status":"open","template":"","meta":[],"product_brand":[],"product_cat":[9200,1177],"product_tag":[],"class_list":{"0":"post-266012","1":"product","2":"type-product","3":"status-publish","4":"has-post-thumbnail","6":"product_cat-black-red-white","7":"product_cat-wardrobes","9":"first","10":"instock","11":"purchasable","12":"product-type-simple"},"_links":{"self":[{"href":"https:\/\/baldumarket.lt\/lt\/wp-json\/wp\/v2\/product\/266012","targetHints":{"allow":["GET"]}}],"collection":[{"href":"https:\/\/baldumarket.lt\/lt\/wp-json\/wp\/v2\/product"}],"about":[{"href":"https:\/\/baldumarket.lt\/lt\/wp-json\/wp\/v2\/types\/product"}],"replies":[{"embeddable":true,"href":"https:\/\/baldumarket.lt\/lt\/wp-json\/wp\/v2\/comments?post=266012"}],"wp:featuredmedia":[{"embeddable":true,"href":"https:\/\/baldumarket.lt\/lt\/wp-json\/wp\/v2\/media\/266013"}],"wp:attachment":[{"href":"https:\/\/baldumarket.lt\/lt\/wp-json\/wp\/v2\/media?parent=266012"}],"wp:term":[{"taxonomy":"product_brand","embeddable":true,"href":"https:\/\/baldumarket.lt\/lt\/wp-json\/wp\/v2\/product_brand?post=266012"},{"taxonomy":"product_cat","embeddable":true,"href":"https:\/\/baldumarket.lt\/lt\/wp-json\/wp\/v2\/product_cat?post=266012"},{"taxonomy":"product_tag","embeddable":true,"href":"https:\/\/baldumarket.lt\/lt\/wp-json\/wp\/v2\/product_tag?post=266012"}],"curies":[{"name":"wp","href":"https:\/\/api.w.org\/{rel}","templated":true}]}}